{"id":256,"date":"2026-02-06T08:25:16","date_gmt":"2026-02-06T08:25:16","guid":{"rendered":"https:\/\/esteocomunicafp.com\/esteocomunica25-26\/?page_id=256"},"modified":"2026-03-09T09:45:15","modified_gmt":"2026-03-09T09:45:15","slug":"medios","status":"publish","type":"page","link":"https:\/\/esteocomunicafp.com\/esteocomunica25-26\/medios\/","title":{"rendered":"Medios"},"content":{"rendered":"\t\t<div data-elementor-type=\"wp-page\" data-elementor-id=\"256\" class=\"elementor elementor-256\">\n\t\t\t\t<div class=\"elementor-element elementor-element-11b05e0 e-flex e-con-boxed e-con e-parent\" data-id=\"11b05e0\" data-element_type=\"container\" data-e-type=\"container\">\n\t\t\t\t\t<div class=\"e-con-inner\">\n\t\t\t\t<div class=\"elementor-element elementor-element-5e10c7c elementor-widget elementor-widget-html\" data-id=\"5e10c7c\" data-element_type=\"widget\" data-e-type=\"widget\" data-widget_type=\"html.default\">\n\t\t\t\t\t<section class=\"ec-media\">\r\n\r\n  <div class=\"ec-media__hero\">\r\n    <h1>Esteo Comunica en los medios<\/h1>\r\n    <p>Apariciones en prensa, radio y televisi\u00f3n donde se ha dado visibilidad a nuestro proyecto.<\/p>\r\n  <\/div>\r\n\r\n  <div class=\"ec-media__grid\">\r\n\r\n    <article class=\"ec-card\">\r\n      <div class=\"ec-card__top\">\r\n        <img decoding=\"async\" class=\"ec-card__logo\" src=\"https:\/\/via.placeholder.com\/160x60?text=LOGO+PRENSA\" alt=\"\">\r\n        <span class=\"ec-badge\">Prensa<\/span>\r\n      <\/div>\r\n      <h3 class=\"ec-card__title\">Aparici\u00f3n en prensa - Viva Radio<\/h3>\r\n      <div class=\"ec-card__meta\">\r\n        <span>\ud83d\udcc5 22\/01\/2026<\/span>\r\n        <span>\ud83d\udccd M\u00e1laga<\/span>\r\n      <\/div>\r\n      <p class=\"ec-card__text\">El alumnado del IES Miguel Romero Esteo impulsa campa\u00f1as solidarias reales a trav\u00e9s de Esteo Comunica<\/p>\r\n      <a class=\"ec-btn\" href=\"https:\/\/vivaradio.es\/el-alumnado-del-ies-miguel-romero-esteo-impulsa-campanas-solidarias-reales-a-traves-de-esteo-comunica\/\" target=\"_blank\" rel=\"noopener\">Ver publicaci\u00f3n<\/a>\r\n    <\/article>\r\n\r\n    <article class=\"ec-card\">\r\n      <div class=\"ec-card__top\">\r\n        <img decoding=\"async\" class=\"ec-card__logo\" src=\"https:\/\/via.placeholder.com\/160x60?text=LOGO+RADIO\" alt=\"\">\r\n        <span class=\"ec-badge\">Radio<\/span>\r\n      <\/div>\r\n      <h3 class=\"ec-card__title\">Entrevista en programa Canal Sur Mediod\u00eda<\/h3>\r\n      <div class=\"ec-card__meta\">\r\n        <span>\ud83d\udcc5 22\/01\/2026<\/span>\r\n        <span>\u23f1 Entrevista<\/span>\r\n      <\/div>\r\n      <p class=\"ec-card__text\">EL alumnado del IES Miguel Romero Esteo transforma el aula en una agencia simulada de comunicaci\u00f3n.<\/p>\r\n      <a class=\"ec-btn\" href=\"https:\/\/www.canva.com\/design\/DAG_N1k1FnE\/dMfBWjZQCRV-4we9rCakHQ\/edit?utm_content=DAG_N1k1FnE&amp;utm_campaign=designshare&amp;utm_medium=link2&amp;utm_source=sharebutton\" target=\"_blank\" rel=\"noopener\">Escuchar entrevista<\/a>\r\n    <\/article>\r\n\r\n    <article class=\"ec-card\">\r\n      <div class=\"ec-card__top\">\r\n        <img decoding=\"async\" class=\"ec-card__logo\" src=\"https:\/\/via.placeholder.com\/160x60?text=LOGO+TV\" alt=\"\">\r\n        <span class=\"ec-badge\">Televisi\u00f3n<\/span>\r\n      <\/div>\r\n      <h3 class=\"ec-card__title\">Entrevista en FTV - El Patio de Fuengirola<\/h3>\r\n      <div class=\"ec-card__meta\">\r\n        <span>\ud83d\udcc5 28\/01\/2026<\/span>\r\n        <span>\ud83c\udfa5 Programa en directo<\/span>\r\n      <\/div>\r\n      <p class=\"ec-card__text\">Alumnos de grado superior de marketing y publicidad ponen en marcha un proyecto solidario.<\/p>\r\n      <a class=\"ec-btn\" href=\"https:\/\/drive.google.com\/file\/d\/1K1zO-MJkJPf5yygPT7L-HS3rys379EPm\/view?usp=sharing\" target=\"_blank\" rel=\"noopener\">Ver v\u00eddeo<\/a>\r\n    <\/article>\r\n\r\n    <article class=\"ec-card\">\r\n      <div class=\"ec-card__top\">\r\n        <img decoding=\"async\" class=\"ec-card__logo\" src=\"https:\/\/via.placeholder.com\/160x60?text=LOGO+TV\" alt=\"\">\r\n        <span class=\"ec-badge\">Televisi\u00f3n<\/span>\r\n      <\/div>\r\n      <h3 class=\"ec-card__title\">Entrevista en FTV - Aula Fuengirola<\/h3>\r\n      <div class=\"ec-card__meta\">\r\n        <span>\ud83d\udcc5 11\/02\/2026<\/span>\r\n        <span>\ud83c\udfa5 Programa \/ Reportaje<\/span>\r\n      <\/div>\r\n      <p class=\"ec-card__text\"><b>Empieza en el minuto 6:52<\/b>. Un proyecto solidario del instituto de M\u00e1laga, Miguel Romero Esteo.<\/p>\r\n      <a class=\"ec-btn\" href=\"https:\/\/fuengirolatv.com\/a-la-carta\/aula-fuengirola\/aula-fuengirola-11-02-2026\/\" target=\"_blank\" rel=\"noopener\">Ver v\u00eddeo<\/a>\r\n    <\/article>\r\n\r\n    <article class=\"ec-card\">\r\n      <div class=\"ec-card__top\">\r\n        <img decoding=\"async\" class=\"ec-card__logo\" src=\"https:\/\/via.placeholder.com\/160x60?text=LOGO+RADIO\" alt=\"\">\r\n        <span class=\"ec-badge\">Radio<\/span>\r\n      <\/div>\r\n      <h3 class=\"ec-card__title\">Entrevista en Radio Color Comunitario<\/h3>\r\n      <div class=\"ec-card__meta\">\r\n        <span>\ud83d\udcc5 15\/02\/2026<\/span>\r\n        <span>\u23f1 Podcast \/ Directo<\/span>\r\n      <\/div>\r\n      <p class=\"ec-card__text\">\u201cEntre todos vestimos\u201d | Teatrapadas presenta Sujetas y El vac\u00edo del espejo.<\/p>\r\n      <a class=\"ec-btn\" href=\"https:\/\/www.youtube.com\/live\/WqiDLw5B5Pk?si=ol55DoJjen0MuDQj\" target=\"_blank\" rel=\"noopener\">Escuchar entrevista<\/a>\r\n    <\/article>\r\n\r\n    <article class=\"ec-card\">\r\n      <div class=\"ec-card__top\">\r\n        <img decoding=\"async\" class=\"ec-card__logo\" src=\"https:\/\/via.placeholder.com\/160x60?text=LOGO+PRENSA\" alt=\"\">\r\n        <span class=\"ec-badge\">Prensa<\/span>\r\n      <\/div>\r\n      <h3 class=\"ec-card__title\">Aparici\u00f3n en prensa - Global Radio FM<\/h3>\r\n      <div class=\"ec-card__meta\">\r\n        <span>\ud83d\udcc5 22\/01\/2026<\/span>\r\n        <span>\ud83d\udccd M\u00e1laga<\/span>\r\n      <\/div>\r\n      <p class=\"ec-card__text\">Together We\u2019re Dressed is a charity clothing drive organised by students at the IES Miguel Romero Esteo.<\/p>\r\n      <a class=\"ec-btn\" href=\"https:\/\/global.fm\/events\/together-were-dressed\/\" target=\"_blank\" rel=\"noopener\">Ver publicaci\u00f3n<\/a>\r\n    <\/article>\r\n\r\n    <article class=\"ec-card\">\r\n      <div class=\"ec-card__top\">\r\n        <span class=\"ec-badge\">Radio<\/span>\r\n      <\/div>\r\n      <h3 class=\"ec-card__title\">Aparici\u00f3n en radio - Global Radio FM<\/h3>\r\n      <div class=\"ec-card__meta\">\r\n        <span>\ud83d\udcc5 9\/02\/2026<\/span>\r\n        <span>\ud83d\udccd M\u00e1laga<\/span>\r\n      <\/div>\r\n      <p class=\"ec-card__text\">Cu\u00f1a en Global Radio FM sobre las campa\u00f1as realiz\u00e1ndose en el momento.<\/p>\r\n      <a class=\"ec-btn\" href=\"#\" target=\"_blank\" rel=\"noopener\">Escuchar cu\u00f1a<\/a>\r\n    <\/article>\r\n\r\n    <article class=\"ec-card\">\r\n      <div class=\"ec-card__top\">\r\n        <span class=\"ec-badge\">Internet<\/span>\r\n      <\/div>\r\n      <h3 class=\"ec-card__title\">Entrevista en directo - Diverxia Consulting<\/h3>\r\n      <div class=\"ec-card__meta\">\r\n        <span>\ud83d\udcc5 20\/02\/2026<\/span>\r\n        <span>\ud83c\udfa5 Entrevista <\/span>\r\n      <\/div>\r\n      <p class=\"ec-card__text\">Hablamos sobre como lleva a cabo Esteo Comunica su metodolog\u00eda en las aulas.<\/p>\r\n      <a class=\"ec-btn\" href=\"https:\/\/youtu.be\/p5XrsxeTMvc\" target=\"_blank\" rel=\"noopener\">Ver momento<\/a>\r\n    <\/article>\r\n\r\n    <article class=\"ec-card\">\r\n      <div class=\"ec-card__top\">\r\n        <span class=\"ec-badge\">Radio<\/span>\r\n      <\/div>\r\n      <h3 class=\"ec-card__title\">Aparici\u00f3n en Mijas TV<\/h3>\r\n      <div class=\"ec-card__meta\">\r\n        <span>\ud83d\udcc5 3\/02\/2026<\/span>\r\n        <span>\u23f1 Entrevista<\/span>\r\n      <\/div>\r\n      <p class=\"ec-card__text\">Entrevista en televisi\u00f3n sobre las campa\u00f1as que se est\u00e1n realizando, metodolog\u00eda y logros obtenidos.<\/p>\r\n      <a class=\"ec-btn\" href=\"https:\/\/www.youtube.com\/live\/5GkzRU8m4sg?si=IyzXBty5oBXuJDyB\" target=\"_blank\" rel=\"noopener\">Ver programa<\/a>\r\n    <\/article>\r\n\r\n    <article class=\"ec-card\">\r\n      <div class=\"ec-card__top\">\r\n        <span class=\"ec-badge\">Radio<\/span>\r\n      <\/div>\r\n      <h3 class=\"ec-card__title\">Aparici\u00f3n en Radio Yunquera<\/h3>\r\n      <div class=\"ec-card__meta\">\r\n        <span>\ud83d\udcc5 02\/03\/2026<\/span>\r\n        <span>\ud83d\udccd M\u00e1laga<\/span>\r\n      <\/div>\r\n      <p class=\"ec-card__text\">Cr\u00f3nica sobre las \u00faltimas campa\u00f1as que se est\u00e1n realizando y la metodolog\u00eda implementada.<\/p>\r\n      <a class=\"ec-btn\" href=\"https:\/\/www.radioweb.yunquera.es\/juventud-talento-y-corazon-el-ies-miguel-romero-esteo-impulsa-una-ola-de-solidaridad-en-malaga\/\" target=\"_blank\" rel=\"noopener\">Ver noticia<\/a>\r\n    <\/article>\r\n\r\n    <article class=\"ec-card\">\r\n      <div class=\"ec-card__top\">\r\n        <span class=\"ec-badge\">Radio<\/span>\r\n      <\/div>\r\n      <h3 class=\"ec-card__title\">Aparici\u00f3n en Radio Yunquera<\/h3>\r\n      <div class=\"ec-card__meta\">\r\n        <span>\ud83d\udcc5 02\/03\/2026<\/span>\r\n        <span>\ud83d\udccd M\u00e1laga<\/span>\r\n      <\/div>\r\n      <p class=\"ec-card__text\">Cr\u00f3nica sobre las \u00faltimas campa\u00f1as que se est\u00e1n realizando y la metodolog\u00eda implementada.<\/p>\r\n      <a class=\"ec-btn\" href=\"https:\/\/www.radioweb.yunquera.es\/juventud-talento-y-corazon-el-ies-miguel-romero-esteo-impulsa-una-ola-de-solidaridad-en-malaga\/\" target=\"_blank\" rel=\"noopener\">Escuchar entrevista<\/a>\r\n    <\/article>\r\n\r\n    <article class=\"ec-card\">\r\n      <div class=\"ec-card__top\">\r\n        <span class=\"ec-badge\">Radio<\/span>\r\n      <\/div>\r\n      <h3 class=\"ec-card__title\">Aparici\u00f3n en Cadena Ser - Hoy por hoy M\u00e1laga<\/h3>\r\n      <div class=\"ec-card__meta\">\r\n        <span>\ud83d\udcc5 04\/02\/2026<\/span>\r\n        <span>\ud83d\udccd M\u00e1laga<\/span>\r\n      <\/div>\r\n      <p class=\"ec-card__text\">Entrevista sobre las metodolog\u00edas implementadas y las pr\u00f3ximas campa\u00f1as.<\/p>\r\n      <a class=\"ec-btn\" href=\"https:\/\/www.canva.com\/design\/DAHBGLXmysI\/L91Kgta7MXdi9wXx1cphLQ\/view?utm_content=DAHBGLXmysI&amp;utm_campaign=designshare&amp;utm_medium=link2&amp;utm_source=uniquelinks&amp;utlId=h221fe995c7\" target=\"_blank\" rel=\"noopener\">Escuchar entrevista <\/a>\r\n    <\/article>\r\n\r\n    <article class=\"ec-card\">\r\n      <div class=\"ec-card__top\">\r\n        <span class=\"ec-badge\">Radio\/Podcast<\/span>\r\n      <\/div>\r\n      <h3 class=\"ec-card__title\">Aparici\u00f3n en Nodo Sierra de las Nieves<\/h3>\r\n      <div class=\"ec-card__meta\">\r\n        <span>\ud83d\udcc5 11\/02\/2026<\/span>\r\n        <span>\ud83d\udccd M\u00e1laga<\/span>\r\n      <\/div>\r\n      <p class=\"ec-card__text\">Un repaso de las \u00faltimas acciones que lanzamos y an\u00e1lisis de c\u00f3mo las armamos desde cero.<\/p>\r\n      <a class=\"ec-btn\" href=\"https:\/\/go.ivoox.com\/rf\/168242283\" target=\"_blank\" rel=\"noopener\">Ver entrevista<\/a>\r\n    <\/article>\r\n\r\n    <article class=\"ec-card\">\r\n      <div class=\"ec-card__top\">\r\n        <span class=\"ec-badge\">Radio<\/span>\r\n      <\/div>\r\n      <h3 class=\"ec-card__title\">Aparici\u00f3n en Radio Metropolitana M\u00e1laga<\/h3>\r\n      <div class=\"ec-card__meta\">\r\n        <span>\ud83d\udcc5 30\/01\/2026<\/span>\r\n        <span>\ud83d\udccd M\u00e1laga<\/span>\r\n      <\/div>\r\n      <p class=\"ec-card__text\">Un vistazo a las campa\u00f1as activas. Pura visi\u00f3n femenina y una metodolog\u00eda que se adapta a hoy.<\/p>\r\n      <a class=\"ec-btn\" href=\"https:\/\/www.youtube.com\/live\/Ta17NQZ9u7k?si=8X68t9ikhe5m0L2Q\" target=\"_blank\" rel=\"noopener\">Ver entrevista<\/a>\r\n    <\/article>\r\n\r\n    <article class=\"ec-card\">\r\n      <div class=\"ec-card__top\">\r\n        <span class=\"ec-badge\">Radio<\/span>\r\n      <\/div>\r\n      <h3 class=\"ec-card__title\">Aparici\u00f3n en Radio Torrox<\/h3>\r\n      <div class=\"ec-card__meta\">\r\n        <span>\ud83d\udcc5 06\/02\/2026<\/span>\r\n        <span>\ud83d\udccd M\u00e1laga<\/span>\r\n      <\/div>\r\n      <p class=\"ec-card__text\">Cr\u00f3nica sobre las \u00faltimas campa\u00f1as del curso 25-26 y la metodolog\u00eda implementada.<\/p>\r\n      <a class=\"ec-btn\" href=\"https:\/\/youtu.be\/CuI_a4LKbOg?feature=shared\" target=\"_blank\" rel=\"noopener\">Ver noticia<\/a>\r\n    <\/article>\r\n\r\n    <article class=\"ec-card\">\r\n      <div class=\"ec-card__top\">\r\n        <span class=\"ec-badge\">Radio<\/span>\r\n      <\/div>\r\n      <h3 class=\"ec-card__title\">Aparici\u00f3n en Radio Ox\u00edgeno<\/h3>\r\n      <div class=\"ec-card__meta\">\r\n        <span>\ud83d\udcc5 10\/02\/2026<\/span>\r\n        <span>\ud83d\udccd M\u00e1laga<\/span>\r\n      <\/div>\r\n      <p class=\"ec-card__text\">Explicaci\u00f3n de las acciones que se est\u00e1n realizando y c\u00f3mo trabajamos en Esteo Comunica.<\/p>\r\n      <a class=\"ec-btn\" href=\"https:\/\/drive.google.com\/file\/d\/1VvUJQE-lHemLQW1pQl8MW83MLTRe5sgk\/view?usp=sharing\" target=\"_blank\" rel=\"noopener\">Escuchar entrevista<\/a>\r\n    <\/article>\r\n\r\n  <\/div>\r\n<\/section>\r\n\r\n<style>\r\n@import url('https:\/\/fonts.googleapis.com\/css2?family=Sansita:wght@400;700;800&family=Hanken+Grotesk:wght@400;600;800&display=swap');\r\n\r\n.ec-media { max-width: 1200px; margin: 0 auto; padding: 40px 18px; }\r\n.ec-media__hero { text-align: center; margin-bottom: 36px; }\r\n.ec-media__hero h1 { font-family: 'Sansita', sans-serif; font-size: rem 1.4 ; font-weight: 800; color: #b473d5; }\r\n.ec-media__hero p { font-family: 'Hanken Grotesk', sans-serif; color: #00000; line-height: 1.6; }\r\n\r\n.ec-media__grid { \r\n  display: grid; \r\n  grid-template-columns: repeat(auto-fit, minmax(300px, 1fr)); \r\n  gap: 28px; \r\n}\r\n\r\n.ec-card { \r\n  background: #fff; \r\n  border: 1px solid #eee; \r\n  border-radius: 24px; \r\n  padding: 24px; \r\n  display: flex; \r\n  flex-direction: column; \r\n  box-shadow: 0 10px 30px rgba(0,0,0,0.05);\r\n}\r\n\r\n.ec-card__top { \r\n  display: flex; \r\n  justify-content: space-between; \r\n  align-items: center; \r\n  margin-bottom: 18px; \r\n}\r\n\r\n.ec-card__logo { max-width: 120px; height: 35px; object-fit: contain; }\r\n\r\n.ec-badge { \r\n  font-family: 'Hanken Grotesk', sans-serif; \r\n  font-size: 11px; \r\n  font-weight: 800; \r\n  padding: 5px 12px; \r\n  border-radius: 999px; \r\n  background: #f8f8f8; \r\n  border: 1px solid #ddd; \r\n  margin-left: auto; \/* Mueve a la derecha si no hay logo *\/\r\n}\r\n\r\n.ec-card__title { font-family: 'Sansita', sans-serif; font-size: 1.25rem; font-weight: 800; color: #111; margin-bottom: 10px; }\r\n.ec-card__meta { font-family: 'Hanken Grotesk', sans-serif; display: flex; gap: 10px; font-size: 13px; color: #999; margin-bottom: 15px; }\r\n.ec-card__text { font-family: 'Hanken Grotesk', sans-serif; font-size: 14px; line-height: 1.5; color: #555; margin-bottom: 20px; flex-grow: 1; }\r\n\r\n.ec-btn { \r\n  font-family: 'Hanken Grotesk', sans-serif; \r\n  padding: 12px; \r\n  background: #a876f5; \r\n  color: #fff; \r\n  border-radius: 12px; \r\n  text-decoration: none; \r\n  text-align: center; \r\n  font-weight: 800; \r\n  font-size: 14px;\r\n  transition: 0.3s;\r\n}\r\n.ec-btn:hover { background: #9356f0; transform: translateY(-2px); }\r\n<\/style>\t\t\t\t<\/div>\n\t\t\t\t\t<\/div>\n\t\t\t\t<\/div>\n\t\t<div class=\"elementor-element elementor-element-773b101 e-flex e-con-boxed e-con e-parent\" data-id=\"773b101\" data-element_type=\"container\" data-e-type=\"container\">\n\t\t\t\t\t<div class=\"e-con-inner\">\n\t\t\t\t<div class=\"elementor-element elementor-element-255b204 elementor-widget elementor-widget-html\" data-id=\"255b204\" data-element_type=\"widget\" data-e-type=\"widget\" data-widget_type=\"html.default\">\n\t\t\t\t\t<link rel=\"stylesheet\" href=\"https:\/\/cdnjs.cloudflare.com\/ajax\/libs\/font-awesome\/6.5.0\/css\/all.min.css\">\r\n\r\n<style>\r\n  .ec-footer {\r\n    background: #b9d9b7; \/* Tu verde corporativo *\/\r\n    padding: 15px 0;\r\n    font-family: 'Hanken Grotesk', sans-serif;\r\n    \r\n    \/* TRUCO PARA ANCHO COMPLETO TOTAL: Rompe cualquier margen lateral *\/\r\n    width: 100vw;\r\n    position: relative;\r\n    left: 50%;\r\n    right: 50%;\r\n    margin-left: -50vw;\r\n    margin-right: -50vw;\r\n  }\r\n  \r\n  .ec-footer .ec-inner {\r\n    width: 100%;\r\n    max-width: 1100px; \/* El contenido interno s\u00ed se mantiene centrado *\/\r\n    margin: 0 auto;\r\n    padding: 0 40px;\r\n    display: flex;\r\n    align-items: center;\r\n    justify-content: space-between;\r\n    gap: 16px;\r\n    flex-wrap: wrap;\r\n    box-sizing: border-box;\r\n  }\r\n\r\n  .ec-footer .ec-left a {\r\n    color: #111;\r\n    text-decoration: none;\r\n    font-weight: 700;\r\n  }\r\n\r\n  .ec-footer .ec-center {\r\n    color: #111;\r\n    font-weight: 600;\r\n    text-align: center;\r\n    flex: 1;\r\n  }\r\n\r\n  .ec-footer .ec-social {\r\n    display: flex;\r\n    gap: 20px;\r\n    align-items: center;\r\n  }\r\n\r\n  .ec-footer .ec-social a {\r\n    color: #111;\r\n    font-size: 20px;\r\n    text-decoration: none;\r\n  }\r\n\r\n  \/* Ajuste para m\u00f3viles *\/\r\n  @media (max-width: 850px) {\r\n    .ec-footer .ec-inner {\r\n      flex-direction: column;\r\n      padding: 20px;\r\n    }\r\n  }\r\n<\/style>\r\n\r\n<footer class=\"ec-footer\">\r\n  <div class=\"ec-inner\">\r\n    <div class=\"ec-left\">\r\n      <a href=\"mailto:esteocomunica@gmail.com\">esteocomunica@gmail.com<\/a>\r\n    <\/div>\r\n    <div class=\"ec-center\">\r\n      IES Miguel Romero Esteo \u00b7 M\u00e1laga\r\n    <\/div>\r\n    <div class=\"ec-social\">\r\n      <a href=\"https:\/\/www.tiktok.com\/@esteocomunicafp\" target=\"_blank\" rel=\"noopener\"><i class=\"fab fa-tiktok\"><\/i><\/a>\r\n      <a href=\"https:\/\/www.facebook.com\/people\/Esteo-Comunica\/100088261239648\/\" target=\"_blank\" rel=\"noopener\"><i class=\"fab fa-facebook-f\"><\/i><\/a>\r\n      <a href=\"https:\/\/www.instagram.com\/esteocomunicafp\/\" target=\"_blank\" rel=\"noopener\"><i class=\"fab fa-instagram\"><\/i><\/a>\r\n      <a href=\"https:\/\/www.linkedin.com\/in\/esteo-comunica-fp-3429a9296\/\" target=\"_blank\" rel=\"noopener\"><i class=\"fab fa-linkedin-in\"><\/i><\/a>\r\n    <\/div>\r\n  <\/div>\r\n<\/footer>\t\t\t\t<\/div>\n\t\t\t\t\t<\/div>\n\t\t\t\t<\/div>\n\t\t\t\t<\/div>\n\t\t","protected":false},"excerpt":{"rendered":"<p>Esteo Comunica en los medios Apariciones en prensa, radio y televisi\u00f3n donde se ha dado visibilidad a nuestro proyecto. Prensa Aparici\u00f3n en prensa &#8211; Viva Radio \ud83d\udcc5 22\/01\/2026 \ud83d\udccd M\u00e1laga El alumnado del IES Miguel Romero Esteo impulsa campa\u00f1as solidarias reales a trav\u00e9s de Esteo Comunica Ver publicaci\u00f3n Radio Entrevista en programa Canal Sur Mediod\u00eda [&hellip;]<\/p>\n","protected":false},"author":1,"featured_media":0,"parent":0,"menu_order":0,"comment_status":"closed","ping_status":"closed","template":"","meta":{"footnotes":""},"class_list":["post-256","page","type-page","status-publish","hentry"],"_links":{"self":[{"href":"https:\/\/esteocomunicafp.com\/esteocomunica25-26\/wp-json\/wp\/v2\/pages\/256","targetHints":{"allow":["GET"]}}],"collection":[{"href":"https:\/\/esteocomunicafp.com\/esteocomunica25-26\/wp-json\/wp\/v2\/pages"}],"about":[{"href":"https:\/\/esteocomunicafp.com\/esteocomunica25-26\/wp-json\/wp\/v2\/types\/page"}],"author":[{"embeddable":true,"href":"https:\/\/esteocomunicafp.com\/esteocomunica25-26\/wp-json\/wp\/v2\/users\/1"}],"replies":[{"embeddable":true,"href":"https:\/\/esteocomunicafp.com\/esteocomunica25-26\/wp-json\/wp\/v2\/comments?post=256"}],"version-history":[{"count":40,"href":"https:\/\/esteocomunicafp.com\/esteocomunica25-26\/wp-json\/wp\/v2\/pages\/256\/revisions"}],"predecessor-version":[{"id":667,"href":"https:\/\/esteocomunicafp.com\/esteocomunica25-26\/wp-json\/wp\/v2\/pages\/256\/revisions\/667"}],"wp:attachment":[{"href":"https:\/\/esteocomunicafp.com\/esteocomunica25-26\/wp-json\/wp\/v2\/media?parent=256"}],"curies":[{"name":"wp","href":"https:\/\/api.w.org\/{rel}","templated":true}]}}