{"id":201,"date":"2026-02-03T17:04:23","date_gmt":"2026-02-03T17:04:23","guid":{"rendered":"https:\/\/esteocomunicafp.com\/esteocomunica25-26\/?page_id=201"},"modified":"2026-03-09T10:00:24","modified_gmt":"2026-03-09T10:00:24","slug":"contacto","status":"publish","type":"page","link":"https:\/\/esteocomunicafp.com\/esteocomunica25-26\/contacto\/","title":{"rendered":"Contacto"},"content":{"rendered":"\t\t<div data-elementor-type=\"wp-page\" data-elementor-id=\"201\" class=\"elementor elementor-201\">\n\t\t\t\t<div class=\"elementor-element elementor-element-7319668 e-flex e-con-boxed e-con e-parent\" data-id=\"7319668\" data-element_type=\"container\" data-e-type=\"container\">\n\t\t\t\t\t<div class=\"e-con-inner\">\n\t\t\t\t<div class=\"elementor-element elementor-element-1100a7f elementor-widget elementor-widget-heading\" data-id=\"1100a7f\" data-element_type=\"widget\" data-e-type=\"widget\" data-widget_type=\"heading.default\">\n\t\t\t\t\t<h1 class=\"elementor-heading-title elementor-size-default\">\u00bfQuer\u00e9is que vuestra empresa colabore con nosotros?<\/h1>\t\t\t\t<\/div>\n\t\t\t\t\t<\/div>\n\t\t\t\t<\/div>\n\t\t<div class=\"elementor-element elementor-element-b346f49 e-flex e-con-boxed e-con e-parent\" data-id=\"b346f49\" data-element_type=\"container\" data-e-type=\"container\">\n\t\t\t\t\t<div class=\"e-con-inner\">\n\t\t\t\t<div class=\"elementor-element elementor-element-95d5731 elementor-widget elementor-widget-text-editor\" data-id=\"95d5731\" data-element_type=\"widget\" data-e-type=\"widget\" data-widget_type=\"text-editor.default\">\n\t\t\t\t\t\t\t\t\t<p>Tras conocer nuestras acciones para la <span style=\"font-weight: 400;\"><strong>Asociaci\u00f3n <\/strong><\/span><b>\u201cYo Soy T\u00fa\u201d<\/b>, vuestra organizaci\u00f3n puede ser una pieza clave para ayudar a quienes m\u00e1s lo necesitan en M\u00e1laga. Si quer\u00e9is apoyar nuestras campa\u00f1as vigentes con una donaci\u00f3n o colaboraci\u00f3n, completad este formulario y nos pondremos en contacto.<\/p>\t\t\t\t\t\t\t\t<\/div>\n\t\t\t\t\t<\/div>\n\t\t\t\t<\/div>\n\t\t<div class=\"elementor-element elementor-element-dd97384 e-flex e-con-boxed e-con e-parent\" data-id=\"dd97384\" data-element_type=\"container\" data-e-type=\"container\">\n\t\t\t\t\t<div class=\"e-con-inner\">\n\t\t\t\t<div class=\"elementor-element elementor-element-4fc39ab elementor-widget__width-initial elementor-widget elementor-widget-wpforms\" data-id=\"4fc39ab\" data-element_type=\"widget\" data-e-type=\"widget\" data-widget_type=\"wpforms.default\">\n\t\t\t\t<div class=\"elementor-widget-container\">\n\t\t\t\t\t<div class=\"wpforms-container wpforms-container-full wpforms-render-modern\" id=\"wpforms-203\"><form id=\"wpforms-form-203\" class=\"wpforms-validate wpforms-form wpforms-ajax-form\" data-formid=\"203\" method=\"post\" enctype=\"multipart\/form-data\" action=\"\/esteocomunica25-26\/wp-json\/wp\/v2\/pages\/201\" data-token=\"520bacdea7e1946faf5168898fcaad21\" data-token-time=\"1778753518\"><noscript class=\"wpforms-error-noscript\">Por favor, activa JavaScript en tu navegador para completar este formulario.<\/noscript><div id=\"wpforms-error-noscript\" style=\"display: none;\">Por favor, activa JavaScript en tu navegador para completar este formulario.<\/div><div class=\"wpforms-field-container\"><div id=\"wpforms-203-field_1-container\" class=\"wpforms-field wpforms-field-name\" data-field-id=\"1\"><fieldset><legend class=\"wpforms-field-label\">Nombre <span class=\"wpforms-required-label\" aria-hidden=\"true\">*<\/span><\/legend><div class=\"wpforms-field-row wpforms-field-medium\"><div class=\"wpforms-field-row-block wpforms-first wpforms-one-half\"><input type=\"text\" id=\"wpforms-203-field_1\" class=\"wpforms-field-name-first wpforms-field-required\" name=\"wpforms[fields][1][first]\" aria-errormessage=\"wpforms-203-field_1-error\" required><label for=\"wpforms-203-field_1\" class=\"wpforms-field-sublabel after\">Nombre<\/label><\/div><div class=\"wpforms-field-row-block wpforms-one-half\"><input type=\"text\" id=\"wpforms-203-field_1-last\" class=\"wpforms-field-name-last wpforms-field-required\" name=\"wpforms[fields][1][last]\" aria-errormessage=\"wpforms-203-field_1-last-error\" required><label for=\"wpforms-203-field_1-last\" class=\"wpforms-field-sublabel after\">Apellidos<\/label><\/div><\/div><\/fieldset><\/div>\t\t<div id=\"wpforms-203-field_4-container\"\n\t\t\tclass=\"wpforms-field wpforms-field-text\"\n\t\t\tdata-field-type=\"text\"\n\t\t\tdata-field-id=\"4\"\n\t\t\t>\n\t\t\t<label class=\"wpforms-field-label\" for=\"wpforms-203-field_4\" >electr\u00f3nico o Correo<\/label>\n\t\t\t<input type=\"text\" id=\"wpforms-203-field_4\" class=\"wpforms-field-medium\" name=\"wpforms[fields][4]\" >\n\t\t<\/div>\n\t\t<div id=\"wpforms-203-field_2-container\" class=\"wpforms-field wpforms-field-email\" data-field-id=\"2\"><label class=\"wpforms-field-label\" for=\"wpforms-203-field_2\">Correo electr\u00f3nico <span class=\"wpforms-required-label\" aria-hidden=\"true\">*<\/span><\/label><input type=\"email\" id=\"wpforms-203-field_2\" class=\"wpforms-field-medium wpforms-field-required\" name=\"wpforms[fields][2]\" spellcheck=\"false\" aria-errormessage=\"wpforms-203-field_2-error\" required><\/div><div id=\"wpforms-203-field_3-container\" class=\"wpforms-field wpforms-field-textarea\" data-field-id=\"3\"><label class=\"wpforms-field-label\" for=\"wpforms-203-field_3\">Comentario o mensaje<\/label><textarea id=\"wpforms-203-field_3\" class=\"wpforms-field-medium\" name=\"wpforms[fields][3]\" aria-errormessage=\"wpforms-203-field_3-error\" ><\/textarea><\/div><script>\n\t\t\t\t( function() {\n\t\t\t\t\tconst style = document.createElement( 'style' );\n\t\t\t\t\tstyle.appendChild( document.createTextNode( '#wpforms-203-field_4-container { position: absolute !important; overflow: hidden !important; display: inline !important; height: 1px !important; width: 1px !important; z-index: -1000 !important; padding: 0 !important; } #wpforms-203-field_4-container input { visibility: hidden; } #wpforms-conversational-form-page #wpforms-203-field_4-container label { counter-increment: none; }' ) );\n\t\t\t\t\tdocument.head.appendChild( style );\n\t\t\t\t\tdocument.currentScript?.remove();\n\t\t\t\t} )();\n\t\t\t<\/script><\/div><!-- .wpforms-field-container --><div class=\"wpforms-submit-container\" ><input type=\"hidden\" name=\"wpforms[id]\" value=\"203\"><input type=\"hidden\" name=\"page_title\" value=\"\"><input type=\"hidden\" name=\"page_url\" value=\"https:\/\/esteocomunicafp.com\/esteocomunica25-26\/wp-json\/wp\/v2\/pages\/201\"><input type=\"hidden\" name=\"url_referer\" value=\"\"><button type=\"submit\" name=\"wpforms[submit]\" id=\"wpforms-submit-203\" class=\"wpforms-submit\" data-alt-text=\"Enviando...\" data-submit-text=\"Enviar\" aria-live=\"assertive\" value=\"wpforms-submit\">Enviar<\/button><img decoding=\"async\" src=\"https:\/\/esteocomunicafp.com\/esteocomunica25-26\/wp-content\/plugins\/wpforms-lite\/assets\/images\/submit-spin.svg\" class=\"wpforms-submit-spinner\" style=\"display: none;\" width=\"26\" height=\"26\" alt=\"Cargando\"><\/div><\/form><\/div>  <!-- .wpforms-container -->\t\t\t\t<\/div>\n\t\t\t\t<\/div>\n\t\t\t\t\t<\/div>\n\t\t\t\t<\/div>\n\t\t<div class=\"elementor-element elementor-element-1d2e86e e-flex e-con-boxed e-con e-parent\" data-id=\"1d2e86e\" data-element_type=\"container\" data-e-type=\"container\">\n\t\t\t\t\t<div class=\"e-con-inner\">\n\t\t\t\t<div class=\"elementor-element elementor-element-1fb1a59 elementor-widget elementor-widget-html\" data-id=\"1fb1a59\" data-element_type=\"widget\" data-e-type=\"widget\" data-widget_type=\"html.default\">\n\t\t\t\t\t<link rel=\"stylesheet\" href=\"https:\/\/cdnjs.cloudflare.com\/ajax\/libs\/font-awesome\/6.5.0\/css\/all.min.css\">\r\n\r\n<style>\r\n  .ec-footer {\r\n    background: #b9d9b7; \/* Tu verde corporativo *\/\r\n    padding: 15px 0;\r\n    font-family: 'Hanken Grotesk', sans-serif;\r\n    \r\n    \/* TRUCO PARA ANCHO COMPLETO TOTAL: Rompe cualquier margen lateral *\/\r\n    width: 100vw;\r\n    position: relative;\r\n    left: 50%;\r\n    right: 50%;\r\n    margin-left: -50vw;\r\n    margin-right: -50vw;\r\n  }\r\n  \r\n  .ec-footer .ec-inner {\r\n    width: 100%;\r\n    max-width: 1100px; \/* El contenido interno s\u00ed se mantiene centrado *\/\r\n    margin: 0 auto;\r\n    padding: 0 40px;\r\n    display: flex;\r\n    align-items: center;\r\n    justify-content: space-between;\r\n    gap: 16px;\r\n    flex-wrap: wrap;\r\n    box-sizing: border-box;\r\n  }\r\n\r\n  .ec-footer .ec-left a {\r\n    color: #111;\r\n    text-decoration: none;\r\n    font-weight: 700;\r\n  }\r\n\r\n  .ec-footer .ec-center {\r\n    color: #111;\r\n    font-weight: 600;\r\n    text-align: center;\r\n    flex: 1;\r\n  }\r\n\r\n  .ec-footer .ec-social {\r\n    display: flex;\r\n    gap: 20px;\r\n    align-items: center;\r\n  }\r\n\r\n  .ec-footer .ec-social a {\r\n    color: #111;\r\n    font-size: 20px;\r\n    text-decoration: none;\r\n  }\r\n\r\n  \/* Ajuste para m\u00f3viles *\/\r\n  @media (max-width: 850px) {\r\n    .ec-footer .ec-inner {\r\n      flex-direction: column;\r\n      padding: 20px;\r\n    }\r\n  }\r\n<\/style>\r\n\r\n<footer class=\"ec-footer\">\r\n  <div class=\"ec-inner\">\r\n    <div class=\"ec-left\">\r\n      <a href=\"mailto:esteocomunica@gmail.com\">esteocomunica@gmail.com<\/a>\r\n    <\/div>\r\n    <div class=\"ec-center\">\r\n      IES Miguel Romero Esteo \u00b7 M\u00e1laga\r\n    <\/div>\r\n    <div class=\"ec-social\">\r\n      <a href=\"https:\/\/www.tiktok.com\/@esteocomunicafp\" target=\"_blank\" rel=\"noopener\"><i class=\"fab fa-tiktok\"><\/i><\/a>\r\n      <a href=\"https:\/\/www.facebook.com\/people\/Esteo-Comunica\/100088261239648\/\" target=\"_blank\" rel=\"noopener\"><i class=\"fab fa-facebook-f\"><\/i><\/a>\r\n      <a href=\"https:\/\/www.instagram.com\/esteocomunicafp\/\" target=\"_blank\" rel=\"noopener\"><i class=\"fab fa-instagram\"><\/i><\/a>\r\n      <a href=\"https:\/\/www.linkedin.com\/in\/esteo-comunica-fp-3429a9296\/\" target=\"_blank\" rel=\"noopener\"><i class=\"fab fa-linkedin-in\"><\/i><\/a>\r\n    <\/div>\r\n  <\/div>\r\n<\/footer>\t\t\t\t<\/div>\n\t\t\t\t\t<\/div>\n\t\t\t\t<\/div>\n\t\t\t\t<\/div>\n\t\t","protected":false},"excerpt":{"rendered":"<p>\u00bfQuer\u00e9is que vuestra empresa colabore con nosotros? Tras conocer nuestras acciones para la Asociaci\u00f3n \u201cYo Soy T\u00fa\u201d, vuestra organizaci\u00f3n puede ser una pieza clave para ayudar a quienes m\u00e1s lo necesitan en M\u00e1laga. Si quer\u00e9is apoyar nuestras campa\u00f1as vigentes con una donaci\u00f3n o colaboraci\u00f3n, completad este formulario y nos pondremos en contacto. Por favor, activa [&hellip;]<\/p>\n","protected":false},"author":1,"featured_media":0,"parent":0,"menu_order":0,"comment_status":"closed","ping_status":"closed","template":"","meta":{"footnotes":""},"class_list":["post-201","page","type-page","status-publish","hentry"],"_links":{"self":[{"href":"https:\/\/esteocomunicafp.com\/esteocomunica25-26\/wp-json\/wp\/v2\/pages\/201","targetHints":{"allow":["GET"]}}],"collection":[{"href":"https:\/\/esteocomunicafp.com\/esteocomunica25-26\/wp-json\/wp\/v2\/pages"}],"about":[{"href":"https:\/\/esteocomunicafp.com\/esteocomunica25-26\/wp-json\/wp\/v2\/types\/page"}],"author":[{"embeddable":true,"href":"https:\/\/esteocomunicafp.com\/esteocomunica25-26\/wp-json\/wp\/v2\/users\/1"}],"replies":[{"embeddable":true,"href":"https:\/\/esteocomunicafp.com\/esteocomunica25-26\/wp-json\/wp\/v2\/comments?post=201"}],"version-history":[{"count":23,"href":"https:\/\/esteocomunicafp.com\/esteocomunica25-26\/wp-json\/wp\/v2\/pages\/201\/revisions"}],"predecessor-version":[{"id":692,"href":"https:\/\/esteocomunicafp.com\/esteocomunica25-26\/wp-json\/wp\/v2\/pages\/201\/revisions\/692"}],"wp:attachment":[{"href":"https:\/\/esteocomunicafp.com\/esteocomunica25-26\/wp-json\/wp\/v2\/media?parent=201"}],"curies":[{"name":"wp","href":"https:\/\/api.w.org\/{rel}","templated":true}]}}