{"id":13,"date":"2026-01-21T10:10:26","date_gmt":"2026-01-21T10:10:26","guid":{"rendered":"https:\/\/esteocomunicafp.com\/esteocomunica25-26\/?page_id=13"},"modified":"2026-03-24T09:36:20","modified_gmt":"2026-03-24T09:36:20","slug":"landing-page","status":"publish","type":"page","link":"https:\/\/esteocomunicafp.com\/esteocomunica25-26\/","title":{"rendered":"\u00bfQu\u00e9 es Esteo Comunica?"},"content":{"rendered":"\t\t<div data-elementor-type=\"wp-page\" data-elementor-id=\"13\" class=\"elementor elementor-13\">\n\t\t\t\t<div class=\"elementor-element elementor-element-228e7e8 e-flex e-con-boxed e-con e-parent\" data-id=\"228e7e8\" data-element_type=\"container\" data-e-type=\"container\">\n\t\t\t\t\t<div class=\"e-con-inner\">\n\t\t\t\t<div class=\"elementor-element elementor-element-3e8b0c3 elementor-widget elementor-widget-html\" data-id=\"3e8b0c3\" data-element_type=\"widget\" data-e-type=\"widget\" data-widget_type=\"html.default\">\n\t\t\t\t\t<div class=\"ec-slider\" id=\"ecSlider-1\" aria-label=\"Galer\u00eda de im\u00e1genes\">\r\n  <div class=\"ec-slider__track\">\r\n    <div class=\"ec-slide\"><img decoding=\"async\" src=\"https:\/\/esteocomunicafp.com\/esteocomunica25-26\/wp-content\/uploads\/2026\/02\/esteocomunicagoogle-e1772212794455.jpeg\" alt=\"Imagen 1\"><\/div>\r\n    <div class=\"ec-slide\"><img decoding=\"async\" src=\"https:\/\/esteocomunicafp.com\/esteocomunica25-26\/wp-content\/uploads\/2026\/02\/entregadeproductos.jpeg\" alt=\"Imagen 2\"><\/div>\r\n    <div class=\"ec-slide\"><img decoding=\"async\" src=\"https:\/\/esteocomunicafp.com\/esteocomunica25-26\/wp-content\/uploads\/2026\/01\/esteocomunicaasociacion.jpg\" alt=\"Imagen 3\"><\/div>\r\n    \r\n    <div class=\"ec-slide\"><img decoding=\"async\" src=\"https:\/\/esteocomunicafp.com\/esteocomunica25-26\/wp-content\/uploads\/2026\/01\/equipoesteocomunica.jpg\" alt=\"Imagen 4\"><\/div>\r\n  \r\n  <\/div>\r\n\r\n  <button class=\"ec-slider__btn ec-prev\" type=\"button\" aria-label=\"Anterior\">\u2039<\/button>\r\n  <button class=\"ec-slider__btn ec-next\" type=\"button\" aria-label=\"Siguiente\">\u203a<\/button>\r\n\r\n  <div class=\"ec-slider__dots\" aria-label=\"Paginaci\u00f3n\"><\/div>\r\n<\/div>\r\n\r\n<style>\r\n  .ec-slider {\r\n    position: relative;\r\n    width: 100%;\r\n    overflow: hidden;\r\n    border-radius: 24px; \/* Bordes redondeados estilo Esteo *\/\r\n    box-shadow: 0 10px 30px rgba(0,0,0,0.1);\r\n  }\r\n  .ec-slider__track {\r\n    display: flex;\r\n    transition: transform .6s cubic-bezier(0.4, 0, 0.2, 1);\r\n    will-change: transform;\r\n  }\r\n  .ec-slide {\r\n    min-width: 100%;\r\n    user-select: none;\r\n  }\r\n  .ec-slide img {\r\n    width: 100%;\r\n    height: clamp(250px, 50vw, 550px); \/* Altura optimizada para m\u00f3viles *\/\r\n    object-fit: cover;\r\n    display: block;\r\n  }\r\n\r\n  \/* Botones de navegaci\u00f3n corregidos *\/\r\n  .ec-slider__btn {\r\n    position: absolute;\r\n    top: 50%;\r\n    transform: translateY(-50%);\r\n    width: 45px; \/* Tama\u00f1o t\u00e1ctil adecuado *\/\r\n    height: 45px;\r\n    border: 0;\r\n    border-radius: 50%;\r\n    background: rgba(255,255,255,.8);\r\n    backdrop-filter: blur(6px);\r\n    cursor: pointer;\r\n    font-size: 24px;\r\n    display: flex;\r\n    align-items: center;\r\n    justify-content: center;\r\n    z-index: 10;\r\n    transition: background 0.3s;\r\n  }\r\n  .ec-slider__btn:hover { background: #fff; }\r\n  .ec-prev { left: 15px; }\r\n  .ec-next { right: 15px; }\r\n\r\n  .ec-slider__dots {\r\n    position: absolute;\r\n    left: 0; right: 0;\r\n    bottom: 15px;\r\n    display: flex;\r\n    gap: 8px;\r\n    justify-content: center;\r\n    align-items: center;\r\n    z-index: 10;\r\n  }\r\n  .ec-dot {\r\n    width: 12px; \r\n    height: 12px;\r\n    border-radius: 50%;\r\n    border: 2px solid rgba(255,255,255,0.8);\r\n    background: rgba(0,0,0,0.2);\r\n    cursor: pointer;\r\n    padding: 0;\r\n    transition: all 0.3s;\r\n  }\r\n  .ec-dot.is-active {\r\n    background: #ffffff;\r\n    transform: scale(1.2);\r\n    border-color: #ffffff;\r\n  }\r\n\r\n  @media (prefers-reduced-motion: reduce) {\r\n    .ec-slider__track { transition: none; }\r\n  }\r\n<\/style>\r\n\r\n<script>\r\n(function(){\r\n  const root = document.getElementById('ecSlider-1');\r\n  if(!root) return;\r\n\r\n  const track = root.querySelector('.ec-slider__track');\r\n  let slides = Array.from(root.querySelectorAll('.ec-slide'));\r\n  const prevBtn = root.querySelector('.ec-prev');\r\n  const nextBtn = root.querySelector('.ec-next');\r\n  const dotsWrap = root.querySelector('.ec-slider__dots');\r\n\r\n  const AUTOPLAY_MS = 4000; \r\n  const LOOP = true;\r\n\r\n  let index = 0;\r\n  let timer = null;\r\n\r\n  \/\/ Genera puntos din\u00e1micamente seg\u00fan el n\u00famero de im\u00e1genes\r\n  function createDots() {\r\n    dotsWrap.innerHTML = '';\r\n    return slides.map((_, i) => {\r\n      const b = document.createElement('button');\r\n      b.type = 'button';\r\n      b.className = 'ec-dot';\r\n      b.setAttribute('aria-label', 'Ir a la imagen ' + (i+1));\r\n      b.addEventListener('click', () => goTo(i, true));\r\n      dotsWrap.appendChild(b);\r\n      return b;\r\n    });\r\n  }\r\n\r\n  let dots = createDots();\r\n\r\n  function update() {\r\n    track.style.transform = `translateX(-${index * 100}%)`;\r\n    dots.forEach((d,i) => d.classList.toggle('is-active', i === index));\r\n  }\r\n\r\n  function goTo(i, resetAutoplay = false) {\r\n    if(i < 0) index = LOOP ? slides.length - 1 : 0;\r\n    else if(i >= slides.length) index = LOOP ? 0 : slides.length - 1;\r\n    else index = i;\r\n\r\n    update();\r\n    if(resetAutoplay) startAutoplay();\r\n  }\r\n\r\n  function next() { goTo(index + 1); }\r\n  function prev() { goTo(index - 1); }\r\n\r\n  function startAutoplay() {\r\n    stopAutoplay();\r\n    timer = setInterval(next, AUTOPLAY_MS);\r\n  }\r\n  function stopAutoplay() {\r\n    if(timer) clearInterval(timer);\r\n    timer = null;\r\n  }\r\n\r\n  prevBtn.addEventListener('click', () => goTo(index - 1, true));\r\n  nextBtn.addEventListener('click', () => goTo(index + 1, true));\r\n\r\n  root.addEventListener('mouseenter', stopAutoplay);\r\n  root.addEventListener('mouseleave', startAutoplay);\r\n\r\n  update();\r\n  startAutoplay();\r\n})();\r\n<\/script>\t\t\t\t<\/div>\n\t\t\t\t\t<\/div>\n\t\t\t\t<\/div>\n\t\t<div class=\"elementor-element elementor-element-acc52e1 e-flex e-con-boxed e-con e-parent\" data-id=\"acc52e1\" data-element_type=\"container\" data-e-type=\"container\">\n\t\t\t\t\t<div class=\"e-con-inner\">\n\t\t\t\t<div class=\"elementor-element elementor-element-0c1c41c elementor-widget elementor-widget-spacer\" data-id=\"0c1c41c\" data-element_type=\"widget\" data-e-type=\"widget\" data-widget_type=\"spacer.default\">\n\t\t\t\t\t\t\t<div class=\"elementor-spacer\">\n\t\t\t<div class=\"elementor-spacer-inner\"><\/div>\n\t\t<\/div>\n\t\t\t\t\t\t<\/div>\n\t\t\t\t\t<\/div>\n\t\t\t\t<\/div>\n\t\t<div class=\"elementor-element elementor-element-0956933 e-flex e-con-boxed e-con e-parent\" data-id=\"0956933\" data-element_type=\"container\" data-e-type=\"container\">\n\t\t\t\t\t<div class=\"e-con-inner\">\n\t\t<div class=\"elementor-element elementor-element-9c9f937 e-con-full e-flex e-con e-child\" data-id=\"9c9f937\" data-element_type=\"container\" data-e-type=\"container\">\n\t\t\t\t<div class=\"elementor-element elementor-element-19b7965 elementor-widget elementor-widget-heading\" data-id=\"19b7965\" data-element_type=\"widget\" data-e-type=\"widget\" data-widget_type=\"heading.default\">\n\t\t\t\t\t<h1 class=\"elementor-heading-title elementor-size-default\">\u00bfQu\u00e9 es Esteo Comunica?<\/h1>\t\t\t\t<\/div>\n\t\t\t\t<div class=\"elementor-element elementor-element-69cf27f elementor-widget elementor-widget-text-editor\" data-id=\"69cf27f\" data-element_type=\"widget\" data-e-type=\"widget\" data-widget_type=\"text-editor.default\">\n\t\t\t\t\t\t\t\t\t<div><div><div><p><strong>Esteo Comunica<\/strong> es una agencia de comunicaci\u00f3n simulada del IES Miguel Romero Esteo, de M\u00e1laga. Nuestro equipo est\u00e1 formado por estudiantes del <strong>segundo curso del Grado Superior en Marketing y Publicidad<\/strong>, quienes trabajan cada a\u00f1o en proyectos dise\u00f1ados para apoyar a asociaciones ben\u00e9ficas a trav\u00e9s del marketing social. Nuestra labor se centra en ayudarles a ganar visibilidad, atraer voluntarios y recaudar fondos para potenciar sus actividades.<\/p><\/div><div><p>Aplicamos una metodolog\u00eda de aprendizaje <strong>basada en retos<\/strong> <strong>(ABR) y aprendizaje servicio (ApS)<\/strong>, que nos permite aplicar conocimientos te\u00f3ricos en proyectos reales, desarrollar competencias profesionales y de empleabilidad, y adquirir habilidades clave para nuestro futuro profesional.<\/p><\/div><\/div><\/div>\t\t\t\t\t\t\t\t<\/div>\n\t\t\t\t<\/div>\n\t\t<div class=\"elementor-element elementor-element-7d8cbfa e-con-full e-flex e-con e-child\" data-id=\"7d8cbfa\" data-element_type=\"container\" data-e-type=\"container\">\n\t\t\t\t<div class=\"elementor-element elementor-element-7cec699 elementor-widget__width-initial elementor-widget elementor-widget-image\" data-id=\"7cec699\" data-element_type=\"widget\" data-e-type=\"widget\" data-widget_type=\"image.default\">\n\t\t\t\t\t\t\t\t\t\t\t\t\t\t\t<img fetchpriority=\"high\" decoding=\"async\" width=\"800\" height=\"800\" src=\"https:\/\/esteocomunicafp.com\/esteocomunica25-26\/wp-content\/uploads\/2026\/02\/logo-esteo-comunica-en-vector-2-1024x1024.png\" class=\"attachment-large size-large wp-image-51\" alt=\"Logo Esteo Comunica\" srcset=\"https:\/\/esteocomunicafp.com\/esteocomunica25-26\/wp-content\/uploads\/2026\/02\/logo-esteo-comunica-en-vector-2-1024x1024.png 1024w, https:\/\/esteocomunicafp.com\/esteocomunica25-26\/wp-content\/uploads\/2026\/02\/logo-esteo-comunica-en-vector-2-300x300.png 300w, https:\/\/esteocomunicafp.com\/esteocomunica25-26\/wp-content\/uploads\/2026\/02\/logo-esteo-comunica-en-vector-2-150x150.png 150w, https:\/\/esteocomunicafp.com\/esteocomunica25-26\/wp-content\/uploads\/2026\/02\/logo-esteo-comunica-en-vector-2-2000x2000.png 2000w, https:\/\/esteocomunicafp.com\/esteocomunica25-26\/wp-content\/uploads\/2026\/02\/logo-esteo-comunica-en-vector-2-1536x1536.png 1536w, https:\/\/esteocomunicafp.com\/esteocomunica25-26\/wp-content\/uploads\/2026\/02\/logo-esteo-comunica-en-vector-2.png 2048w\" sizes=\"(max-width: 800px) 100vw, 800px\" \/>\t\t\t\t\t\t\t\t\t\t\t\t\t\t\t<\/div>\n\t\t\t\t<\/div>\n\t\t\t\t\t<\/div>\n\t\t\t\t<\/div>\n\t\t<div class=\"elementor-element elementor-element-c4abe52 e-flex e-con-boxed e-con e-parent\" data-id=\"c4abe52\" data-element_type=\"container\" data-e-type=\"container\">\n\t\t\t\t\t<div class=\"e-con-inner\">\n\t\t\t\t<div class=\"elementor-element elementor-element-0771abb elementor-widget elementor-widget-html\" data-id=\"0771abb\" data-element_type=\"widget\" data-e-type=\"widget\" data-widget_type=\"html.default\">\n\t\t\t\t\t<!DOCTYPE html>\r\n<html lang=\"es\">\r\n<head>\r\n  <meta name=\"viewport\" content=\"width=device-width, initial-scale=1.0\">\r\n  <link rel=\"preconnect\" href=\"https:\/\/fonts.googleapis.com\">\r\n  <link rel=\"preconnect\" href=\"https:\/\/fonts.gstatic.com\" crossorigin>\r\n  <link href=\"https:\/\/fonts.googleapis.com\/css2?family=Sansita:wght@700;800;900&family=Hanken+Grotesk:wght@400;600;800&display=swap\" rel=\"stylesheet\">\r\n\r\n  <style>\r\n    body, html {\r\n      background-color: #ffffff !important;\r\n      margin: 0;\r\n      padding: 0;\r\n      height: auto;\r\n      color: #000000;\r\n    }\r\n\r\n    .social-section {\r\n      display: flex;\r\n      align-items: center;\r\n      justify-content: center;\r\n      min-height: 64vh; \/* m\u00e1s compacto y responsive *\/\r\n      background-color: #ffffff;\r\n      padding: 20px 12px 24px; \/* menos espacio arriba\/abajo *\/\r\n      gap: 40px;\r\n      flex-wrap: nowrap;\r\n    }\r\n\r\n    .text-container {\r\n      flex: 1;\r\n      max-width: 450px;\r\n      text-align: left;\r\n    }\r\n\r\n    .social-title {\r\n      font-family: 'Sansita', sans-serif;\r\n      font-size: 2.6rem; \r\n      font-weight: 800;\r\n      line-height: 1.1;\r\n      color: #b5e2b9; \/* Verde claro Esteo *\/\r\n      margin: 0;\r\n    }\r\n\r\n    .social-handle {\r\n      font-family: 'Sansita', sans-serif;\r\n      font-size: 2.4rem; \r\n      font-weight: 900;\r\n      color: #b473d5; \/* Morado Esteo *\/\r\n      margin-top: 8px;\r\n      display: block;\r\n      white-space: nowrap;\r\n    }\r\n\r\n    .devices-container {\r\n      display: flex;\r\n      gap: 28px;\r\n      align-items: center;\r\n      flex-shrink: 0;\r\n    }\r\n\r\n    .device-frame {\r\n      width: 248px;\r\n      height: 496px;\r\n      background: #fff;\r\n      border: 8px solid #5a2d2d;\r\n      border-radius: 36px;\r\n      overflow: hidden;\r\n      box-shadow: 0 15px 35px rgba(0,0,0,0.15);\r\n      position: relative;\r\n    }\r\n\r\n    .tiktok-frame { background: #000; }\r\n\r\n    iframe {\r\n      border: none !important;\r\n      width: 100% !important;\r\n      height: 100% !important;\r\n    }\r\n\r\n    \/* RESPONSIVE: m\u00f3vil *\/\r\n    @media (max-width: 1150px) {\r\n      .social-section { \r\n        flex-direction: column; \r\n        text-align: center; \r\n        min-height: auto; \r\n        padding: 16px 8px 32px;\r\n      }\r\n      .text-container { \r\n        text-align: center; \r\n        margin-bottom: 16px;\r\n        max-width: 500px;\r\n      }\r\n      .social-title {\r\n        font-size: 2.2rem;\r\n      }\r\n      .social-handle { \r\n        white-space: normal; \r\n        font-size: 2.2rem; \r\n      }\r\n      .devices-container { \r\n        flex-direction: column; \r\n        gap: 16px; \r\n        width: 100%;\r\n        max-width: 320px;\r\n        margin: 0 auto;\r\n      }\r\n      .device-frame {\r\n        width: 100%;\r\n        height: 500px;\r\n        border-radius: 32px;\r\n      }\r\n    }\r\n\r\n    @media (max-width: 500px) {\r\n      .social-handle { \r\n        font-size: 1.8rem; \r\n      }\r\n      .social-title {\r\n        font-size: 1.7rem;\r\n      }\r\n      .device-frame {\r\n        height: 460px;\r\n        border: 6px solid #5a2d2d;\r\n      }\r\n    }\r\n  <\/style>\r\n<\/head>\r\n<body>\r\n\r\n<div class=\"social-section\">\r\n  <div class=\"text-container\">\r\n    <h2 class=\"social-title\">\r\n      Lo que est\u00e1 pasando<br>\r\n      ahora mismo en\r\n    <\/h2>\r\n    <span class=\"social-handle\">@esteocomunicafp<\/span>\r\n  <\/div>\r\n\r\n  <div class=\"devices-container\">\r\n    \r\n    <div class=\"device-frame tiktok-frame\">\r\n      <iframe \r\n        src=\"https:\/\/www.tiktok.com\/embed\/v2\/7605184326493310230\" \r\n        allowfullscreen>\r\n      <\/iframe>\r\n    <\/div>\r\n\r\n    <div class=\"device-frame insta-frame\">\r\n      <iframe \r\n        src=\"https:\/\/www.instagram.com\/reel\/DUnP6EqjMhL\/embed\/\" \r\n        scrolling=\"no\" \r\n        allowtransparency=\"true\">\r\n      <\/iframe>\r\n    <\/div>\r\n\r\n  <\/div>\r\n<\/div>\r\n\r\n<\/body>\r\n<\/html>\r\n\t\t\t\t<\/div>\n\t\t\t\t\t<\/div>\n\t\t\t\t<\/div>\n\t\t<div class=\"elementor-element elementor-element-fd91b31 e-flex e-con-boxed e-con e-parent\" data-id=\"fd91b31\" data-element_type=\"container\" data-e-type=\"container\">\n\t\t\t\t\t<div class=\"e-con-inner\">\n\t\t\t\t<div class=\"elementor-element elementor-element-b9f8aeb elementor-widget elementor-widget-html\" data-id=\"b9f8aeb\" data-element_type=\"widget\" data-e-type=\"widget\" data-widget_type=\"html.default\">\n\t\t\t\t\t<!DOCTYPE html>\r\n<html lang=\"es\">\r\n<head>\r\n  <meta charset=\"UTF-8\">\r\n  <meta name=\"viewport\" content=\"width=device-width, initial-scale=1.0\">\r\n  <link rel=\"preconnect\" href=\"https:\/\/fonts.googleapis.com\">\r\n  <link rel=\"preconnect\" href=\"https:\/\/fonts.gstatic.com\" crossorigin>\r\n  <link href=\"https:\/\/fonts.googleapis.com\/css2?family=Sansita:wght@800;900&family=Hanken+Grotesk:wght@400;500;600;700&display=swap\" rel=\"stylesheet\">\r\n\r\n  <style>\r\n    body {\r\n      margin: 0;\r\n      padding: 20px;\r\n      background-color: #ffffff;\r\n      color: #333;\r\n      font-family: 'Hanken Grotesk', sans-serif;\r\n    }\r\n\r\n    .titulo-resultados {\r\n      font-family: 'Sansita', sans-serif;\r\n      font-weight: 800;\r\n      font-size: 2rem;\r\n      margin-bottom: 24px;\r\n      text-align: center;\r\n      color: #000;\r\n    }\r\n\r\n    .bloque-resultados {\r\n      max-width: 800px;\r\n      margin: 0 auto;\r\n      padding: 20px;\r\n      border-radius: 20px;\r\n      background-color: #f9f9f9;\r\n      box-shadow: 0 5px 20px rgba(0,0,0,0.08);\r\n    }\r\n\r\n    .lista-resultados {\r\n      list-style: none;\r\n      display: grid;\r\n      grid-template-columns: repeat(auto-fit, minmax(220px, 1fr));\r\n      gap: 20px;\r\n      margin: 0;\r\n      padding: 0;\r\n    }\r\n\r\n    .item-resultado {\r\n      display: flex;\r\n      flex-direction: column;\r\n      align-items: center;\r\n      text-align: center;\r\n      gap: 6px;\r\n    }\r\n\r\n    .emoji {\r\n      font-size: 2.2rem;\r\n    }\r\n\r\n    .valor {\r\n      font-family: 'Hanken Grotesk', sans-serif;\r\n      font-weight: 700;\r\n      font-size: 1.8rem;\r\n      color: #000;\r\n    }\r\n\r\n    .etiqueta {\r\n      font-size: 1.1rem;\r\n      color: #555;\r\n      margin-top: 4px;\r\n    }\r\n  <\/style>\r\n<\/head>\r\n<body>\r\n\r\n  <h2 class=\"titulo-resultados\">Resultados de este a\u00f1o<\/h2 >\r\n\r\n  <div class=\"bloque-resultados\">\r\n    <ul class=\"lista-resultados\">\r\n      <!-- SEGUIDORES OBTENIDOS -->\r\n      <li class=\"item-resultado\">\r\n        <span class=\"emoji\">\ud83d\udc65<\/span>\r\n        <span class=\"valor\">+600<\/span>\r\n        <span class=\"etiqueta\">Seguidores obtenidos<\/span>\r\n      <\/li>\r\n\r\n      <!-- RECAUDADO -->\r\n      <li class=\"item-resultado\">\r\n        <span class=\"emoji\">\ud83d\udcb0\ufe0e<\/span>\r\n        <span class=\"valor\">28.000 \u20ac<\/span>\r\n        <span class=\"etiqueta\">Recaudado<\/span>\r\n      <\/li>\r\n\r\n      <!-- EFECTIVIDAD -->\r\n      <li class=\"item-resultado\">\r\n        <span class=\"emoji\">\ud83d\udcc8<\/span>\r\n        <span class=\"valor\">100 %<\/span>\r\n        <span class=\"etiqueta\">Efectividad<\/span>\r\n      <\/li>\r\n    <\/ul>\r\n  <\/div>\r\n\r\n<\/body>\r\n<\/html>\r\n\t\t\t\t<\/div>\n\t\t\t\t\t<\/div>\n\t\t\t\t<\/div>\n\t\t<div class=\"elementor-element elementor-element-479f7c3 e-flex e-con-boxed e-con e-parent\" data-id=\"479f7c3\" data-element_type=\"container\" data-e-type=\"container\">\n\t\t\t\t\t<div class=\"e-con-inner\">\n\t\t\t\t<div class=\"elementor-element elementor-element-8ca6f6f elementor-widget elementor-widget-spacer\" data-id=\"8ca6f6f\" data-element_type=\"widget\" data-e-type=\"widget\" data-widget_type=\"spacer.default\">\n\t\t\t\t\t\t\t<div class=\"elementor-spacer\">\n\t\t\t<div class=\"elementor-spacer-inner\"><\/div>\n\t\t<\/div>\n\t\t\t\t\t\t<\/div>\n\t\t\t\t\t<\/div>\n\t\t\t\t<\/div>\n\t\t<div class=\"elementor-element elementor-element-263a6e4 e-flex e-con-boxed e-con e-parent\" data-id=\"263a6e4\" data-element_type=\"container\" data-e-type=\"container\">\n\t\t\t\t\t<div class=\"e-con-inner\">\n\t\t\t\t<div class=\"elementor-element elementor-element-cb650ca elementor-widget elementor-widget-html\" data-id=\"cb650ca\" data-element_type=\"widget\" data-e-type=\"widget\" data-widget_type=\"html.default\">\n\t\t\t\t\t<link rel=\"stylesheet\" href=\"https:\/\/cdnjs.cloudflare.com\/ajax\/libs\/font-awesome\/6.5.0\/css\/all.min.css\">\r\n\r\n<style>\r\n  .ec-footer {\r\n    background: #b9d9b7; \/* Tu verde corporativo *\/\r\n    padding: 15px 0;\r\n    font-family: 'Hanken Grotesk', sans-serif;\r\n    \r\n    \/* TRUCO PARA ANCHO COMPLETO TOTAL: Rompe cualquier margen lateral *\/\r\n    width: 100vw;\r\n    position: relative;\r\n    left: 50%;\r\n    right: 50%;\r\n    margin-left: -50vw;\r\n    margin-right: -50vw;\r\n  }\r\n  \r\n  .ec-footer .ec-inner {\r\n    width: 100%;\r\n    max-width: 1100px; \/* El contenido interno s\u00ed se mantiene centrado *\/\r\n    margin: 0 auto;\r\n    padding: 0 40px;\r\n    display: flex;\r\n    align-items: center;\r\n    justify-content: space-between;\r\n    gap: 16px;\r\n    flex-wrap: wrap;\r\n    box-sizing: border-box;\r\n  }\r\n\r\n  .ec-footer .ec-left a {\r\n    color: #111;\r\n    text-decoration: none;\r\n    font-weight: 700;\r\n  }\r\n\r\n  .ec-footer .ec-center {\r\n    color: #111;\r\n    font-weight: 600;\r\n    text-align: center;\r\n    flex: 1;\r\n  }\r\n\r\n  .ec-footer .ec-social {\r\n    display: flex;\r\n    gap: 20px;\r\n    align-items: center;\r\n  }\r\n\r\n  .ec-footer .ec-social a {\r\n    color: #111;\r\n    font-size: 20px;\r\n    text-decoration: none;\r\n  }\r\n\r\n  \/* Ajuste para m\u00f3viles *\/\r\n  @media (max-width: 850px) {\r\n    .ec-footer .ec-inner {\r\n      flex-direction: column;\r\n      padding: 20px;\r\n    }\r\n  }\r\n<\/style>\r\n\r\n<footer class=\"ec-footer\">\r\n  <div class=\"ec-inner\">\r\n    <div class=\"ec-left\">\r\n      <a href=\"mailto:esteocomunica@gmail.com\">esteocomunica@gmail.com<\/a>\r\n    <\/div>\r\n    <div class=\"ec-center\">\r\n      IES Miguel Romero Esteo \u00b7 M\u00e1laga\r\n    <\/div>\r\n    <div class=\"ec-social\">\r\n      <a href=\"https:\/\/www.tiktok.com\/@esteocomunicafp\" target=\"_blank\" rel=\"noopener\"><i class=\"fab fa-tiktok\"><\/i><\/a>\r\n      <a href=\"https:\/\/www.facebook.com\/people\/Esteo-Comunica\/100088261239648\/\" target=\"_blank\" rel=\"noopener\"><i class=\"fab fa-facebook-f\"><\/i><\/a>\r\n      <a href=\"https:\/\/www.instagram.com\/esteocomunicafp\/\" target=\"_blank\" rel=\"noopener\"><i class=\"fab fa-instagram\"><\/i><\/a>\r\n      <a href=\"https:\/\/www.linkedin.com\/in\/esteo-comunica-fp-3429a9296\/\" target=\"_blank\" rel=\"noopener\"><i class=\"fab fa-linkedin-in\"><\/i><\/a>\r\n    <\/div>\r\n  <\/div>\r\n<\/footer>\t\t\t\t<\/div>\n\t\t\t\t\t<\/div>\n\t\t\t\t<\/div>\n\t\t\t\t<\/div>\n\t\t","protected":false},"excerpt":{"rendered":"<p>\u2039 \u203a \u00bfQu\u00e9 es Esteo Comunica? Esteo Comunica es una agencia de comunicaci\u00f3n simulada del IES Miguel Romero Esteo, de M\u00e1laga. Nuestro equipo est\u00e1 formado por estudiantes del segundo curso del Grado Superior en Marketing y Publicidad, quienes trabajan cada a\u00f1o en proyectos dise\u00f1ados para apoyar a asociaciones ben\u00e9ficas a trav\u00e9s del marketing social. Nuestra [&hellip;]<\/p>\n","protected":false},"author":1,"featured_media":0,"parent":0,"menu_order":0,"comment_status":"closed","ping_status":"closed","template":"","meta":{"footnotes":""},"class_list":["post-13","page","type-page","status-publish","hentry"],"_links":{"self":[{"href":"https:\/\/esteocomunicafp.com\/esteocomunica25-26\/wp-json\/wp\/v2\/pages\/13","targetHints":{"allow":["GET"]}}],"collection":[{"href":"https:\/\/esteocomunicafp.com\/esteocomunica25-26\/wp-json\/wp\/v2\/pages"}],"about":[{"href":"https:\/\/esteocomunicafp.com\/esteocomunica25-26\/wp-json\/wp\/v2\/types\/page"}],"author":[{"embeddable":true,"href":"https:\/\/esteocomunicafp.com\/esteocomunica25-26\/wp-json\/wp\/v2\/users\/1"}],"replies":[{"embeddable":true,"href":"https:\/\/esteocomunicafp.com\/esteocomunica25-26\/wp-json\/wp\/v2\/comments?post=13"}],"version-history":[{"count":135,"href":"https:\/\/esteocomunicafp.com\/esteocomunica25-26\/wp-json\/wp\/v2\/pages\/13\/revisions"}],"predecessor-version":[{"id":742,"href":"https:\/\/esteocomunicafp.com\/esteocomunica25-26\/wp-json\/wp\/v2\/pages\/13\/revisions\/742"}],"wp:attachment":[{"href":"https:\/\/esteocomunicafp.com\/esteocomunica25-26\/wp-json\/wp\/v2\/media?parent=13"}],"curies":[{"name":"wp","href":"https:\/\/api.w.org\/{rel}","templated":true}]}}