{"id":782,"date":"2024-01-17T13:16:01","date_gmt":"2024-01-17T12:16:01","guid":{"rendered":"https:\/\/esteocomunicafp.com\/esteocomunica23-24\/?page_id=782"},"modified":"2024-01-24T15:08:52","modified_gmt":"2024-01-24T14:08:52","slug":"venta-del-tunel-harena","status":"publish","type":"page","link":"https:\/\/esteocomunicafp.com\/esteocomunica23-24\/visitas\/venta-del-tunel-harena\/","title":{"rendered":"Restaurante Venta El T\u00fanel (Fundaci\u00f3n Harena)"},"content":{"rendered":"\n<p>El pasado 24 de noviembre, el equipo de Esteo Comunica particip\u00f3 como voluntario en la <strong>Zambomba Solidaria: Por una navidad en compa\u00f1\u00eda<\/strong>, organizada por <strong>Fundaci\u00f3n Harena<\/strong>.<\/p>\n\n\n\n<p>\u00a0La actividad tuvo lugar en la Venta El T\u00fanel en M\u00e1laga, tuvimos la oportunidad de contar con la actuaci\u00f3n de Encarni Navarro, la que proporcion\u00f3 al evento un ambiente agradable y animado en el que todo el mundo se quiso levantar para bailar, adem\u00e1s tuvieron la oportunidad de participar en varios sorteos.\u00a0<\/p>\n\n\n\n<p>Nuestro equipo se encarg\u00f3 de la presentaci\u00f3n y decoraci\u00f3n del espacio, as\u00ed como la colaboraci\u00f3n a la hora de cantar los premios.<\/p>\n\n\n\n<p>La Zambomba fue un \u00e9xito de participaci\u00f3n y diversi\u00f3n. Los asistentes disfrutaron de una rica comida acompa\u00f1ado de m\u00fasica y alegr\u00eda, en la que pudieron compartir un rato agradable con otros miembros de la comunidad.&nbsp;<\/p>\n\n\n\n<figure class=\"wp-block-image size-large is-resized\"><img fetchpriority=\"high\" decoding=\"async\" width=\"1024\" height=\"665\" src=\"https:\/\/esteocomunicafp.com\/esteocomunica23-24\/wp-content\/uploads\/2024\/01\/Copia-de-406045455_733422715485723_5434339283446338549_n-1-1024x665.jpeg\" alt=\"\" class=\"wp-image-1092\" style=\"width:549px;height:auto\" srcset=\"https:\/\/esteocomunicafp.com\/esteocomunica23-24\/wp-content\/uploads\/2024\/01\/Copia-de-406045455_733422715485723_5434339283446338549_n-1-1024x665.jpeg 1024w, https:\/\/esteocomunicafp.com\/esteocomunica23-24\/wp-content\/uploads\/2024\/01\/Copia-de-406045455_733422715485723_5434339283446338549_n-1-300x195.jpeg 300w, https:\/\/esteocomunicafp.com\/esteocomunica23-24\/wp-content\/uploads\/2024\/01\/Copia-de-406045455_733422715485723_5434339283446338549_n-1-768x499.jpeg 768w, https:\/\/esteocomunicafp.com\/esteocomunica23-24\/wp-content\/uploads\/2024\/01\/Copia-de-406045455_733422715485723_5434339283446338549_n-1-1536x998.jpeg 1536w, https:\/\/esteocomunicafp.com\/esteocomunica23-24\/wp-content\/uploads\/2024\/01\/Copia-de-406045455_733422715485723_5434339283446338549_n-1.jpeg 2048w\" sizes=\"(max-width: 1024px) 100vw, 1024px\" \/><\/figure>\n","protected":false},"excerpt":{"rendered":"<p>El pasado 24 de noviembre, el equipo de Esteo Comunica particip\u00f3 como voluntario en la Zambomba Solidaria: Por una navidad en compa\u00f1\u00eda, organizada por Fundaci\u00f3n Harena. \u00a0La actividad tuvo lugar en la Venta El T\u00fanel en M\u00e1laga, tuvimos la oportunidad de contar con la actuaci\u00f3n de Encarni Navarro, la que proporcion\u00f3 al evento un ambiente [&hellip;]<\/p>\n","protected":false},"author":3,"featured_media":0,"parent":569,"menu_order":0,"comment_status":"closed","ping_status":"closed","template":"","meta":{"site-sidebar-layout":"default","site-content-layout":"","ast-site-content-layout":"default","site-content-style":"default","site-sidebar-style":"default","ast-global-header-display":"","ast-banner-title-visibility":"","ast-main-header-display":"","ast-hfb-above-header-display":"","ast-hfb-below-header-display":"","ast-hfb-mobile-header-display":"","site-post-title":"","ast-breadcrumbs-content":"","ast-featured-img":"","footer-sml-layout":"","theme-transparent-header-meta":"","adv-header-id-meta":"","stick-header-meta":"","header-above-stick-meta":"","header-main-stick-meta":"","header-below-stick-meta":"","astra-migrate-meta-layouts":"default","ast-page-background-enabled":"default","ast-page-background-meta":{"desktop":{"background-color":"var(--ast-global-color-4)","background-image":"","background-repeat":"repeat","background-position":"center center","background-size":"auto","background-attachment":"scroll","background-type":"","background-media":"","overlay-type":"","overlay-color":"","overlay-opacity":"","overlay-gradient":""},"tablet":{"background-color":"","background-image":"","background-repeat":"repeat","background-position":"center center","background-size":"auto","background-attachment":"scroll","background-type":"","background-media":"","overlay-type":"","overlay-color":"","overlay-opacity":"","overlay-gradient":""},"mobile":{"background-color":"","background-image":"","background-repeat":"repeat","background-position":"center center","background-size":"auto","background-attachment":"scroll","background-type":"","background-media":"","overlay-type":"","overlay-color":"","overlay-opacity":"","overlay-gradient":""}},"ast-content-background-meta":{"desktop":{"background-color":"var(--ast-global-color-5)","background-image":"","background-repeat":"repeat","background-position":"center center","background-size":"auto","background-attachment":"scroll","background-type":"","background-media":"","overlay-type":"","overlay-color":"","overlay-opacity":"","overlay-gradient":""},"tablet":{"background-color":"var(--ast-global-color-5)","background-image":"","background-repeat":"repeat","background-position":"center center","background-size":"auto","background-attachment":"scroll","background-type":"","background-media":"","overlay-type":"","overlay-color":"","overlay-opacity":"","overlay-gradient":""},"mobile":{"background-color":"var(--ast-global-color-5)","background-image":"","background-repeat":"repeat","background-position":"center center","background-size":"auto","background-attachment":"scroll","background-type":"","background-media":"","overlay-type":"","overlay-color":"","overlay-opacity":"","overlay-gradient":""}},"footnotes":""},"class_list":["post-782","page","type-page","status-publish","hentry"],"_links":{"self":[{"href":"https:\/\/esteocomunicafp.com\/esteocomunica23-24\/wp-json\/wp\/v2\/pages\/782","targetHints":{"allow":["GET"]}}],"collection":[{"href":"https:\/\/esteocomunicafp.com\/esteocomunica23-24\/wp-json\/wp\/v2\/pages"}],"about":[{"href":"https:\/\/esteocomunicafp.com\/esteocomunica23-24\/wp-json\/wp\/v2\/types\/page"}],"author":[{"embeddable":true,"href":"https:\/\/esteocomunicafp.com\/esteocomunica23-24\/wp-json\/wp\/v2\/users\/3"}],"replies":[{"embeddable":true,"href":"https:\/\/esteocomunicafp.com\/esteocomunica23-24\/wp-json\/wp\/v2\/comments?post=782"}],"version-history":[{"count":8,"href":"https:\/\/esteocomunicafp.com\/esteocomunica23-24\/wp-json\/wp\/v2\/pages\/782\/revisions"}],"predecessor-version":[{"id":1328,"href":"https:\/\/esteocomunicafp.com\/esteocomunica23-24\/wp-json\/wp\/v2\/pages\/782\/revisions\/1328"}],"up":[{"embeddable":true,"href":"https:\/\/esteocomunicafp.com\/esteocomunica23-24\/wp-json\/wp\/v2\/pages\/569"}],"wp:attachment":[{"href":"https:\/\/esteocomunicafp.com\/esteocomunica23-24\/wp-json\/wp\/v2\/media?parent=782"}],"curies":[{"name":"wp","href":"https:\/\/api.w.org\/{rel}","templated":true}]}}