{"id":775,"date":"2024-01-17T13:11:04","date_gmt":"2024-01-17T12:11:04","guid":{"rendered":"https:\/\/esteocomunicafp.com\/esteocomunica23-24\/?page_id=775"},"modified":"2024-01-19T10:23:07","modified_gmt":"2024-01-19T09:23:07","slug":"halloween","status":"publish","type":"page","link":"https:\/\/esteocomunicafp.com\/esteocomunica23-24\/eventos\/halloween\/","title":{"rendered":"Feria de Halloween"},"content":{"rendered":"<p><style>\/*! elementor - v3.18.0 - 20-12-2023 *\/<br \/>\n.elementor-heading-title{padding:0;margin:0;line-height:1}.elementor-widget-heading .elementor-heading-title[class*=elementor-size-]>a{color:inherit;font-size:inherit;line-height:inherit}.elementor-widget-heading .elementor-heading-title.elementor-size-small{font-size:15px}.elementor-widget-heading .elementor-heading-title.elementor-size-medium{font-size:19px}.elementor-widget-heading .elementor-heading-title.elementor-size-large{font-size:29px}.elementor-widget-heading .elementor-heading-title.elementor-size-xl{font-size:39px}.elementor-widget-heading .elementor-heading-title.elementor-size-xxl{font-size:59px}<\/style><\/p>\n<h2>\u00a1Nuestra feria fue todo un \u00e9xito!<\/h2>\n<p dir=\"ltr\" style=\"text-align: justify;\">La <strong>feria de Halloween<\/strong> se celebr\u00f3 el 30 de octubre durante todo el d\u00eda y el 31, \u00fanicamente por la ma\u00f1ana en el patio delantero del <strong>I.E.S Miguel Romero Esteo<\/strong>.<\/p>\n<p dir=\"ltr\" style=\"text-align: justify;\">Contamos con un stand donde los visitantes pod\u00edan encontrar una amplia variedad de dulces, deliciosas palomitas de ma\u00edz y frutos secos, perfectos para un snack saludable, siendo \u00e9ste lo m\u00e1s popular de la feria.<\/p>\n\n\n<div class=\"wp-block-group is-nowrap is-layout-flex wp-container-core-group-is-layout-6c531013 wp-block-group-is-layout-flex\">\n<figure class=\"wp-block-image size-large\"><img fetchpriority=\"high\" decoding=\"async\" width=\"768\" height=\"1024\" src=\"https:\/\/esteocomunicafp.com\/esteocomunica23-24\/wp-content\/uploads\/2024\/01\/Foto-LinkedIn-caras-pixeladas-768x1024.jpg\" alt=\"\" class=\"wp-image-945\" srcset=\"https:\/\/esteocomunicafp.com\/esteocomunica23-24\/wp-content\/uploads\/2024\/01\/Foto-LinkedIn-caras-pixeladas-768x1024.jpg 768w, https:\/\/esteocomunicafp.com\/esteocomunica23-24\/wp-content\/uploads\/2024\/01\/Foto-LinkedIn-caras-pixeladas-225x300.jpg 225w, https:\/\/esteocomunicafp.com\/esteocomunica23-24\/wp-content\/uploads\/2024\/01\/Foto-LinkedIn-caras-pixeladas-1152x1536.jpg 1152w, https:\/\/esteocomunicafp.com\/esteocomunica23-24\/wp-content\/uploads\/2024\/01\/Foto-LinkedIn-caras-pixeladas.jpg 1200w\" sizes=\"(max-width: 768px) 100vw, 768px\" \/><\/figure>\n\n\n\n<figure class=\"wp-block-image size-large\"><img decoding=\"async\" width=\"768\" height=\"1024\" src=\"https:\/\/esteocomunicafp.com\/esteocomunica23-24\/wp-content\/uploads\/2024\/01\/IMG_1664-edited-768x1024.jpg\" alt=\"\" class=\"wp-image-949\" srcset=\"https:\/\/esteocomunicafp.com\/esteocomunica23-24\/wp-content\/uploads\/2024\/01\/IMG_1664-edited-768x1024.jpg 768w, https:\/\/esteocomunicafp.com\/esteocomunica23-24\/wp-content\/uploads\/2024\/01\/IMG_1664-edited-225x300.jpg 225w, https:\/\/esteocomunicafp.com\/esteocomunica23-24\/wp-content\/uploads\/2024\/01\/IMG_1664-edited-1152x1536.jpg 1152w, https:\/\/esteocomunicafp.com\/esteocomunica23-24\/wp-content\/uploads\/2024\/01\/IMG_1664-edited-1536x2048.jpg 1536w, https:\/\/esteocomunicafp.com\/esteocomunica23-24\/wp-content\/uploads\/2024\/01\/IMG_1664-edited-scaled.jpg 1920w\" sizes=\"(max-width: 768px) 100vw, 768px\" \/><\/figure>\n<\/div>\n\n\n\n<p>Tambi\u00e9n, pod\u00edas divertirte con nuestra gran variedad de <strong>juegos<\/strong>, como la \u201cBolera Encantada\u201d, la \u201cCaza de las Brujas\u201d, el \u201cWeenpong\u201d y los \u201cFantasmicos\u00bb, por el m\u00f3dico precio de tan solo 1\u20ac.<\/p>\n\n\n\n<p>Adem\u00e1s, hicimos una <strong>rifa de un cono gigante de chucher\u00edas y chocolates<\/strong>, la cual fue ganada por <strong>Alejandro Sedo<\/strong>, un alumno del turno de tarde.<\/p>\n\n\n\n<figure class=\"wp-block-image aligncenter size-large is-resized\"><img decoding=\"async\" width=\"1024\" height=\"770\" src=\"https:\/\/esteocomunicafp.com\/esteocomunica23-24\/wp-content\/uploads\/2024\/01\/IMG_1970-scaled-e1705580182568-1024x770.jpg\" alt=\"\" class=\"wp-image-965\" style=\"width:622px;height:auto\" srcset=\"https:\/\/esteocomunicafp.com\/esteocomunica23-24\/wp-content\/uploads\/2024\/01\/IMG_1970-scaled-e1705580182568-1024x770.jpg 1024w, https:\/\/esteocomunicafp.com\/esteocomunica23-24\/wp-content\/uploads\/2024\/01\/IMG_1970-scaled-e1705580182568-300x226.jpg 300w, https:\/\/esteocomunicafp.com\/esteocomunica23-24\/wp-content\/uploads\/2024\/01\/IMG_1970-scaled-e1705580182568-768x577.jpg 768w, https:\/\/esteocomunicafp.com\/esteocomunica23-24\/wp-content\/uploads\/2024\/01\/IMG_1970-scaled-e1705580182568-1536x1155.jpg 1536w, https:\/\/esteocomunicafp.com\/esteocomunica23-24\/wp-content\/uploads\/2024\/01\/IMG_1970-scaled-e1705580182568-2048x1539.jpg 2048w\" sizes=\"(max-width: 1024px) 100vw, 1024px\" \/><\/figure>\n\n\n\n<p>Queremos <strong>agradecer<\/strong> a los participantes, al profesorado y al instituto, por haber hecho esto posible.<\/p>\n","protected":false},"excerpt":{"rendered":"<p>\u00a1Nuestra feria fue todo un \u00e9xito! La feria de Halloween se celebr\u00f3 el 30 de octubre durante todo el d\u00eda y el 31, \u00fanicamente por la ma\u00f1ana en el patio delantero del I.E.S Miguel Romero Esteo. Contamos con un stand donde los visitantes pod\u00edan encontrar una amplia variedad de dulces, deliciosas palomitas de ma\u00edz y [&hellip;]<\/p>\n","protected":false},"author":3,"featured_media":1063,"parent":68,"menu_order":0,"comment_status":"closed","ping_status":"closed","template":"","meta":{"site-sidebar-layout":"default","site-content-layout":"","ast-site-content-layout":"normal-width-container","site-content-style":"default","site-sidebar-style":"default","ast-global-header-display":"","ast-banner-title-visibility":"","ast-main-header-display":"","ast-hfb-above-header-display":"","ast-hfb-below-header-display":"","ast-hfb-mobile-header-display":"","site-post-title":"disabled","ast-breadcrumbs-content":"","ast-featured-img":"","footer-sml-layout":"","theme-transparent-header-meta":"","adv-header-id-meta":"","stick-header-meta":"","header-above-stick-meta":"","header-main-stick-meta":"","header-below-stick-meta":"","astra-migrate-meta-layouts":"default","ast-page-background-enabled":"default","ast-page-background-meta":{"desktop":{"background-color":"var(--ast-global-color-4)","background-image":"","background-repeat":"repeat","background-position":"center center","background-size":"auto","background-attachment":"scroll","background-type":"","background-media":"","overlay-type":"","overlay-color":"","overlay-opacity":"","overlay-gradient":""},"tablet":{"background-color":"","background-image":"","background-repeat":"repeat","background-position":"center center","background-size":"auto","background-attachment":"scroll","background-type":"","background-media":"","overlay-type":"","overlay-color":"","overlay-opacity":"","overlay-gradient":""},"mobile":{"background-color":"","background-image":"","background-repeat":"repeat","background-position":"center center","background-size":"auto","background-attachment":"scroll","background-type":"","background-media":"","overlay-type":"","overlay-color":"","overlay-opacity":"","overlay-gradient":""}},"ast-content-background-meta":{"desktop":{"background-color":"var(--ast-global-color-5)","background-image":"","background-repeat":"repeat","background-position":"center center","background-size":"auto","background-attachment":"scroll","background-type":"","background-media":"","overlay-type":"","overlay-color":"","overlay-opacity":"","overlay-gradient":""},"tablet":{"background-color":"var(--ast-global-color-5)","background-image":"","background-repeat":"repeat","background-position":"center center","background-size":"auto","background-attachment":"scroll","background-type":"","background-media":"","overlay-type":"","overlay-color":"","overlay-opacity":"","overlay-gradient":""},"mobile":{"background-color":"var(--ast-global-color-5)","background-image":"","background-repeat":"repeat","background-position":"center center","background-size":"auto","background-attachment":"scroll","background-type":"","background-media":"","overlay-type":"","overlay-color":"","overlay-opacity":"","overlay-gradient":""}},"footnotes":""},"class_list":["post-775","page","type-page","status-publish","has-post-thumbnail","hentry"],"_links":{"self":[{"href":"https:\/\/esteocomunicafp.com\/esteocomunica23-24\/wp-json\/wp\/v2\/pages\/775","targetHints":{"allow":["GET"]}}],"collection":[{"href":"https:\/\/esteocomunicafp.com\/esteocomunica23-24\/wp-json\/wp\/v2\/pages"}],"about":[{"href":"https:\/\/esteocomunicafp.com\/esteocomunica23-24\/wp-json\/wp\/v2\/types\/page"}],"author":[{"embeddable":true,"href":"https:\/\/esteocomunicafp.com\/esteocomunica23-24\/wp-json\/wp\/v2\/users\/3"}],"replies":[{"embeddable":true,"href":"https:\/\/esteocomunicafp.com\/esteocomunica23-24\/wp-json\/wp\/v2\/comments?post=775"}],"version-history":[{"count":19,"href":"https:\/\/esteocomunicafp.com\/esteocomunica23-24\/wp-json\/wp\/v2\/pages\/775\/revisions"}],"predecessor-version":[{"id":1112,"href":"https:\/\/esteocomunicafp.com\/esteocomunica23-24\/wp-json\/wp\/v2\/pages\/775\/revisions\/1112"}],"up":[{"embeddable":true,"href":"https:\/\/esteocomunicafp.com\/esteocomunica23-24\/wp-json\/wp\/v2\/pages\/68"}],"wp:featuredmedia":[{"embeddable":true,"href":"https:\/\/esteocomunicafp.com\/esteocomunica23-24\/wp-json\/wp\/v2\/media\/1063"}],"wp:attachment":[{"href":"https:\/\/esteocomunicafp.com\/esteocomunica23-24\/wp-json\/wp\/v2\/media?parent=775"}],"curies":[{"name":"wp","href":"https:\/\/api.w.org\/{rel}","templated":true}]}}