{"id":771,"date":"2024-01-17T13:08:00","date_gmt":"2024-01-17T12:08:00","guid":{"rendered":"https:\/\/esteocomunicafp.com\/esteocomunica23-24\/?page_id=771"},"modified":"2024-01-23T10:41:57","modified_gmt":"2024-01-23T09:41:57","slug":"cartas","status":"publish","type":"page","link":"https:\/\/esteocomunicafp.com\/esteocomunica23-24\/eventos\/cartas\/","title":{"rendered":"Cartas para los mayores"},"content":{"rendered":"\t\t<div data-elementor-type=\"wp-page\" data-elementor-id=\"771\" class=\"elementor elementor-771\">\n\t\t\t\t<div class=\"elementor-element elementor-element-3d8d598 e-flex e-con-boxed e-con e-parent\" data-id=\"3d8d598\" data-element_type=\"container\">\n\t\t\t\t\t<div class=\"e-con-inner\">\n\t\t\t\t<div class=\"elementor-element elementor-element-6f9ed9b elementor-widget elementor-widget-heading\" data-id=\"6f9ed9b\" data-element_type=\"widget\" data-widget_type=\"heading.default\">\n\t\t\t\t<div class=\"elementor-widget-container\">\n\t\t\t\t\t<h2 class=\"elementor-heading-title elementor-size-xxl\"><span style=\"font-size: 15pt;font-family: Arial, sans-serif;background-color: transparent;vertical-align: baseline\">Concurso de cartas para los mayores<\/span><\/h2>\t\t\t\t<\/div>\n\t\t\t\t<\/div>\n\t\t\t\t\t<\/div>\n\t\t\t\t<\/div>\n\t\t<div class=\"elementor-element elementor-element-a7fe9e4 e-flex e-con-boxed e-con e-parent\" data-id=\"a7fe9e4\" data-element_type=\"container\">\n\t\t\t\t\t<div class=\"e-con-inner\">\n\t\t<div class=\"elementor-element elementor-element-6d53edc e-con-full e-flex e-con e-child\" data-id=\"6d53edc\" data-element_type=\"container\">\n\t\t\t\t<div class=\"elementor-element elementor-element-b665f01 elementor-widget elementor-widget-image\" data-id=\"b665f01\" data-element_type=\"widget\" data-widget_type=\"image.default\">\n\t\t\t\t<div class=\"elementor-widget-container\">\n\t\t\t\t\t\t\t\t\t\t\t\t\t\t\t<img fetchpriority=\"high\" decoding=\"async\" width=\"907\" height=\"487\" src=\"https:\/\/esteocomunicafp.com\/esteocomunica23-24\/wp-content\/uploads\/2024\/01\/imgcartas.png\" class=\"attachment-full size-full wp-image-1108\" alt=\"\" srcset=\"https:\/\/esteocomunicafp.com\/esteocomunica23-24\/wp-content\/uploads\/2024\/01\/imgcartas.png 907w, https:\/\/esteocomunicafp.com\/esteocomunica23-24\/wp-content\/uploads\/2024\/01\/imgcartas-300x161.png 300w, https:\/\/esteocomunicafp.com\/esteocomunica23-24\/wp-content\/uploads\/2024\/01\/imgcartas-768x412.png 768w\" sizes=\"(max-width: 907px) 100vw, 907px\" \/>\t\t\t\t\t\t\t\t\t\t\t\t\t\t\t<\/div>\n\t\t\t\t<\/div>\n\t\t\t\t<div class=\"elementor-element elementor-element-8eedb65 elementor-widget elementor-widget-text-editor\" data-id=\"8eedb65\" data-element_type=\"widget\" data-widget_type=\"text-editor.default\">\n\t\t\t\t<div class=\"elementor-widget-container\">\n\t\t\t\t\t\t\t\t\t<p><span style=\"font-weight: 400;\">Al inicio del curso, se nos ocurri\u00f3 una <strong>actividad<\/strong> que pod\u00eda hacer todo el alumnado y profesorado del centro, que consist\u00eda en escribirle una<\/span><b> carta motivadora<\/b><span style=\"font-weight: 400;\"> destinada a una persona mayor en necesidad de atenci\u00f3n, apoyo y cari\u00f1o.<\/span><\/p>\n<p><span><\/span><\/p>\n<p dir=\"ltr\" style=\"line-height:1.38;margin-top:0pt;margin-bottom:0pt;\"><span style=\"font-size:12pt;font-family:Arial,sans-serif;color:#000000;background-color:transparent;font-weight:400;font-style:normal;font-variant:normal;text-decoration:none;vertical-align:baseline;white-space:pre;white-space:pre-wrap;\">La actividad se realiz\u00f3 en el mes de octubre. Fue exitosa y activa para fomentar la escritura y como premio a la clase que escribiese la mejor carta, se llevaba una palmera gigante de <\/span><span style=\"font-size: 12pt; font-family: Arial, sans-serif; color: rgb(0, 0, 0); background-color: transparent; font-style: normal; font-variant: normal; text-decoration: none; vertical-align: baseline; white-space: pre-wrap;\"><b>La Kiki<\/b><\/span><span style=\"font-size:12pt;font-family:Arial,sans-serif;color:#000000;background-color:transparent;font-weight:400;font-style:normal;font-variant:normal;text-decoration:none;vertical-align:baseline;white-space:pre;white-space:pre-wrap;\">. El ganador de este concurso fue la <\/span><span style=\"font-size: 12pt; font-family: Arial, sans-serif; color: rgb(0, 0, 0); background-color: transparent; font-style: normal; font-variant: normal; text-decoration: none; vertical-align: baseline; white-space: pre-wrap;\"><b>clase de 2\u00baA<\/b><\/span><span style=\"font-size:12pt;font-family:Arial,sans-serif;color:#000000;background-color:transparent;font-weight:400;font-style:normal;font-variant:normal;text-decoration:none;vertical-align:baseline;white-space:pre;white-space:pre-wrap;\">. \u00a1Gracias por vuestra incre\u00edble labor y fomentaci\u00f3n de la escritura!<\/span><\/p>\t\t\t\t\t\t\t\t<\/div>\n\t\t\t\t<\/div>\n\t\t\t\t<\/div>\n\t\t<div class=\"elementor-element elementor-element-bd55d8e e-con-full e-flex e-con e-child\" data-id=\"bd55d8e\" data-element_type=\"container\">\n\t\t\t\t<div class=\"elementor-element elementor-element-d283667 elementor-widget__width-initial elementor-widget elementor-widget-image\" data-id=\"d283667\" data-element_type=\"widget\" data-widget_type=\"image.default\">\n\t\t\t\t<div class=\"elementor-widget-container\">\n\t\t\t\t\t\t\t\t\t\t\t\t\t\t\t<img decoding=\"async\" src=\"https:\/\/esteocomunicafp.com\/esteocomunica23-24\/wp-content\/uploads\/2024\/01\/IMG_1900-scaled-e1705663142876.jpg\" title=\"IMG_1900\" alt=\"IMG_1900\" loading=\"lazy\" \/>\t\t\t\t\t\t\t\t\t\t\t\t\t\t\t<\/div>\n\t\t\t\t<\/div>\n\t\t\t\t<div class=\"elementor-element elementor-element-810efd9 elementor-widget elementor-widget-text-editor\" data-id=\"810efd9\" data-element_type=\"widget\" data-widget_type=\"text-editor.default\">\n\t\t\t\t<div class=\"elementor-widget-container\">\n\t\t\t\t\t\t\t\t\t<p>Conseguimos recolectar numerosas cartas destinadas a los mayores y tambi\u00e9n recibimos peque\u00f1as manualidades y regalos.<\/p><p>Las cartas fueron entregadas el <b>d\u00eda de reyes<\/b> y gracias a vosotros, les regalasteis alegr\u00eda a las personas mayores en ese d\u00eda tan especial.<\/p>\t\t\t\t\t\t\t\t<\/div>\n\t\t\t\t<\/div>\n\t\t\t\t<\/div>\n\t\t\t\t\t<\/div>\n\t\t\t\t<\/div>\n\t\t<div class=\"elementor-element elementor-element-f9cf7b9 e-flex e-con-boxed e-con e-parent\" data-id=\"f9cf7b9\" data-element_type=\"container\">\n\t\t\t\t\t<div class=\"e-con-inner\">\n\t\t<div class=\"elementor-element elementor-element-0f04f45 e-con-full e-flex e-con e-child\" data-id=\"0f04f45\" data-element_type=\"container\">\n\t\t\t\t<div class=\"elementor-element elementor-element-b4a1ef9 elementor-widget elementor-widget-heading\" data-id=\"b4a1ef9\" data-element_type=\"widget\" data-widget_type=\"heading.default\">\n\t\t\t\t<div class=\"elementor-widget-container\">\n\t\t\t\t\t<h2 class=\"elementor-heading-title elementor-size-default\">Entrega de las cartas<\/h2>\t\t\t\t<\/div>\n\t\t\t\t<\/div>\n\t\t\t\t<div class=\"elementor-element elementor-element-9e4e58c elementor-widget elementor-widget-text-editor\" data-id=\"9e4e58c\" data-element_type=\"widget\" data-widget_type=\"text-editor.default\">\n\t\t\t\t<div class=\"elementor-widget-container\">\n\t\t\t\t\t\t\t\t\t<p>As\u00ed fueron entregadas las cartas recogidas en el <strong>IES Miguel Romero Esteo<\/strong>, en las residencias pertenecientes a la fundaci\u00f3n, fue un d\u00eda muy especial y emocionante para las personas mayores.<\/p>\t\t\t\t\t\t\t\t<\/div>\n\t\t\t\t<\/div>\n\t\t\t\t<\/div>\n\t\t\t\t<div class=\"elementor-element elementor-element-ea733db elementor-widget elementor-widget-image\" data-id=\"ea733db\" data-element_type=\"widget\" data-widget_type=\"image.default\">\n\t\t\t\t<div class=\"elementor-widget-container\">\n\t\t\t\t\t\t\t\t\t\t\t\t\t\t\t<img decoding=\"async\" width=\"1024\" height=\"1018\" src=\"https:\/\/esteocomunicafp.com\/esteocomunica23-24\/wp-content\/uploads\/2024\/01\/Imagen-de-WhatsApp-2024-01-22-a-las-18.37.34_cb770276-1024x1018.jpg\" class=\"attachment-large size-large wp-image-1226\" alt=\"\" srcset=\"https:\/\/esteocomunicafp.com\/esteocomunica23-24\/wp-content\/uploads\/2024\/01\/Imagen-de-WhatsApp-2024-01-22-a-las-18.37.34_cb770276-1024x1018.jpg 1024w, https:\/\/esteocomunicafp.com\/esteocomunica23-24\/wp-content\/uploads\/2024\/01\/Imagen-de-WhatsApp-2024-01-22-a-las-18.37.34_cb770276-300x298.jpg 300w, https:\/\/esteocomunicafp.com\/esteocomunica23-24\/wp-content\/uploads\/2024\/01\/Imagen-de-WhatsApp-2024-01-22-a-las-18.37.34_cb770276-150x150.jpg 150w, https:\/\/esteocomunicafp.com\/esteocomunica23-24\/wp-content\/uploads\/2024\/01\/Imagen-de-WhatsApp-2024-01-22-a-las-18.37.34_cb770276-768x763.jpg 768w, https:\/\/esteocomunicafp.com\/esteocomunica23-24\/wp-content\/uploads\/2024\/01\/Imagen-de-WhatsApp-2024-01-22-a-las-18.37.34_cb770276.jpg 1170w\" sizes=\"(max-width: 1024px) 100vw, 1024px\" \/>\t\t\t\t\t\t\t\t\t\t\t\t\t\t\t<\/div>\n\t\t\t\t<\/div>\n\t\t\t\t<div class=\"elementor-element elementor-element-0e8aa8d elementor-widget elementor-widget-image\" data-id=\"0e8aa8d\" data-element_type=\"widget\" data-widget_type=\"image.default\">\n\t\t\t\t<div class=\"elementor-widget-container\">\n\t\t\t\t\t\t\t\t\t\t\t\t\t\t\t<img decoding=\"async\" width=\"1024\" height=\"1022\" src=\"https:\/\/esteocomunicafp.com\/esteocomunica23-24\/wp-content\/uploads\/2024\/01\/Imagen-de-WhatsApp-2024-01-22-a-las-18.37.51_9ffa5222-1024x1022.jpg\" class=\"attachment-large size-large wp-image-1227\" alt=\"\" srcset=\"https:\/\/esteocomunicafp.com\/esteocomunica23-24\/wp-content\/uploads\/2024\/01\/Imagen-de-WhatsApp-2024-01-22-a-las-18.37.51_9ffa5222-1024x1022.jpg 1024w, https:\/\/esteocomunicafp.com\/esteocomunica23-24\/wp-content\/uploads\/2024\/01\/Imagen-de-WhatsApp-2024-01-22-a-las-18.37.51_9ffa5222-300x300.jpg 300w, https:\/\/esteocomunicafp.com\/esteocomunica23-24\/wp-content\/uploads\/2024\/01\/Imagen-de-WhatsApp-2024-01-22-a-las-18.37.51_9ffa5222-150x150.jpg 150w, https:\/\/esteocomunicafp.com\/esteocomunica23-24\/wp-content\/uploads\/2024\/01\/Imagen-de-WhatsApp-2024-01-22-a-las-18.37.51_9ffa5222-768x767.jpg 768w, https:\/\/esteocomunicafp.com\/esteocomunica23-24\/wp-content\/uploads\/2024\/01\/Imagen-de-WhatsApp-2024-01-22-a-las-18.37.51_9ffa5222.jpg 1170w\" sizes=\"(max-width: 1024px) 100vw, 1024px\" \/>\t\t\t\t\t\t\t\t\t\t\t\t\t\t\t<\/div>\n\t\t\t\t<\/div>\n\t\t\t\t\t<\/div>\n\t\t\t\t<\/div>\n\t\t\t\t<\/div>\n\t\t","protected":false},"excerpt":{"rendered":"<p>Concurso de cartas para los mayores Al inicio del curso, se nos ocurri\u00f3 una actividad que pod\u00eda hacer todo el alumnado y profesorado del centro, que consist\u00eda en escribirle una carta motivadora destinada a una persona mayor en necesidad de atenci\u00f3n, apoyo y cari\u00f1o. La actividad se realiz\u00f3 en el mes de octubre. Fue exitosa [&hellip;]<\/p>\n","protected":false},"author":3,"featured_media":0,"parent":68,"menu_order":0,"comment_status":"closed","ping_status":"closed","template":"","meta":{"site-sidebar-layout":"no-sidebar","site-content-layout":"","ast-site-content-layout":"full-width-container","site-content-style":"default","site-sidebar-style":"default","ast-global-header-display":"","ast-banner-title-visibility":"","ast-main-header-display":"","ast-hfb-above-header-display":"","ast-hfb-below-header-display":"","ast-hfb-mobile-header-display":"","site-post-title":"disabled","ast-breadcrumbs-content":"","ast-featured-img":"disabled","footer-sml-layout":"","theme-transparent-header-meta":"","adv-header-id-meta":"","stick-header-meta":"","header-above-stick-meta":"","header-main-stick-meta":"","header-below-stick-meta":"","astra-migrate-meta-layouts":"default","ast-page-background-enabled":"default","ast-page-background-meta":{"desktop":{"background-color":"var(--ast-global-color-4)","background-image":"","background-repeat":"repeat","background-position":"center center","background-size":"auto","background-attachment":"scroll","background-type":"","background-media":"","overlay-type":"","overlay-color":"","overlay-opacity":"","overlay-gradient":""},"tablet":{"background-color":"","background-image":"","background-repeat":"repeat","background-position":"center center","background-size":"auto","background-attachment":"scroll","background-type":"","background-media":"","overlay-type":"","overlay-color":"","overlay-opacity":"","overlay-gradient":""},"mobile":{"background-color":"","background-image":"","background-repeat":"repeat","background-position":"center center","background-size":"auto","background-attachment":"scroll","background-type":"","background-media":"","overlay-type":"","overlay-color":"","overlay-opacity":"","overlay-gradient":""}},"ast-content-background-meta":{"desktop":{"background-color":"var(--ast-global-color-5)","background-image":"","background-repeat":"repeat","background-position":"center center","background-size":"auto","background-attachment":"scroll","background-type":"","background-media":"","overlay-type":"","overlay-color":"","overlay-opacity":"","overlay-gradient":""},"tablet":{"background-color":"var(--ast-global-color-5)","background-image":"","background-repeat":"repeat","background-position":"center center","background-size":"auto","background-attachment":"scroll","background-type":"","background-media":"","overlay-type":"","overlay-color":"","overlay-opacity":"","overlay-gradient":""},"mobile":{"background-color":"var(--ast-global-color-5)","background-image":"","background-repeat":"repeat","background-position":"center center","background-size":"auto","background-attachment":"scroll","background-type":"","background-media":"","overlay-type":"","overlay-color":"","overlay-opacity":"","overlay-gradient":""}},"footnotes":""},"class_list":["post-771","page","type-page","status-publish","hentry"],"_links":{"self":[{"href":"https:\/\/esteocomunicafp.com\/esteocomunica23-24\/wp-json\/wp\/v2\/pages\/771","targetHints":{"allow":["GET"]}}],"collection":[{"href":"https:\/\/esteocomunicafp.com\/esteocomunica23-24\/wp-json\/wp\/v2\/pages"}],"about":[{"href":"https:\/\/esteocomunicafp.com\/esteocomunica23-24\/wp-json\/wp\/v2\/types\/page"}],"author":[{"embeddable":true,"href":"https:\/\/esteocomunicafp.com\/esteocomunica23-24\/wp-json\/wp\/v2\/users\/3"}],"replies":[{"embeddable":true,"href":"https:\/\/esteocomunicafp.com\/esteocomunica23-24\/wp-json\/wp\/v2\/comments?post=771"}],"version-history":[{"count":20,"href":"https:\/\/esteocomunicafp.com\/esteocomunica23-24\/wp-json\/wp\/v2\/pages\/771\/revisions"}],"predecessor-version":[{"id":1271,"href":"https:\/\/esteocomunicafp.com\/esteocomunica23-24\/wp-json\/wp\/v2\/pages\/771\/revisions\/1271"}],"up":[{"embeddable":true,"href":"https:\/\/esteocomunicafp.com\/esteocomunica23-24\/wp-json\/wp\/v2\/pages\/68"}],"wp:attachment":[{"href":"https:\/\/esteocomunicafp.com\/esteocomunica23-24\/wp-json\/wp\/v2\/media?parent=771"}],"curies":[{"name":"wp","href":"https:\/\/api.w.org\/{rel}","templated":true}]}}