{"id":731,"date":"2024-01-16T11:04:49","date_gmt":"2024-01-16T10:04:49","guid":{"rendered":"https:\/\/esteocomunicafp.com\/esteocomunica23-24\/?page_id=731"},"modified":"2024-01-19T09:33:21","modified_gmt":"2024-01-19T08:33:21","slug":"fuengirola-tv","status":"publish","type":"page","link":"https:\/\/esteocomunicafp.com\/esteocomunica23-24\/medios-de-comunicacion\/fuengirola-tv\/","title":{"rendered":"Fuengirola TV"},"content":{"rendered":"\n<p>El 15 de diciembre de 2023 tuvimos el placer de participar en el programa el \u201cPatio de Fuengirola\u201d  en <strong><em>Fuengirola TV<\/em><\/strong> donde tuvimos la oportunidad de explicar de qu\u00e9 manera trabajamos en nuestra Agencia Simulada de Comunicaci\u00f3n <strong><em>Esteo Comunica<\/em><\/strong>.<\/p>\n\n\n\n<p>\u00c1ngel Escalona Nu\u00f1ez y Vittoria Di Stefano como miembros de la agencia compartieron con entusiasmo los detalles del  proyecto solidario en colaboraci\u00f3n con la <strong><em>Fundaci\u00f3n Harena.<\/em><\/strong><\/p>\n\n\n\n<figure class=\"wp-block-image aligncenter size-large is-resized\"><img fetchpriority=\"high\" decoding=\"async\" width=\"2560\" height=\"2560\" src=\"https:\/\/esteocomunicafp.com\/esteocomunica23-24\/wp-content\/uploads\/2024\/01\/IMG_4129-edited-scaled.jpg\" alt=\"Esteo Comunica en Fuengirola TV\" class=\"wp-image-1084\" style=\"width:384px;height:auto\" srcset=\"https:\/\/esteocomunicafp.com\/esteocomunica23-24\/wp-content\/uploads\/2024\/01\/IMG_4129-edited-scaled.jpg 2560w, https:\/\/esteocomunicafp.com\/esteocomunica23-24\/wp-content\/uploads\/2024\/01\/IMG_4129-edited-300x300.jpg 300w, https:\/\/esteocomunicafp.com\/esteocomunica23-24\/wp-content\/uploads\/2024\/01\/IMG_4129-edited-1024x1024.jpg 1024w, https:\/\/esteocomunicafp.com\/esteocomunica23-24\/wp-content\/uploads\/2024\/01\/IMG_4129-edited-150x150.jpg 150w, https:\/\/esteocomunicafp.com\/esteocomunica23-24\/wp-content\/uploads\/2024\/01\/IMG_4129-edited-768x768.jpg 768w, https:\/\/esteocomunicafp.com\/esteocomunica23-24\/wp-content\/uploads\/2024\/01\/IMG_4129-edited-1536x1536.jpg 1536w, https:\/\/esteocomunicafp.com\/esteocomunica23-24\/wp-content\/uploads\/2024\/01\/IMG_4129-edited-2048x2048.jpg 2048w\" sizes=\"(max-width: 2560px) 100vw, 2560px\" \/><\/figure>\n\n\n\n<p>Durante la entrevista se explico con detalla la metodolog\u00eda innovadora ABR, qu\u00e9 retos hemos realizado a lo largo del a\u00f1o escolar como fue la campa\u00f1a para dar a conocer a la fundaci\u00f3n en el centro llamada \u201cCarta a Nuestros Mayores\u201d, la exitosa Feria de Halloween y la Feria Navide\u00f1a donde aprovechamos para promocionar la venta de papeletas en la que se rifaba una cesta navide\u00f1a con productos como turrones, una pata de jam\u00f3n, quesos, embutidos, chocolates, entre otros.&nbsp;<\/p>\n\n\n\n<p>Adem\u00e1s anunciamos los retos que realizaremos pr\u00f3ximamente adem\u00e1s de promocionar nuestra tan esperada <strong><em>Gala Ben\u00e9fica \u201cBrillando por Nuestros Mayores\u201c <\/em><\/strong>que tendr\u00e1 lugar el 17 de Febrero de 2024 en el <strong><em>Auditorio Edgar Neville<\/em><\/strong> en M\u00e1laga desde las 17.30 horas hasta las 20.15 horas donde se contar\u00e1n con varios artistas tanto humor\u00edsticas, como cantautores y grupos de comparsa.<\/p>\n\n\n\n<p>Pincha abajo para ver la entrevista completa.<\/p>\n\n\n\n<figure class=\"wp-block-embed aligncenter is-type-wp-embed is-provider-fuengirola-televisi-n wp-block-embed-fuengirola-televisi-n\"><div class=\"wp-block-embed__wrapper\">\n<blockquote class=\"wp-embedded-content\" data-secret=\"8mrQrU5HWs\"><a href=\"https:\/\/fuengirolatv.com\/a-la-carta\/el-patio-de-fuengirola\/el-patio-de-fuengirola-15-12-2023\/\">EL PATIO DE FUENGIROLA 15-12-2023<\/a><\/blockquote><iframe class=\"wp-embedded-content\" sandbox=\"allow-scripts\" security=\"restricted\" style=\"position: absolute; visibility: hidden;\" title=\"\u00abEL PATIO DE FUENGIROLA 15-12-2023\u00bb \u2014 Fuengirola Televisi\u00f3n\" src=\"https:\/\/fuengirolatv.com\/a-la-carta\/el-patio-de-fuengirola\/el-patio-de-fuengirola-15-12-2023\/embed\/#?secret=9aQdAQeAHY#?secret=8mrQrU5HWs\" data-secret=\"8mrQrU5HWs\" width=\"500\" height=\"282\" frameborder=\"0\" marginwidth=\"0\" marginheight=\"0\" scrolling=\"no\"><\/iframe>\n<\/div><\/figure>\n","protected":false},"excerpt":{"rendered":"<p>El 15 de diciembre de 2023 tuvimos el placer de participar en el programa el \u201cPatio de Fuengirola\u201d en Fuengirola TV donde tuvimos la oportunidad de explicar de qu\u00e9 manera trabajamos en nuestra Agencia Simulada de Comunicaci\u00f3n Esteo Comunica. \u00c1ngel Escalona Nu\u00f1ez y Vittoria Di Stefano como miembros de la agencia compartieron con entusiasmo los [&hellip;]<\/p>\n","protected":false},"author":26,"featured_media":0,"parent":70,"menu_order":0,"comment_status":"closed","ping_status":"closed","template":"","meta":{"site-sidebar-layout":"default","site-content-layout":"","ast-site-content-layout":"default","site-content-style":"default","site-sidebar-style":"default","ast-global-header-display":"","ast-banner-title-visibility":"","ast-main-header-display":"","ast-hfb-above-header-display":"","ast-hfb-below-header-display":"","ast-hfb-mobile-header-display":"","site-post-title":"","ast-breadcrumbs-content":"","ast-featured-img":"","footer-sml-layout":"","theme-transparent-header-meta":"","adv-header-id-meta":"","stick-header-meta":"","header-above-stick-meta":"","header-main-stick-meta":"","header-below-stick-meta":"","astra-migrate-meta-layouts":"default","ast-page-background-enabled":"default","ast-page-background-meta":{"desktop":{"background-color":"var(--ast-global-color-4)","background-image":"","background-repeat":"repeat","background-position":"center center","background-size":"auto","background-attachment":"scroll","background-type":"","background-media":"","overlay-type":"","overlay-color":"","overlay-opacity":"","overlay-gradient":""},"tablet":{"background-color":"","background-image":"","background-repeat":"repeat","background-position":"center center","background-size":"auto","background-attachment":"scroll","background-type":"","background-media":"","overlay-type":"","overlay-color":"","overlay-opacity":"","overlay-gradient":""},"mobile":{"background-color":"","background-image":"","background-repeat":"repeat","background-position":"center center","background-size":"auto","background-attachment":"scroll","background-type":"","background-media":"","overlay-type":"","overlay-color":"","overlay-opacity":"","overlay-gradient":""}},"ast-content-background-meta":{"desktop":{"background-color":"var(--ast-global-color-5)","background-image":"","background-repeat":"repeat","background-position":"center center","background-size":"auto","background-attachment":"scroll","background-type":"","background-media":"","overlay-type":"","overlay-color":"","overlay-opacity":"","overlay-gradient":""},"tablet":{"background-color":"var(--ast-global-color-5)","background-image":"","background-repeat":"repeat","background-position":"center center","background-size":"auto","background-attachment":"scroll","background-type":"","background-media":"","overlay-type":"","overlay-color":"","overlay-opacity":"","overlay-gradient":""},"mobile":{"background-color":"var(--ast-global-color-5)","background-image":"","background-repeat":"repeat","background-position":"center center","background-size":"auto","background-attachment":"scroll","background-type":"","background-media":"","overlay-type":"","overlay-color":"","overlay-opacity":"","overlay-gradient":""}},"footnotes":""},"class_list":["post-731","page","type-page","status-publish","hentry"],"_links":{"self":[{"href":"https:\/\/esteocomunicafp.com\/esteocomunica23-24\/wp-json\/wp\/v2\/pages\/731","targetHints":{"allow":["GET"]}}],"collection":[{"href":"https:\/\/esteocomunicafp.com\/esteocomunica23-24\/wp-json\/wp\/v2\/pages"}],"about":[{"href":"https:\/\/esteocomunicafp.com\/esteocomunica23-24\/wp-json\/wp\/v2\/types\/page"}],"author":[{"embeddable":true,"href":"https:\/\/esteocomunicafp.com\/esteocomunica23-24\/wp-json\/wp\/v2\/users\/26"}],"replies":[{"embeddable":true,"href":"https:\/\/esteocomunicafp.com\/esteocomunica23-24\/wp-json\/wp\/v2\/comments?post=731"}],"version-history":[{"count":9,"href":"https:\/\/esteocomunicafp.com\/esteocomunica23-24\/wp-json\/wp\/v2\/pages\/731\/revisions"}],"predecessor-version":[{"id":1086,"href":"https:\/\/esteocomunicafp.com\/esteocomunica23-24\/wp-json\/wp\/v2\/pages\/731\/revisions\/1086"}],"up":[{"embeddable":true,"href":"https:\/\/esteocomunicafp.com\/esteocomunica23-24\/wp-json\/wp\/v2\/pages\/70"}],"wp:attachment":[{"href":"https:\/\/esteocomunicafp.com\/esteocomunica23-24\/wp-json\/wp\/v2\/media?parent=731"}],"curies":[{"name":"wp","href":"https:\/\/api.w.org\/{rel}","templated":true}]}}