{"id":726,"date":"2024-01-16T11:04:15","date_gmt":"2024-01-16T10:04:15","guid":{"rendered":"https:\/\/esteocomunicafp.com\/esteocomunica23-24\/?page_id=726"},"modified":"2024-01-19T12:07:03","modified_gmt":"2024-01-19T11:07:03","slug":"entrevista-101tv-soy-malaga","status":"publish","type":"page","link":"https:\/\/esteocomunicafp.com\/esteocomunica23-24\/medios-de-comunicacion\/entrevista-101tv-soy-malaga\/","title":{"rendered":"Entrevista 101TV \u00abSoy M\u00e1laga\u00bb"},"content":{"rendered":"\n<h2 class=\"wp-block-heading has-medium-font-size\"><strong>Esteo Comunica apareci\u00f3 el pasado 20 de noviembre en el programa \u00abSoy M\u00e1laga\u00bb 101 TV, para contar los proyectos que se est\u00e1n llevando a cabo a lo largo de este curso, colaborando con Fundaci\u00f3n Harena.<\/strong><\/h2>\n\n\n\n<figure class=\"wp-block-embed is-type-video is-provider-youtube wp-block-embed-youtube wp-embed-aspect-16-9 wp-has-aspect-ratio\"><div class=\"wp-block-embed__wrapper\">\n<div class=\"ast-oembed-container \" style=\"height: 100%;\"><iframe title=\"\ud83d\udd34 Soy M\u00e1laga | Actualidad, entrevistas, noticias de M\u00e1laga | 20 NOVIEMBRE\" width=\"500\" height=\"281\" src=\"https:\/\/www.youtube.com\/embed\/ojBZQnbbjyE?feature=oembed\" frameborder=\"0\" allow=\"accelerometer; autoplay; clipboard-write; encrypted-media; gyroscope; picture-in-picture; web-share\" referrerpolicy=\"strict-origin-when-cross-origin\" allowfullscreen><\/iframe><\/div>\n<\/div><\/figure>\n\n\n\n<p>Durante la entrevista estuvimos explicando la metodolog\u00eda que utilizamos, consiste en el aprendizaje basado en retos que tiene como objetivo desarrollar las competencias y habilidades de los alumnos. El alumnado busca soluciones reales a los problemas planteados de forma activa. Somos protagonistas de nuestro propio aprendizaje. Nombramos las distintas actividades que hemos realizado para recaudar fondos y dar visibilidad a la fundaci\u00f3n. <\/p>\n\n\n\n<p>Comentamos los eventos pr\u00f3ximos como por ejemplo la Gala Ben\u00e9fica que se realizar\u00e1 el pr\u00f3ximo 17 de febrero en el Auditorio Edgar Neville, en el que habr\u00e1 musica en directo de muchos estilos, como comparsa, flamenco, pop, humor&#8230; <\/p>\n\n\n\n<p>Para finalizar la entrevista nos despedimos con una propuesta para el presentador, para el evento nombrado anteriormente, para presentar dicha gala.<\/p>\n","protected":false},"excerpt":{"rendered":"<p>Esteo Comunica apareci\u00f3 el pasado 20 de noviembre en el programa \u00abSoy M\u00e1laga\u00bb 101 TV, para contar los proyectos que se est\u00e1n llevando a cabo a lo largo de este curso, colaborando con Fundaci\u00f3n Harena. Durante la entrevista estuvimos explicando la metodolog\u00eda que utilizamos, consiste en el aprendizaje basado en retos que tiene como objetivo [&hellip;]<\/p>\n","protected":false},"author":26,"featured_media":920,"parent":70,"menu_order":0,"comment_status":"closed","ping_status":"closed","template":"","meta":{"site-sidebar-layout":"default","site-content-layout":"","ast-site-content-layout":"default","site-content-style":"default","site-sidebar-style":"default","ast-global-header-display":"","ast-banner-title-visibility":"","ast-main-header-display":"","ast-hfb-above-header-display":"","ast-hfb-below-header-display":"","ast-hfb-mobile-header-display":"","site-post-title":"","ast-breadcrumbs-content":"","ast-featured-img":"","footer-sml-layout":"","theme-transparent-header-meta":"","adv-header-id-meta":"","stick-header-meta":"","header-above-stick-meta":"","header-main-stick-meta":"","header-below-stick-meta":"","astra-migrate-meta-layouts":"default","ast-page-background-enabled":"default","ast-page-background-meta":{"desktop":{"background-color":"var(--ast-global-color-4)","background-image":"","background-repeat":"repeat","background-position":"center center","background-size":"auto","background-attachment":"scroll","background-type":"","background-media":"","overlay-type":"","overlay-color":"","overlay-opacity":"","overlay-gradient":""},"tablet":{"background-color":"","background-image":"","background-repeat":"repeat","background-position":"center center","background-size":"auto","background-attachment":"scroll","background-type":"","background-media":"","overlay-type":"","overlay-color":"","overlay-opacity":"","overlay-gradient":""},"mobile":{"background-color":"","background-image":"","background-repeat":"repeat","background-position":"center center","background-size":"auto","background-attachment":"scroll","background-type":"","background-media":"","overlay-type":"","overlay-color":"","overlay-opacity":"","overlay-gradient":""}},"ast-content-background-meta":{"desktop":{"background-color":"var(--ast-global-color-5)","background-image":"","background-repeat":"repeat","background-position":"center center","background-size":"auto","background-attachment":"scroll","background-type":"","background-media":"","overlay-type":"","overlay-color":"","overlay-opacity":"","overlay-gradient":""},"tablet":{"background-color":"var(--ast-global-color-5)","background-image":"","background-repeat":"repeat","background-position":"center center","background-size":"auto","background-attachment":"scroll","background-type":"","background-media":"","overlay-type":"","overlay-color":"","overlay-opacity":"","overlay-gradient":""},"mobile":{"background-color":"var(--ast-global-color-5)","background-image":"","background-repeat":"repeat","background-position":"center center","background-size":"auto","background-attachment":"scroll","background-type":"","background-media":"","overlay-type":"","overlay-color":"","overlay-opacity":"","overlay-gradient":""}},"footnotes":""},"class_list":["post-726","page","type-page","status-publish","has-post-thumbnail","hentry"],"_links":{"self":[{"href":"https:\/\/esteocomunicafp.com\/esteocomunica23-24\/wp-json\/wp\/v2\/pages\/726","targetHints":{"allow":["GET"]}}],"collection":[{"href":"https:\/\/esteocomunicafp.com\/esteocomunica23-24\/wp-json\/wp\/v2\/pages"}],"about":[{"href":"https:\/\/esteocomunicafp.com\/esteocomunica23-24\/wp-json\/wp\/v2\/types\/page"}],"author":[{"embeddable":true,"href":"https:\/\/esteocomunicafp.com\/esteocomunica23-24\/wp-json\/wp\/v2\/users\/26"}],"replies":[{"embeddable":true,"href":"https:\/\/esteocomunicafp.com\/esteocomunica23-24\/wp-json\/wp\/v2\/comments?post=726"}],"version-history":[{"count":5,"href":"https:\/\/esteocomunicafp.com\/esteocomunica23-24\/wp-json\/wp\/v2\/pages\/726\/revisions"}],"predecessor-version":[{"id":921,"href":"https:\/\/esteocomunicafp.com\/esteocomunica23-24\/wp-json\/wp\/v2\/pages\/726\/revisions\/921"}],"up":[{"embeddable":true,"href":"https:\/\/esteocomunicafp.com\/esteocomunica23-24\/wp-json\/wp\/v2\/pages\/70"}],"wp:featuredmedia":[{"embeddable":true,"href":"https:\/\/esteocomunicafp.com\/esteocomunica23-24\/wp-json\/wp\/v2\/media\/920"}],"wp:attachment":[{"href":"https:\/\/esteocomunicafp.com\/esteocomunica23-24\/wp-json\/wp\/v2\/media?parent=726"}],"curies":[{"name":"wp","href":"https:\/\/api.w.org\/{rel}","templated":true}]}}