{"id":724,"date":"2024-01-16T11:03:33","date_gmt":"2024-01-16T10:03:33","guid":{"rendered":"https:\/\/esteocomunicafp.com\/esteocomunica23-24\/?page_id=724"},"modified":"2024-01-19T12:06:55","modified_gmt":"2024-01-19T11:06:55","slug":"diario-sur","status":"publish","type":"page","link":"https:\/\/esteocomunicafp.com\/esteocomunica23-24\/medios-de-comunicacion\/diario-sur\/","title":{"rendered":"Diario Sur"},"content":{"rendered":"\n<h2 class=\"wp-block-heading has-medium-font-size\">Esteo Comunica apareci\u00f3 el pasado 20 de noviembre en Diario Sur, para contar los proyectos que se est\u00e1n llevando a cabo a lo largo de este curso, colaborando con Fundaci\u00f3n Harena. <\/h2>\n\n\n\n<blockquote class=\"wp-block-quote is-layout-flow wp-block-quote-is-layout-flow\">\n<p>Quien diga que los j\u00f3venes no est\u00e1n involucrados en sus estudios es que no conocen a los 23 alumnos de segundo curso del grado superior de Marketing y Publicidad del IES Romero Esteo. Tampoco les conocen si dicen que los j\u00f3venes no se vuelcan con los m\u00e1s mayores. Ellos son el claro ejemplo de que con las ganas y la implicaci\u00f3n llegan los resultados y desde el a\u00f1o pasado ponen a prueba su aprendizaje creando una agencia de comunicaci\u00f3n sin \u00e1nimo de lucro que vaya ligada directamente con alguna asociaci\u00f3n malague\u00f1a. \u00abLos profesores decidieron ense\u00f1arnos a trav\u00e9s de una metodolog\u00eda basada en el aprendizaje en retos, que es mucho mejor que en la escucha de teor\u00eda. Nos dan p\u00edldoras de 15 minutos y ya nos ponemos a trabajar en los eventos que tenemos que llevar a cabo\u00bb, informa la portavoz de este grupo de alumnos, Noelia Garc\u00eda M\u00e9ndez.<\/p>\n<cite>Escribe <em>Cristina Pinto <\/em>en <strong>SUR<\/strong><\/cite><\/blockquote>\n\n\n\n<p><a href=\"https:\/\/www.diariosur.es\/accion-solidaria\/compromiso-jovenes-mayores-20231117004046-nt_amp.html\" target=\"_blank\" rel=\"noreferrer noopener\"><\/a><strong>Puedes leer el art\u00edculo completo pulsando este enlace: <a href=\"https:\/\/www.diariosur.es\/accion-solidaria\/compromiso-jovenes-mayores-20231117004046-nt_amp.html\" target=\"_blank\" rel=\"noreferrer noopener\">El compromiso de los j\u00f3venes con los mayores (diariosur.es)<\/a><\/strong><\/p>\n\n\n\n<figure class=\"wp-block-image size-full\"><img fetchpriority=\"high\" decoding=\"async\" width=\"685\" height=\"1024\" src=\"https:\/\/esteocomunicafp.com\/esteocomunica23-24\/wp-content\/uploads\/2024\/01\/1705164256073-1.jpeg\" alt=\"\" class=\"wp-image-846\" srcset=\"https:\/\/esteocomunicafp.com\/esteocomunica23-24\/wp-content\/uploads\/2024\/01\/1705164256073-1.jpeg 685w, https:\/\/esteocomunicafp.com\/esteocomunica23-24\/wp-content\/uploads\/2024\/01\/1705164256073-1-201x300.jpeg 201w\" sizes=\"(max-width: 685px) 100vw, 685px\" \/><\/figure>\n","protected":false},"excerpt":{"rendered":"<p>Esteo Comunica apareci\u00f3 el pasado 20 de noviembre en Diario Sur, para contar los proyectos que se est\u00e1n llevando a cabo a lo largo de este curso, colaborando con Fundaci\u00f3n Harena. Quien diga que los j\u00f3venes no est\u00e1n involucrados en sus estudios es que no conocen a los 23 alumnos de segundo curso del grado [&hellip;]<\/p>\n","protected":false},"author":20,"featured_media":0,"parent":70,"menu_order":0,"comment_status":"closed","ping_status":"closed","template":"","meta":{"site-sidebar-layout":"default","site-content-layout":"","ast-site-content-layout":"default","site-content-style":"default","site-sidebar-style":"default","ast-global-header-display":"","ast-banner-title-visibility":"","ast-main-header-display":"","ast-hfb-above-header-display":"","ast-hfb-below-header-display":"","ast-hfb-mobile-header-display":"","site-post-title":"","ast-breadcrumbs-content":"","ast-featured-img":"","footer-sml-layout":"","theme-transparent-header-meta":"","adv-header-id-meta":"","stick-header-meta":"","header-above-stick-meta":"","header-main-stick-meta":"","header-below-stick-meta":"","astra-migrate-meta-layouts":"default","ast-page-background-enabled":"default","ast-page-background-meta":{"desktop":{"background-color":"var(--ast-global-color-4)","background-image":"","background-repeat":"repeat","background-position":"center center","background-size":"auto","background-attachment":"scroll","background-type":"","background-media":"","overlay-type":"","overlay-color":"","overlay-opacity":"","overlay-gradient":""},"tablet":{"background-color":"","background-image":"","background-repeat":"repeat","background-position":"center center","background-size":"auto","background-attachment":"scroll","background-type":"","background-media":"","overlay-type":"","overlay-color":"","overlay-opacity":"","overlay-gradient":""},"mobile":{"background-color":"","background-image":"","background-repeat":"repeat","background-position":"center center","background-size":"auto","background-attachment":"scroll","background-type":"","background-media":"","overlay-type":"","overlay-color":"","overlay-opacity":"","overlay-gradient":""}},"ast-content-background-meta":{"desktop":{"background-color":"var(--ast-global-color-5)","background-image":"","background-repeat":"repeat","background-position":"center center","background-size":"auto","background-attachment":"scroll","background-type":"","background-media":"","overlay-type":"","overlay-color":"","overlay-opacity":"","overlay-gradient":""},"tablet":{"background-color":"var(--ast-global-color-5)","background-image":"","background-repeat":"repeat","background-position":"center center","background-size":"auto","background-attachment":"scroll","background-type":"","background-media":"","overlay-type":"","overlay-color":"","overlay-opacity":"","overlay-gradient":""},"mobile":{"background-color":"var(--ast-global-color-5)","background-image":"","background-repeat":"repeat","background-position":"center center","background-size":"auto","background-attachment":"scroll","background-type":"","background-media":"","overlay-type":"","overlay-color":"","overlay-opacity":"","overlay-gradient":""}},"footnotes":""},"class_list":["post-724","page","type-page","status-publish","hentry"],"_links":{"self":[{"href":"https:\/\/esteocomunicafp.com\/esteocomunica23-24\/wp-json\/wp\/v2\/pages\/724","targetHints":{"allow":["GET"]}}],"collection":[{"href":"https:\/\/esteocomunicafp.com\/esteocomunica23-24\/wp-json\/wp\/v2\/pages"}],"about":[{"href":"https:\/\/esteocomunicafp.com\/esteocomunica23-24\/wp-json\/wp\/v2\/types\/page"}],"author":[{"embeddable":true,"href":"https:\/\/esteocomunicafp.com\/esteocomunica23-24\/wp-json\/wp\/v2\/users\/20"}],"replies":[{"embeddable":true,"href":"https:\/\/esteocomunicafp.com\/esteocomunica23-24\/wp-json\/wp\/v2\/comments?post=724"}],"version-history":[{"count":2,"href":"https:\/\/esteocomunicafp.com\/esteocomunica23-24\/wp-json\/wp\/v2\/pages\/724\/revisions"}],"predecessor-version":[{"id":847,"href":"https:\/\/esteocomunicafp.com\/esteocomunica23-24\/wp-json\/wp\/v2\/pages\/724\/revisions\/847"}],"up":[{"embeddable":true,"href":"https:\/\/esteocomunicafp.com\/esteocomunica23-24\/wp-json\/wp\/v2\/pages\/70"}],"wp:attachment":[{"href":"https:\/\/esteocomunicafp.com\/esteocomunica23-24\/wp-json\/wp\/v2\/media?parent=724"}],"curies":[{"name":"wp","href":"https:\/\/api.w.org\/{rel}","templated":true}]}}