{"id":721,"date":"2024-01-16T11:02:05","date_gmt":"2024-01-16T10:02:05","guid":{"rendered":"https:\/\/esteocomunicafp.com\/esteocomunica23-24\/?page_id=721"},"modified":"2024-01-23T11:11:47","modified_gmt":"2024-01-23T10:11:47","slug":"entrevista-canal-malaga-aqui-y-ahora","status":"publish","type":"page","link":"https:\/\/esteocomunicafp.com\/esteocomunica23-24\/medios-de-comunicacion\/entrevista-canal-malaga-aqui-y-ahora\/","title":{"rendered":"Entrevista Canal M\u00e1laga \u00abM\u00e1laga, aqu\u00ed y ahora\u00bb"},"content":{"rendered":"\t\t<div data-elementor-type=\"wp-page\" data-elementor-id=\"721\" class=\"elementor elementor-721\">\n\t\t\t\t<div class=\"elementor-element elementor-element-783b4a7 e-flex e-con-boxed e-con e-parent\" data-id=\"783b4a7\" data-element_type=\"container\">\n\t\t\t\t\t<div class=\"e-con-inner\">\n\t\t\t\t<div class=\"elementor-element elementor-element-b64bd39 elementor-widget elementor-widget-heading\" data-id=\"b64bd39\" data-element_type=\"widget\" data-widget_type=\"heading.default\">\n\t\t\t\t<div class=\"elementor-widget-container\">\n\t\t\t\t\t<h2 class=\"elementor-heading-title elementor-size-default\">Entrevista Canal M\u00e1laga \"M\u00e1laga, aqu\u00ed y ahora\"<\/h2>\t\t\t\t<\/div>\n\t\t\t\t<\/div>\n\t\t\t\t<div class=\"elementor-element elementor-element-1750852 elementor-widget elementor-widget-text-editor\" data-id=\"1750852\" data-element_type=\"widget\" data-widget_type=\"text-editor.default\">\n\t\t\t\t<div class=\"elementor-widget-container\">\n\t\t\t\t\t\t\t\t\t<p>\u00a1En la <strong>Agencia Simulada Esteo Comunica <\/strong>hemos dado un paso con nuestra primera aparici\u00f3n medi\u00e1tica a trav\u00e9s del programa <strong>\u201cM\u00e1laga, aqu\u00ed y ahora\u201d<\/strong> de Canal M\u00e1laga!<\/p>\n<p>En una <strong>emocionante transmisi\u00f3n<\/strong> en vivo, Francisco Javier Jim\u00e9nez y Beatriz Rold\u00e1n, explicaron minuciosamente los detalles de una <strong>innovadora metodolog\u00eda <\/strong>de <strong>aprendizaje <\/strong>que ha <strong>revolucionado<\/strong> la forma de abordar la educaci\u00f3n. Esta novedosa propuesta, basada en <strong>retos<\/strong>, que fue implementada el curso pasado, se basa en que los alumnos se enfrenten a desaf\u00edos en el mundo real, ofreciendo soluciones concretas.<\/p>\n<p>Expresaron que en este curso se han comprometido con la causa de la Fundaci\u00f3n Harena, trabajando bajo <strong>tres objetivos principales<\/strong>: <strong>Captaci\u00f3n <\/strong>de <strong>nuevos voluntarios<\/strong>, <strong>Recaudaci\u00f3n econ\u00f3mica <\/strong>y ofrecer <strong>difusi\u00f3n<\/strong>.\u00a0<\/p>\n<p><span style=\"font-style: inherit; font-weight: inherit; color: var( --e-global-color-text ); font-family: var( --e-global-typography-text-font-family ), Sans-serif; text-align: var(--text-align); background-color: var(--ast-global-color-5);\">Durante la entrevista, se mencionaron algunos de los retos m\u00e1s significativos a los que se enfrenta la Agencia Simulada Esteo Comunica, destacando la b\u00fasqueda de colaboradores y patrocinadores, elemento fundamental para el \u00e9xito de sus iniciativas.<\/span><\/p>\n<p><span style=\"font-style: inherit; font-weight: inherit; color: var( --e-global-color-text ); font-family: var( --e-global-typography-text-font-family ), Sans-serif; text-align: var(--text-align); background-color: var(--ast-global-color-5);\">A pesar de los nervios por la primera aparici\u00f3n en televisi\u00f3n Francisco Javier y Beatriz <\/span><strong style=\"font-style: inherit; color: var( --e-global-color-text ); font-family: var( --e-global-typography-text-font-family ), Sans-serif; text-align: var(--text-align); background-color: var(--ast-global-color-5);\">disfrutaron mucho de esta experiencia<\/strong><span style=\"font-style: inherit; font-weight: inherit; color: var( --e-global-color-text ); font-family: var( --e-global-typography-text-font-family ), Sans-serif; text-align: var(--text-align); background-color: var(--ast-global-color-5);\">. Fue muy importante para nosotros transmitir este mensaje y compartir el esfuerzo que estamos haciendo por Fundaci\u00f3n Harena, como futuros profesionales de Marketing y Publicidad.<\/span><\/p>\t\t\t\t\t\t\t\t<\/div>\n\t\t\t\t<\/div>\n\t\t\t\t<div class=\"elementor-element elementor-element-a608cb6 elementor-widget elementor-widget-video\" data-id=\"a608cb6\" data-element_type=\"widget\" data-settings=\"{&quot;youtube_url&quot;:&quot;https:\\\/\\\/www.youtube.com\\\/watch?v=053X75ldniY&quot;,&quot;video_type&quot;:&quot;youtube&quot;,&quot;controls&quot;:&quot;yes&quot;}\" data-widget_type=\"video.default\">\n\t\t\t\t<div class=\"elementor-widget-container\">\n\t\t\t\t\t\t\t<div class=\"elementor-wrapper elementor-open-inline\">\n\t\t\t<div class=\"elementor-video\"><\/div>\t\t<\/div>\n\t\t\t\t\t\t<\/div>\n\t\t\t\t<\/div>\n\t\t\t\t\t<\/div>\n\t\t\t\t<\/div>\n\t\t\t\t<\/div>\n\t\t","protected":false},"excerpt":{"rendered":"<p>Entrevista Canal M\u00e1laga \u00abM\u00e1laga, aqu\u00ed y ahora\u00bb \u00a1En la Agencia Simulada Esteo Comunica hemos dado un paso con nuestra primera aparici\u00f3n medi\u00e1tica a trav\u00e9s del programa \u201cM\u00e1laga, aqu\u00ed y ahora\u201d de Canal M\u00e1laga! En una emocionante transmisi\u00f3n en vivo, Francisco Javier Jim\u00e9nez y Beatriz Rold\u00e1n, explicaron minuciosamente los detalles de una innovadora metodolog\u00eda de aprendizaje [&hellip;]<\/p>\n","protected":false},"author":26,"featured_media":0,"parent":70,"menu_order":0,"comment_status":"closed","ping_status":"closed","template":"","meta":{"site-sidebar-layout":"no-sidebar","site-content-layout":"","ast-site-content-layout":"full-width-container","site-content-style":"default","site-sidebar-style":"default","ast-global-header-display":"","ast-banner-title-visibility":"","ast-main-header-display":"","ast-hfb-above-header-display":"","ast-hfb-below-header-display":"","ast-hfb-mobile-header-display":"","site-post-title":"","ast-breadcrumbs-content":"","ast-featured-img":"disabled","footer-sml-layout":"","theme-transparent-header-meta":"","adv-header-id-meta":"","stick-header-meta":"","header-above-stick-meta":"","header-main-stick-meta":"","header-below-stick-meta":"","astra-migrate-meta-layouts":"default","ast-page-background-enabled":"default","ast-page-background-meta":{"desktop":{"background-color":"var(--ast-global-color-4)","background-image":"","background-repeat":"repeat","background-position":"center center","background-size":"auto","background-attachment":"scroll","background-type":"","background-media":"","overlay-type":"","overlay-color":"","overlay-opacity":"","overlay-gradient":""},"tablet":{"background-color":"","background-image":"","background-repeat":"repeat","background-position":"center center","background-size":"auto","background-attachment":"scroll","background-type":"","background-media":"","overlay-type":"","overlay-color":"","overlay-opacity":"","overlay-gradient":""},"mobile":{"background-color":"","background-image":"","background-repeat":"repeat","background-position":"center center","background-size":"auto","background-attachment":"scroll","background-type":"","background-media":"","overlay-type":"","overlay-color":"","overlay-opacity":"","overlay-gradient":""}},"ast-content-background-meta":{"desktop":{"background-color":"var(--ast-global-color-5)","background-image":"","background-repeat":"repeat","background-position":"center center","background-size":"auto","background-attachment":"scroll","background-type":"","background-media":"","overlay-type":"","overlay-color":"","overlay-opacity":"","overlay-gradient":""},"tablet":{"background-color":"var(--ast-global-color-5)","background-image":"","background-repeat":"repeat","background-position":"center center","background-size":"auto","background-attachment":"scroll","background-type":"","background-media":"","overlay-type":"","overlay-color":"","overlay-opacity":"","overlay-gradient":""},"mobile":{"background-color":"var(--ast-global-color-5)","background-image":"","background-repeat":"repeat","background-position":"center center","background-size":"auto","background-attachment":"scroll","background-type":"","background-media":"","overlay-type":"","overlay-color":"","overlay-opacity":"","overlay-gradient":""}},"footnotes":""},"class_list":["post-721","page","type-page","status-publish","hentry"],"_links":{"self":[{"href":"https:\/\/esteocomunicafp.com\/esteocomunica23-24\/wp-json\/wp\/v2\/pages\/721","targetHints":{"allow":["GET"]}}],"collection":[{"href":"https:\/\/esteocomunicafp.com\/esteocomunica23-24\/wp-json\/wp\/v2\/pages"}],"about":[{"href":"https:\/\/esteocomunicafp.com\/esteocomunica23-24\/wp-json\/wp\/v2\/types\/page"}],"author":[{"embeddable":true,"href":"https:\/\/esteocomunicafp.com\/esteocomunica23-24\/wp-json\/wp\/v2\/users\/26"}],"replies":[{"embeddable":true,"href":"https:\/\/esteocomunicafp.com\/esteocomunica23-24\/wp-json\/wp\/v2\/comments?post=721"}],"version-history":[{"count":38,"href":"https:\/\/esteocomunicafp.com\/esteocomunica23-24\/wp-json\/wp\/v2\/pages\/721\/revisions"}],"predecessor-version":[{"id":1299,"href":"https:\/\/esteocomunicafp.com\/esteocomunica23-24\/wp-json\/wp\/v2\/pages\/721\/revisions\/1299"}],"up":[{"embeddable":true,"href":"https:\/\/esteocomunicafp.com\/esteocomunica23-24\/wp-json\/wp\/v2\/pages\/70"}],"wp:attachment":[{"href":"https:\/\/esteocomunicafp.com\/esteocomunica23-24\/wp-json\/wp\/v2\/media?parent=721"}],"curies":[{"name":"wp","href":"https:\/\/api.w.org\/{rel}","templated":true}]}}