{"id":29,"date":"2023-11-28T13:31:54","date_gmt":"2023-11-28T12:31:54","guid":{"rendered":"https:\/\/esteocomunicafp.com\/esteocomunica23-24\/?page_id=29"},"modified":"2024-01-25T12:07:11","modified_gmt":"2024-01-25T11:07:11","slug":"quienes-somos","status":"publish","type":"page","link":"https:\/\/esteocomunicafp.com\/esteocomunica23-24\/","title":{"rendered":"Agencia Simulada de Comunicaci\u00f3n Esteo Comunica"},"content":{"rendered":"\t\t<div data-elementor-type=\"wp-page\" data-elementor-id=\"29\" class=\"elementor elementor-29\">\n\t\t\t\t<div class=\"elementor-element elementor-element-6f7291f7 e-flex e-con-boxed e-con e-parent\" data-id=\"6f7291f7\" data-element_type=\"container\">\n\t\t\t\t\t<div class=\"e-con-inner\">\n\t\t<div class=\"elementor-element elementor-element-cb88293 e-flex e-con-boxed e-con e-child\" data-id=\"cb88293\" data-element_type=\"container\">\n\t\t\t\t\t<div class=\"e-con-inner\">\n\t\t\t\t<div class=\"elementor-element elementor-element-eadcb89 elementor-widget elementor-widget-image\" data-id=\"eadcb89\" data-element_type=\"widget\" data-widget_type=\"image.default\">\n\t\t\t\t<div class=\"elementor-widget-container\">\n\t\t\t\t\t\t\t\t\t\t\t\t\t\t\t<img fetchpriority=\"high\" decoding=\"async\" width=\"1024\" height=\"768\" src=\"https:\/\/esteocomunicafp.com\/esteocomunica23-24\/wp-content\/uploads\/2023\/11\/IMG_1516-copia-1024x768.jpg\" class=\"attachment-large size-large wp-image-50\" alt=\"\" srcset=\"https:\/\/esteocomunicafp.com\/esteocomunica23-24\/wp-content\/uploads\/2023\/11\/IMG_1516-copia-1024x768.jpg 1024w, https:\/\/esteocomunicafp.com\/esteocomunica23-24\/wp-content\/uploads\/2023\/11\/IMG_1516-copia-300x225.jpg 300w, https:\/\/esteocomunicafp.com\/esteocomunica23-24\/wp-content\/uploads\/2023\/11\/IMG_1516-copia-768x576.jpg 768w, https:\/\/esteocomunicafp.com\/esteocomunica23-24\/wp-content\/uploads\/2023\/11\/IMG_1516-copia-1536x1152.jpg 1536w, https:\/\/esteocomunicafp.com\/esteocomunica23-24\/wp-content\/uploads\/2023\/11\/IMG_1516-copia-2048x1536.jpg 2048w\" sizes=\"(max-width: 1024px) 100vw, 1024px\" \/>\t\t\t\t\t\t\t\t\t\t\t\t\t\t\t<\/div>\n\t\t\t\t<\/div>\n\t\t\t\t\t<\/div>\n\t\t\t\t<\/div>\n\t\t\t\t\t<\/div>\n\t\t\t\t<\/div>\n\t\t<div class=\"elementor-element elementor-element-6b32b4d e-flex e-con-boxed e-con e-parent\" data-id=\"6b32b4d\" data-element_type=\"container\">\n\t\t\t\t\t<div class=\"e-con-inner\">\n\t\t<div class=\"elementor-element elementor-element-be24bf1 e-flex e-con-boxed e-con e-child\" data-id=\"be24bf1\" data-element_type=\"container\">\n\t\t\t\t\t<div class=\"e-con-inner\">\n\t\t\t\t<div class=\"elementor-element elementor-element-ead933c elementor-widget-divider--view-line elementor-widget elementor-widget-divider\" data-id=\"ead933c\" data-element_type=\"widget\" data-widget_type=\"divider.default\">\n\t\t\t\t<div class=\"elementor-widget-container\">\n\t\t\t\t\t\t\t<div class=\"elementor-divider\">\n\t\t\t<span class=\"elementor-divider-separator\">\n\t\t\t\t\t\t<\/span>\n\t\t<\/div>\n\t\t\t\t\t\t<\/div>\n\t\t\t\t<\/div>\n\t\t\t\t<div class=\"elementor-element elementor-element-126ce3e elementor-widget elementor-widget-heading\" data-id=\"126ce3e\" data-element_type=\"widget\" data-widget_type=\"heading.default\">\n\t\t\t\t<div class=\"elementor-widget-container\">\n\t\t\t\t\t<h2 class=\"elementor-heading-title elementor-size-default\">CON\u00d3CENOS<\/h2>\t\t\t\t<\/div>\n\t\t\t\t<\/div>\n\t\t\t\t<div class=\"elementor-element elementor-element-a837316 elementor-widget elementor-widget-text-editor\" data-id=\"a837316\" data-element_type=\"widget\" data-widget_type=\"text-editor.default\">\n\t\t\t\t<div class=\"elementor-widget-container\">\n\t\t\t\t\t\t\t\t\t<p>Somos estudiantes de <strong>2\u00ba Ciclo Formativo de Grado Superior en Marketing y Publicidad<\/strong> en el I.E.S Miguel Romero Esteo de M\u00e1laga. Estamos trabajando con una\u00a0<b>metodolog\u00eda de aprendizaje innovadora<\/b> basada en retos.\u00a0<\/p><p>\u00bfY cu\u00e1l es nuestro gran <b>reto<\/b> de este curso? C<span style=\"font-style: inherit; font-weight: inherit; color: var( --e-global-color-text ); font-family: var( --e-global-typography-text-font-family ), Sans-serif; background-color: var(--ast-global-color-5);\">olaboramos con la <\/span><b style=\"font-style: inherit; color: var( --e-global-color-text ); font-family: var( --e-global-typography-text-font-family ), Sans-serif; background-color: var(--ast-global-color-5);\">Fundaci\u00f3n Harena de M\u00e1laga<\/b><span style=\"font-style: inherit; font-weight: inherit; color: var( --e-global-color-text ); font-family: var( --e-global-typography-text-font-family ), Sans-serif; background-color: var(--ast-global-color-5);\">, que ofrece compa\u00f1\u00eda a las personas mayores que sufren de soledad no deseada, a trav\u00e9s de su programa de acompa\u00f1amiento\u00a0 a personas mayores <\/span><b style=\"font-style: inherit; color: var( --e-global-color-text ); font-family: var( --e-global-typography-text-font-family ), Sans-serif; background-color: var(--ast-global-color-5);\">Soledad 0 &#8211; Vida 10.<\/b><\/p><p>Realizamos distintos eventos y actividades a lo largo del curso, para\u00a0 recaudar fondos y conseguir aumentar el n\u00famero de voluntariado. Este proceso nos est\u00e1 permitiendo llegar a m\u00e1s personas y generar inter\u00e9s en nuestro proyecto, al mismo tiempo que estamos apoyando una causa importante.<\/p>\t\t\t\t\t\t\t\t<\/div>\n\t\t\t\t<\/div>\n\t\t\t\t\t<\/div>\n\t\t\t\t<\/div>\n\t\t<div class=\"elementor-element elementor-element-bd7cdf0 e-flex e-con-boxed e-con e-child\" data-id=\"bd7cdf0\" data-element_type=\"container\">\n\t\t\t\t\t<div class=\"e-con-inner\">\n\t\t\t\t<div class=\"elementor-element elementor-element-c9d0c5a elementor-widget elementor-widget-image\" data-id=\"c9d0c5a\" data-element_type=\"widget\" data-widget_type=\"image.default\">\n\t\t\t\t<div class=\"elementor-widget-container\">\n\t\t\t\t\t\t\t\t\t\t\t\t\t\t\t<img decoding=\"async\" width=\"1024\" height=\"665\" src=\"https:\/\/esteocomunicafp.com\/esteocomunica23-24\/wp-content\/uploads\/2023\/11\/406045455_733422715485723_5434339283446338549_n-1-1024x665.jpg\" class=\"attachment-large size-large wp-image-38\" alt=\"\" srcset=\"https:\/\/esteocomunicafp.com\/esteocomunica23-24\/wp-content\/uploads\/2023\/11\/406045455_733422715485723_5434339283446338549_n-1-1024x665.jpg 1024w, https:\/\/esteocomunicafp.com\/esteocomunica23-24\/wp-content\/uploads\/2023\/11\/406045455_733422715485723_5434339283446338549_n-1-300x195.jpg 300w, https:\/\/esteocomunicafp.com\/esteocomunica23-24\/wp-content\/uploads\/2023\/11\/406045455_733422715485723_5434339283446338549_n-1-768x499.jpg 768w, https:\/\/esteocomunicafp.com\/esteocomunica23-24\/wp-content\/uploads\/2023\/11\/406045455_733422715485723_5434339283446338549_n-1-1536x998.jpg 1536w, https:\/\/esteocomunicafp.com\/esteocomunica23-24\/wp-content\/uploads\/2023\/11\/406045455_733422715485723_5434339283446338549_n-1.jpg 2048w\" sizes=\"(max-width: 1024px) 100vw, 1024px\" \/>\t\t\t\t\t\t\t\t\t\t\t\t\t\t\t<\/div>\n\t\t\t\t<\/div>\n\t\t\t\t\t<\/div>\n\t\t\t\t<\/div>\n\t\t\t\t\t<\/div>\n\t\t\t\t<\/div>\n\t\t<div class=\"elementor-element elementor-element-d587b2d e-flex e-con-boxed e-con e-parent\" data-id=\"d587b2d\" data-element_type=\"container\">\n\t\t\t\t\t<div class=\"e-con-inner\">\n\t\t<div class=\"elementor-element elementor-element-dded241 e-flex e-con-boxed e-con e-child\" data-id=\"dded241\" data-element_type=\"container\">\n\t\t\t\t\t<div class=\"e-con-inner\">\n\t\t\t\t<div class=\"elementor-element elementor-element-04128d7 elementor-widget elementor-widget-image\" data-id=\"04128d7\" data-element_type=\"widget\" data-widget_type=\"image.default\">\n\t\t\t\t<div class=\"elementor-widget-container\">\n\t\t\t\t\t\t\t\t\t\t\t\t\t\t\t<img decoding=\"async\" width=\"610\" height=\"556\" src=\"https:\/\/esteocomunicafp.com\/esteocomunica23-24\/wp-content\/uploads\/2023\/11\/Captura-de-pantalla-2023-11-28-a-las-14.15.37.png\" class=\"attachment-large size-large wp-image-49\" alt=\"\" srcset=\"https:\/\/esteocomunicafp.com\/esteocomunica23-24\/wp-content\/uploads\/2023\/11\/Captura-de-pantalla-2023-11-28-a-las-14.15.37.png 610w, https:\/\/esteocomunicafp.com\/esteocomunica23-24\/wp-content\/uploads\/2023\/11\/Captura-de-pantalla-2023-11-28-a-las-14.15.37-300x273.png 300w\" sizes=\"(max-width: 610px) 100vw, 610px\" \/>\t\t\t\t\t\t\t\t\t\t\t\t\t\t\t<\/div>\n\t\t\t\t<\/div>\n\t\t\t\t\t<\/div>\n\t\t\t\t<\/div>\n\t\t<div class=\"elementor-element elementor-element-e020c9d e-flex e-con-boxed e-con e-child\" data-id=\"e020c9d\" data-element_type=\"container\">\n\t\t\t\t\t<div class=\"e-con-inner\">\n\t\t\t\t<div class=\"elementor-element elementor-element-ef99b93 elementor-widget-divider--view-line elementor-widget elementor-widget-divider\" data-id=\"ef99b93\" data-element_type=\"widget\" data-widget_type=\"divider.default\">\n\t\t\t\t<div class=\"elementor-widget-container\">\n\t\t\t\t\t\t\t<div class=\"elementor-divider\">\n\t\t\t<span class=\"elementor-divider-separator\">\n\t\t\t\t\t\t<\/span>\n\t\t<\/div>\n\t\t\t\t\t\t<\/div>\n\t\t\t\t<\/div>\n\t\t\t\t<div class=\"elementor-element elementor-element-64a9e69 elementor-widget elementor-widget-heading\" data-id=\"64a9e69\" data-element_type=\"widget\" data-widget_type=\"heading.default\">\n\t\t\t\t<div class=\"elementor-widget-container\">\n\t\t\t\t\t<h2 class=\"elementor-heading-title elementor-size-default\">NUESTRA MISI\u00d3N<\/h2>\t\t\t\t<\/div>\n\t\t\t\t<\/div>\n\t\t\t\t<div class=\"elementor-element elementor-element-342869b elementor-widget elementor-widget-text-editor\" data-id=\"342869b\" data-element_type=\"widget\" data-widget_type=\"text-editor.default\">\n\t\t\t\t<div class=\"elementor-widget-container\">\n\t\t\t\t\t\t\t\t\t<p style=\"margin-bottom: var(--global-md-spacing); font-size: 17px; font-style: normal; font-weight: 400;\">Cada a\u00f1o colaboramos con una fundaci\u00f3n diferente, d\u00e1ndole visibilidad a su causa y logrando fondos para \u00e9sta. Este curso\u00a0<b>2023\/2024<\/b>, desde\u00a0<i>Esteo Comunica (agencia simulada de comunicaci\u00f3n creada el curso pasado)\u00a0<\/i>estamos apoyando el proyecto de <strong>Fundaci\u00f3n Harena<\/strong>.<\/p><p style=\"margin-bottom: var(--global-md-spacing); font-size: 17px; font-style: normal; font-weight: 400;\"><span style=\"color: var( --e-global-color-text ); font-family: var( --e-global-typography-text-font-family ), Sans-serif; text-align: var(--text-align); background-color: var(--ast-global-color-5);\">\u00a0<\/span><\/p><p style=\"margin-bottom: var(--global-md-spacing); font-size: 17px; font-style: normal;\"><span style=\"font-weight: 400; color: var( --e-global-color-text ); font-family: var( --e-global-typography-text-font-family ), Sans-serif; text-align: var(--text-align); background-color: var(--ast-global-color-5);\">Nuestro principal fin es apoyar su causa, la lucha contra\u00a0<\/span><b style=\"font-weight: 400; color: var( --e-global-color-text ); font-family: var( --e-global-typography-text-font-family ), Sans-serif; text-align: var(--text-align); background-color: var(--ast-global-color-5);\">la soledad no deseada\u00a0<\/b><span style=\"font-weight: 400; color: var( --e-global-color-text ); font-family: var( --e-global-typography-text-font-family ), Sans-serif; text-align: var(--text-align); background-color: var(--ast-global-color-5);\">en personas mayores. El primer objetivo que nos planteamos es la <\/span><b style=\"color: var( --e-global-color-text ); font-family: var( --e-global-typography-text-font-family ), Sans-serif; text-align: var(--text-align); background-color: var(--ast-global-color-5);\">captaci\u00f3n de voluntarios<\/b><b style=\"font-weight: 400; color: var( --e-global-color-text ); font-family: var( --e-global-typography-text-font-family ), Sans-serif; text-align: var(--text-align); background-color: var(--ast-global-color-5);\"> <\/b><span style=\"color: var( --e-global-color-text ); font-family: var( --e-global-typography-text-font-family ), Sans-serif; text-align: var(--text-align); background-color: var(--ast-global-color-5);\">para<\/span><b style=\"font-weight: 400; color: var( --e-global-color-text ); font-family: var( --e-global-typography-text-font-family ), Sans-serif; text-align: var(--text-align); background-color: var(--ast-global-color-5);\">\u00a0<\/b><span style=\"font-weight: 400; color: var( --e-global-color-text ); font-family: var( --e-global-typography-text-font-family ), Sans-serif; text-align: var(--text-align); background-color: var(--ast-global-color-5);\">que puedan ayudar de manera telef\u00f3nica o presencial<\/span><\/p>\t\t\t\t\t\t\t\t<\/div>\n\t\t\t\t<\/div>\n\t\t\t\t\t<\/div>\n\t\t\t\t<\/div>\n\t\t\t\t\t<\/div>\n\t\t\t\t<\/div>\n\t\t<div class=\"elementor-element elementor-element-ec2a346 e-flex e-con-boxed e-con e-parent\" data-id=\"ec2a346\" data-element_type=\"container\">\n\t\t\t\t\t<div class=\"e-con-inner\">\n\t\t<div class=\"elementor-element elementor-element-76b9434 e-flex e-con-boxed e-con e-child\" data-id=\"76b9434\" data-element_type=\"container\">\n\t\t\t\t\t<div class=\"e-con-inner\">\n\t\t\t\t<div class=\"elementor-element elementor-element-8b0bfe5 elementor-widget-divider--view-line elementor-widget elementor-widget-divider\" data-id=\"8b0bfe5\" data-element_type=\"widget\" data-widget_type=\"divider.default\">\n\t\t\t\t<div class=\"elementor-widget-container\">\n\t\t\t\t\t\t\t<div class=\"elementor-divider\">\n\t\t\t<span class=\"elementor-divider-separator\">\n\t\t\t\t\t\t<\/span>\n\t\t<\/div>\n\t\t\t\t\t\t<\/div>\n\t\t\t\t<\/div>\n\t\t\t\t<div class=\"elementor-element elementor-element-0c76228 elementor-widget elementor-widget-heading\" data-id=\"0c76228\" data-element_type=\"widget\" data-widget_type=\"heading.default\">\n\t\t\t\t<div class=\"elementor-widget-container\">\n\t\t\t\t\t<h2 class=\"elementor-heading-title elementor-size-default\">NUESTRA VISI\u00d3N<\/h2>\t\t\t\t<\/div>\n\t\t\t\t<\/div>\n\t\t\t\t<div class=\"elementor-element elementor-element-1be21b8 elementor-widget elementor-widget-text-editor\" data-id=\"1be21b8\" data-element_type=\"widget\" data-widget_type=\"text-editor.default\">\n\t\t\t\t<div class=\"elementor-widget-container\">\n\t\t\t\t\t\t\t\t\t<p>La agencia simulada de comunicaci\u00f3n <b>Esteo Comunica<\/b> quiere dar a conocer la metodolog\u00eda innovadora <b>ABR<\/b> (Aprendizaje Basado en Retos) que se ha implementado en el <b>I.E.S. Miguel Romero Esteo<\/b>, concretamente en el Grado Superior de Marketing y Publicidad.\u00a0<\/p><p>Somos la segunda promoci\u00f3n que est\u00e1 llevando a cabo este tipo de\u00a0 proyectos solidarios.<\/p><p>El curso pasado el alumnado colabor\u00f3 con la Fundaci\u00f3n Casa Ronald McDonalds en M\u00e1laga.<\/p>\t\t\t\t\t\t\t\t<\/div>\n\t\t\t\t<\/div>\n\t\t\t\t\t<\/div>\n\t\t\t\t<\/div>\n\t\t<div class=\"elementor-element elementor-element-e25f80f e-flex e-con-boxed e-con e-child\" data-id=\"e25f80f\" data-element_type=\"container\">\n\t\t\t\t\t<div class=\"e-con-inner\">\n\t\t\t\t<div class=\"elementor-element elementor-element-f98b288 elementor-widget elementor-widget-image\" data-id=\"f98b288\" data-element_type=\"widget\" data-widget_type=\"image.default\">\n\t\t\t\t<div class=\"elementor-widget-container\">\n\t\t\t\t\t\t\t\t\t\t\t\t\t\t\t<img loading=\"lazy\" decoding=\"async\" width=\"1024\" height=\"522\" src=\"https:\/\/esteocomunicafp.com\/esteocomunica23-24\/wp-content\/uploads\/2023\/11\/10802d2b-c52d-480c-b770-0ef025979017-e1701261219368.jpg\" class=\"attachment-large size-large wp-image-44\" alt=\"\" srcset=\"https:\/\/esteocomunicafp.com\/esteocomunica23-24\/wp-content\/uploads\/2023\/11\/10802d2b-c52d-480c-b770-0ef025979017-e1701261219368.jpg 1024w, https:\/\/esteocomunicafp.com\/esteocomunica23-24\/wp-content\/uploads\/2023\/11\/10802d2b-c52d-480c-b770-0ef025979017-e1701261219368-300x153.jpg 300w, https:\/\/esteocomunicafp.com\/esteocomunica23-24\/wp-content\/uploads\/2023\/11\/10802d2b-c52d-480c-b770-0ef025979017-e1701261219368-768x392.jpg 768w\" sizes=\"(max-width: 1024px) 100vw, 1024px\" \/>\t\t\t\t\t\t\t\t\t\t\t\t\t\t\t<\/div>\n\t\t\t\t<\/div>\n\t\t\t\t\t<\/div>\n\t\t\t\t<\/div>\n\t\t\t\t\t<\/div>\n\t\t\t\t<\/div>\n\t\t<div class=\"elementor-element elementor-element-7705feb e-flex e-con-boxed e-con e-parent\" data-id=\"7705feb\" data-element_type=\"container\">\n\t\t\t\t\t<div class=\"e-con-inner\">\n\t\t<div class=\"elementor-element elementor-element-b69d0ab e-flex e-con-boxed e-con e-child\" data-id=\"b69d0ab\" data-element_type=\"container\">\n\t\t\t\t\t<div class=\"e-con-inner\">\n\t\t\t\t<div class=\"elementor-element elementor-element-90a7e1c elementor-widget elementor-widget-image\" data-id=\"90a7e1c\" data-element_type=\"widget\" data-widget_type=\"image.default\">\n\t\t\t\t<div class=\"elementor-widget-container\">\n\t\t\t\t\t\t\t\t\t\t\t\t\t\t\t<img loading=\"lazy\" decoding=\"async\" width=\"1024\" height=\"782\" src=\"https:\/\/esteocomunicafp.com\/esteocomunica23-24\/wp-content\/uploads\/2023\/11\/406020699_733419555486039_8939410120910241812_n-1024x782.jpg\" class=\"attachment-large size-large wp-image-47\" alt=\"\" srcset=\"https:\/\/esteocomunicafp.com\/esteocomunica23-24\/wp-content\/uploads\/2023\/11\/406020699_733419555486039_8939410120910241812_n-1024x782.jpg 1024w, https:\/\/esteocomunicafp.com\/esteocomunica23-24\/wp-content\/uploads\/2023\/11\/406020699_733419555486039_8939410120910241812_n-300x229.jpg 300w, https:\/\/esteocomunicafp.com\/esteocomunica23-24\/wp-content\/uploads\/2023\/11\/406020699_733419555486039_8939410120910241812_n-768x586.jpg 768w, https:\/\/esteocomunicafp.com\/esteocomunica23-24\/wp-content\/uploads\/2023\/11\/406020699_733419555486039_8939410120910241812_n-1536x1172.jpg 1536w, https:\/\/esteocomunicafp.com\/esteocomunica23-24\/wp-content\/uploads\/2023\/11\/406020699_733419555486039_8939410120910241812_n.jpg 2048w\" sizes=\"(max-width: 1024px) 100vw, 1024px\" \/>\t\t\t\t\t\t\t\t\t\t\t\t\t\t\t<\/div>\n\t\t\t\t<\/div>\n\t\t\t\t\t<\/div>\n\t\t\t\t<\/div>\n\t\t<div class=\"elementor-element elementor-element-193ab69 e-flex e-con-boxed e-con e-child\" data-id=\"193ab69\" data-element_type=\"container\">\n\t\t\t\t\t<div class=\"e-con-inner\">\n\t\t\t\t<div class=\"elementor-element elementor-element-4f75e70 elementor-widget-divider--view-line elementor-widget elementor-widget-divider\" data-id=\"4f75e70\" data-element_type=\"widget\" data-widget_type=\"divider.default\">\n\t\t\t\t<div class=\"elementor-widget-container\">\n\t\t\t\t\t\t\t<div class=\"elementor-divider\">\n\t\t\t<span class=\"elementor-divider-separator\">\n\t\t\t\t\t\t<\/span>\n\t\t<\/div>\n\t\t\t\t\t\t<\/div>\n\t\t\t\t<\/div>\n\t\t\t\t<div class=\"elementor-element elementor-element-2ac38c8 elementor-widget elementor-widget-heading\" data-id=\"2ac38c8\" data-element_type=\"widget\" data-widget_type=\"heading.default\">\n\t\t\t\t<div class=\"elementor-widget-container\">\n\t\t\t\t\t<h2 class=\"elementor-heading-title elementor-size-default\">VALORES<\/h2>\t\t\t\t<\/div>\n\t\t\t\t<\/div>\n\t\t\t\t<div class=\"elementor-element elementor-element-c499fde elementor-widget elementor-widget-text-editor\" data-id=\"c499fde\" data-element_type=\"widget\" data-widget_type=\"text-editor.default\">\n\t\t\t\t<div class=\"elementor-widget-container\">\n\t\t\t\t\t\t\t\t\t<p><strong>COMPROMISO<\/strong>: Cada curso, nos comprometemos \u00edntegramente con fundaciones malague\u00f1as.<\/p><p><strong>INNOVACI\u00d3N<\/strong>: Gracias a la nueva metodolog\u00eda implementada en nuestro ciclo formativo, estamos a la vanguardia de la educaci\u00f3n.<\/p><p><strong>SOLIDARIDAD<\/strong>: Luchamos para recaudar fondos para ayudar a las fundaciones elegidas.<\/p><p><strong>RESPONSABILIDAD<\/strong>: Formamos parte activa del voluntariado de las fundaciones implicadas.<\/p><p><strong>TRANSPARENCIA<\/strong>: En nuestras redes sociales y p\u00e1gina web mostramos todo nuestro proceso de trabajo.<\/p>\t\t\t\t\t\t\t\t<\/div>\n\t\t\t\t<\/div>\n\t\t\t\t\t<\/div>\n\t\t\t\t<\/div>\n\t\t\t\t\t<\/div>\n\t\t\t\t<\/div>\n\t\t<div class=\"elementor-element elementor-element-6a0a7a0 e-flex e-con-boxed e-con e-parent\" data-id=\"6a0a7a0\" data-element_type=\"container\">\n\t\t\t\t\t<div class=\"e-con-inner\">\n\t\t\t\t<div class=\"elementor-element elementor-element-5f62fdf elementor-widget elementor-widget-heading\" data-id=\"5f62fdf\" data-element_type=\"widget\" data-widget_type=\"heading.default\">\n\t\t\t\t<div class=\"elementor-widget-container\">\n\t\t\t\t\t<h2 class=\"elementor-heading-title elementor-size-default\">GALA BEN\u00c9FICA \"BRILLANDO POR NUESTROS MAYORES\"<\/h2>\t\t\t\t<\/div>\n\t\t\t\t<\/div>\n\t\t\t\t\t<\/div>\n\t\t\t\t<\/div>\n\t\t\t\t<\/div>\n\t\t","protected":false},"excerpt":{"rendered":"<p>CON\u00d3CENOS Somos estudiantes de 2\u00ba Ciclo Formativo de Grado Superior en Marketing y Publicidad en el I.E.S Miguel Romero Esteo de M\u00e1laga. Estamos trabajando con una\u00a0metodolog\u00eda de aprendizaje innovadora basada en retos.\u00a0 \u00bfY cu\u00e1l es nuestro gran reto de este curso? Colaboramos con la Fundaci\u00f3n Harena de M\u00e1laga, que ofrece compa\u00f1\u00eda a las personas mayores [&hellip;]<\/p>\n","protected":false},"author":3,"featured_media":0,"parent":0,"menu_order":0,"comment_status":"closed","ping_status":"closed","template":"","meta":{"site-sidebar-layout":"default","site-content-layout":"","ast-site-content-layout":"default","site-content-style":"default","site-sidebar-style":"default","ast-global-header-display":"","ast-banner-title-visibility":"","ast-main-header-display":"","ast-hfb-above-header-display":"","ast-hfb-below-header-display":"","ast-hfb-mobile-header-display":"","site-post-title":"","ast-breadcrumbs-content":"","ast-featured-img":"","footer-sml-layout":"","theme-transparent-header-meta":"","adv-header-id-meta":"","stick-header-meta":"","header-above-stick-meta":"","header-main-stick-meta":"","header-below-stick-meta":"","astra-migrate-meta-layouts":"default","ast-page-background-enabled":"default","ast-page-background-meta":{"desktop":{"background-color":"var(--ast-global-color-4)","background-image":"","background-repeat":"repeat","background-position":"center center","background-size":"auto","background-attachment":"scroll","background-type":"","background-media":"","overlay-type":"","overlay-color":"","overlay-opacity":"","overlay-gradient":""},"tablet":{"background-color":"","background-image":"","background-repeat":"repeat","background-position":"center center","background-size":"auto","background-attachment":"scroll","background-type":"","background-media":"","overlay-type":"","overlay-color":"","overlay-opacity":"","overlay-gradient":""},"mobile":{"background-color":"","background-image":"","background-repeat":"repeat","background-position":"center center","background-size":"auto","background-attachment":"scroll","background-type":"","background-media":"","overlay-type":"","overlay-color":"","overlay-opacity":"","overlay-gradient":""}},"ast-content-background-meta":{"desktop":{"background-color":"var(--ast-global-color-5)","background-image":"","background-repeat":"repeat","background-position":"center center","background-size":"auto","background-attachment":"scroll","background-type":"","background-media":"","overlay-type":"","overlay-color":"","overlay-opacity":"","overlay-gradient":""},"tablet":{"background-color":"var(--ast-global-color-5)","background-image":"","background-repeat":"repeat","background-position":"center center","background-size":"auto","background-attachment":"scroll","background-type":"","background-media":"","overlay-type":"","overlay-color":"","overlay-opacity":"","overlay-gradient":""},"mobile":{"background-color":"var(--ast-global-color-5)","background-image":"","background-repeat":"repeat","background-position":"center center","background-size":"auto","background-attachment":"scroll","background-type":"","background-media":"","overlay-type":"","overlay-color":"","overlay-opacity":"","overlay-gradient":""}},"footnotes":""},"class_list":["post-29","page","type-page","status-publish","hentry"],"_links":{"self":[{"href":"https:\/\/esteocomunicafp.com\/esteocomunica23-24\/wp-json\/wp\/v2\/pages\/29","targetHints":{"allow":["GET"]}}],"collection":[{"href":"https:\/\/esteocomunicafp.com\/esteocomunica23-24\/wp-json\/wp\/v2\/pages"}],"about":[{"href":"https:\/\/esteocomunicafp.com\/esteocomunica23-24\/wp-json\/wp\/v2\/types\/page"}],"author":[{"embeddable":true,"href":"https:\/\/esteocomunicafp.com\/esteocomunica23-24\/wp-json\/wp\/v2\/users\/3"}],"replies":[{"embeddable":true,"href":"https:\/\/esteocomunicafp.com\/esteocomunica23-24\/wp-json\/wp\/v2\/comments?post=29"}],"version-history":[{"count":44,"href":"https:\/\/esteocomunicafp.com\/esteocomunica23-24\/wp-json\/wp\/v2\/pages\/29\/revisions"}],"predecessor-version":[{"id":1334,"href":"https:\/\/esteocomunicafp.com\/esteocomunica23-24\/wp-json\/wp\/v2\/pages\/29\/revisions\/1334"}],"wp:attachment":[{"href":"https:\/\/esteocomunicafp.com\/esteocomunica23-24\/wp-json\/wp\/v2\/media?parent=29"}],"curies":[{"name":"wp","href":"https:\/\/api.w.org\/{rel}","templated":true}]}}