{"id":1350,"date":"2024-01-25T12:59:57","date_gmt":"2024-01-25T11:59:57","guid":{"rendered":"https:\/\/esteocomunicafp.com\/esteocomunica23-24\/?page_id=1350"},"modified":"2024-02-22T13:52:49","modified_gmt":"2024-02-22T12:52:49","slug":"gala-benefica","status":"publish","type":"page","link":"https:\/\/esteocomunicafp.com\/esteocomunica23-24\/eventos\/gala-benefica\/","title":{"rendered":"Gala Ben\u00e9fica"},"content":{"rendered":"\t\t<div data-elementor-type=\"wp-page\" data-elementor-id=\"1350\" class=\"elementor elementor-1350\">\n\t\t\t\t<div class=\"elementor-element elementor-element-f4456c6 e-flex e-con-boxed e-con e-parent\" data-id=\"f4456c6\" data-element_type=\"container\">\n\t\t\t\t\t<div class=\"e-con-inner\">\n\t\t<div class=\"elementor-element elementor-element-e9214df e-flex e-con-boxed e-con e-child\" data-id=\"e9214df\" data-element_type=\"container\">\n\t\t\t\t\t<div class=\"e-con-inner\">\n\t\t\t\t<div class=\"elementor-element elementor-element-5c27088 elementor-widget elementor-widget-heading\" data-id=\"5c27088\" data-element_type=\"widget\" data-widget_type=\"heading.default\">\n\t\t\t\t<div class=\"elementor-widget-container\">\n\t\t\t\t\t<h1 class=\"elementor-heading-title elementor-size-default\">Gala Ben\u00e9fica 'Brillando por Nuestros Mayores'<\/h1>\t\t\t\t<\/div>\n\t\t\t\t<\/div>\n\t\t\t\t\t<\/div>\n\t\t\t\t<\/div>\n\t\t\t\t<div class=\"elementor-element elementor-element-0986236 elementor-widget elementor-widget-text-editor\" data-id=\"0986236\" data-element_type=\"widget\" data-widget_type=\"text-editor.default\">\n\t\t\t\t<div class=\"elementor-widget-container\">\n\t\t\t\t\t\t\t\t\t<p><span style=\"font-style: inherit; font-weight: inherit; color: var( --e-global-color-text ); font-family: var( --e-global-typography-text-font-family ), Sans-serif; background-color: var(--ast-global-color-5);\">La Gala Ben\u00e9fica<\/span><b style=\"font-style: inherit; color: var( --e-global-color-text ); font-family: var( --e-global-typography-text-font-family ), Sans-serif; background-color: var(--ast-global-color-5);\"> \u00abBrillando por Nuestros Mayores\u00bb<\/b><span style=\"font-style: inherit; font-weight: inherit; color: var( --e-global-color-text ); font-family: var( --e-global-typography-text-font-family ), Sans-serif; background-color: var(--ast-global-color-5);\">\u00a0tuvo lugar el d\u00eda 17 de febrero de 2024 en el Auditorio Edgar Neville de la Diputaci\u00f3n de M\u00e1laga, fue realizada por los alumnos que est\u00e1n detr\u00e1s de la Agencia Simulada de Comunicaci\u00f3n Esteo Comunica<\/span><b style=\"font-style: inherit; color: var( --e-global-color-text ); font-family: var( --e-global-typography-text-font-family ), Sans-serif; background-color: var(--ast-global-color-5);\">,\u00a0<\/b><span style=\"font-style: inherit; font-weight: inherit; color: var( --e-global-color-text ); font-family: var( --e-global-typography-text-font-family ), Sans-serif; background-color: var(--ast-global-color-5);\">en beneficio de la<\/span><b style=\"font-style: inherit; color: var( --e-global-color-text ); font-family: var( --e-global-typography-text-font-family ), Sans-serif; background-color: var(--ast-global-color-5);\"> Fundaci\u00f3n Harena <\/b><span style=\"font-style: inherit; font-weight: inherit; color: var( --e-global-color-text ); font-family: var( --e-global-typography-text-font-family ), Sans-serif; background-color: var(--ast-global-color-5);\">y su bonito proyecto<\/span><b style=\"font-style: inherit; color: var( --e-global-color-text ); font-family: var( --e-global-typography-text-font-family ), Sans-serif; background-color: var(--ast-global-color-5);\"> Soledad 0 &#8211; Vida 10.<\/b><\/p><p>Estamos orgullosos de los resultados obtenidos:\u00a0m\u00e1s de 200 asistentes, 4 fant\u00e1sticas actuaciones de nuestros artistas en las que las emociones estuvieron a flor de piel, diversos sorteos para el p\u00fablico en busca de su participaci\u00f3n adem\u00e1s de un magn\u00edfico catering al final del acto.\u00a0<\/p><p><span style=\"font-style: inherit; color: var( --e-global-color-text ); font-family: var( --e-global-typography-text-font-family ), Sans-serif; text-align: var(--text-align); background-color: var(--ast-global-color-5);\">Todo esto no hubiera sido posible sin la ayuda de nuestros magn\u00edficos y solidarios<b> patrocinadores y colaboradores:\u00a0<\/b><\/span><\/p><p><span style=\"font-style: inherit; color: var( --e-global-color-text ); font-family: var( --e-global-typography-text-font-family ), Sans-serif; text-align: var(--text-align); background-color: var(--ast-global-color-5);\">&#8211;<\/span><span style=\"font-style: inherit; color: var( --e-global-color-text ); font-family: var( --e-global-typography-text-font-family ), Sans-serif; text-align: var(--text-align); background-color: var(--ast-global-color-5);\"> Diputaci\u00f3n de M\u00e1laga.<\/span><\/p><p><span style=\"font-style: inherit; color: var( --e-global-color-text ); font-family: var( --e-global-typography-text-font-family ), Sans-serif; text-align: var(--text-align); background-color: var(--ast-global-color-5);\">&#8211; Hagamos Hogar y Diverxia.\u00a0<\/span><\/p><p><span style=\"font-style: inherit; color: var( --e-global-color-text ); font-family: var( --e-global-typography-text-font-family ), Sans-serif; text-align: var(--text-align); background-color: var(--ast-global-color-5);\">&#8211; Coca Cola y Ly Company.<\/span><\/p><p><span style=\"font-style: inherit; color: var( --e-global-color-text ); font-family: var( --e-global-typography-text-font-family ), Sans-serif; text-align: var(--text-align); background-color: var(--ast-global-color-5);\">&#8211; Entradium, Andrea Studio, Ak\u00ed o Ak\u00ed, y dem\u00e1s empresas que formaron parte de este emocionante evento.<\/span><\/p>\t\t\t\t\t\t\t\t<\/div>\n\t\t\t\t<\/div>\n\t\t\t\t\t<\/div>\n\t\t\t\t<\/div>\n\t\t<div class=\"elementor-element elementor-element-2f2909f e-flex e-con-boxed e-con e-parent\" data-id=\"2f2909f\" data-element_type=\"container\">\n\t\t\t\t\t<div class=\"e-con-inner\">\n\t\t\t\t<div class=\"elementor-element elementor-element-1a361a8 elementor-widget elementor-widget-video\" data-id=\"1a361a8\" data-element_type=\"widget\" data-settings=\"{&quot;youtube_url&quot;:&quot;https:\\\/\\\/youtu.be\\\/sDrkWdDa3zs&quot;,&quot;video_type&quot;:&quot;youtube&quot;,&quot;controls&quot;:&quot;yes&quot;}\" data-widget_type=\"video.default\">\n\t\t\t\t<div class=\"elementor-widget-container\">\n\t\t\t\t\t\t\t<div class=\"elementor-wrapper elementor-open-inline\">\n\t\t\t<div class=\"elementor-video\"><\/div>\t\t<\/div>\n\t\t\t\t\t\t<\/div>\n\t\t\t\t<\/div>\n\t\t\t\t\t<\/div>\n\t\t\t\t<\/div>\n\t\t<div class=\"elementor-element elementor-element-965e40f e-flex e-con-boxed e-con e-parent\" data-id=\"965e40f\" data-element_type=\"container\">\n\t\t\t\t\t<div class=\"e-con-inner\">\n\t\t\t\t<div class=\"elementor-element elementor-element-a105196 elementor-arrows-position-inside elementor-pagination-position-outside elementor-widget elementor-widget-image-carousel\" data-id=\"a105196\" data-element_type=\"widget\" data-settings=\"{&quot;navigation&quot;:&quot;both&quot;,&quot;autoplay&quot;:&quot;yes&quot;,&quot;pause_on_hover&quot;:&quot;yes&quot;,&quot;pause_on_interaction&quot;:&quot;yes&quot;,&quot;autoplay_speed&quot;:5000,&quot;infinite&quot;:&quot;yes&quot;,&quot;speed&quot;:500}\" data-widget_type=\"image-carousel.default\">\n\t\t\t\t<div class=\"elementor-widget-container\">\n\t\t\t\t\t\t\t<div class=\"elementor-image-carousel-wrapper swiper\" role=\"region\" aria-roledescription=\"carousel\" aria-label=\"Carrusel de im\u00e1genes\" dir=\"ltr\">\n\t\t\t<div class=\"elementor-image-carousel swiper-wrapper swiper-image-stretch\" aria-live=\"off\">\n\t\t\t\t\t\t\t\t<div class=\"swiper-slide\" role=\"group\" aria-roledescription=\"slide\" aria-label=\"1 de 11\"><figure class=\"swiper-slide-inner\"><img decoding=\"async\" class=\"swiper-slide-image\" src=\"https:\/\/esteocomunicafp.com\/esteocomunica23-24\/wp-content\/uploads\/2024\/02\/Captura-de-pantalla-2024-02-22-a-las-12.24.04.png\" alt=\"Captura de pantalla 2024-02-22 a las 12.24.04\" \/><\/figure><\/div><div class=\"swiper-slide\" role=\"group\" aria-roledescription=\"slide\" aria-label=\"2 de 11\"><figure class=\"swiper-slide-inner\"><img decoding=\"async\" class=\"swiper-slide-image\" src=\"https:\/\/esteocomunicafp.com\/esteocomunica23-24\/wp-content\/uploads\/2024\/02\/Captura-de-pantalla-2024-02-22-a-las-12.24.45.png\" alt=\"Captura de pantalla 2024-02-22 a las 12.24.45\" \/><\/figure><\/div><div class=\"swiper-slide\" role=\"group\" aria-roledescription=\"slide\" aria-label=\"3 de 11\"><figure class=\"swiper-slide-inner\"><img decoding=\"async\" class=\"swiper-slide-image\" src=\"https:\/\/esteocomunicafp.com\/esteocomunica23-24\/wp-content\/uploads\/2024\/02\/Captura-de-pantalla-2024-02-22-a-las-12.25.21.png\" alt=\"Captura de pantalla 2024-02-22 a las 12.25.21\" \/><\/figure><\/div><div class=\"swiper-slide\" role=\"group\" aria-roledescription=\"slide\" aria-label=\"4 de 11\"><figure class=\"swiper-slide-inner\"><img decoding=\"async\" class=\"swiper-slide-image\" src=\"https:\/\/esteocomunicafp.com\/esteocomunica23-24\/wp-content\/uploads\/2024\/02\/Captura-de-pantalla-2024-02-22-a-las-12.25.58.png\" alt=\"Captura de pantalla 2024-02-22 a las 12.25.58\" \/><\/figure><\/div><div class=\"swiper-slide\" role=\"group\" aria-roledescription=\"slide\" aria-label=\"5 de 11\"><figure class=\"swiper-slide-inner\"><img decoding=\"async\" class=\"swiper-slide-image\" src=\"https:\/\/esteocomunicafp.com\/esteocomunica23-24\/wp-content\/uploads\/2024\/02\/Captura-de-pantalla-2024-02-22-a-las-12.26.49.png\" alt=\"Captura de pantalla 2024-02-22 a las 12.26.49\" \/><\/figure><\/div><div class=\"swiper-slide\" role=\"group\" aria-roledescription=\"slide\" aria-label=\"6 de 11\"><figure class=\"swiper-slide-inner\"><img decoding=\"async\" class=\"swiper-slide-image\" src=\"https:\/\/esteocomunicafp.com\/esteocomunica23-24\/wp-content\/uploads\/2024\/02\/Captura-de-pantalla-2024-02-22-a-las-12.27.12.png\" alt=\"Captura de pantalla 2024-02-22 a las 12.27.12\" \/><\/figure><\/div><div class=\"swiper-slide\" role=\"group\" aria-roledescription=\"slide\" aria-label=\"7 de 11\"><figure class=\"swiper-slide-inner\"><img decoding=\"async\" class=\"swiper-slide-image\" src=\"https:\/\/esteocomunicafp.com\/esteocomunica23-24\/wp-content\/uploads\/2024\/02\/Captura-de-pantalla-2024-02-22-a-las-12.27.53.png\" alt=\"Captura de pantalla 2024-02-22 a las 12.27.53\" \/><\/figure><\/div><div class=\"swiper-slide\" role=\"group\" aria-roledescription=\"slide\" aria-label=\"8 de 11\"><figure class=\"swiper-slide-inner\"><img decoding=\"async\" class=\"swiper-slide-image\" src=\"https:\/\/esteocomunicafp.com\/esteocomunica23-24\/wp-content\/uploads\/2024\/02\/Captura-de-pantalla-2024-02-22-a-las-12.28.28.png\" alt=\"Captura de pantalla 2024-02-22 a las 12.28.28\" \/><\/figure><\/div><div class=\"swiper-slide\" role=\"group\" aria-roledescription=\"slide\" aria-label=\"9 de 11\"><figure class=\"swiper-slide-inner\"><img decoding=\"async\" class=\"swiper-slide-image\" src=\"https:\/\/esteocomunicafp.com\/esteocomunica23-24\/wp-content\/uploads\/2024\/02\/Captura-de-pantalla-2024-02-22-a-las-12.30.01.png\" alt=\"Captura de pantalla 2024-02-22 a las 12.30.01\" \/><\/figure><\/div><div class=\"swiper-slide\" role=\"group\" aria-roledescription=\"slide\" aria-label=\"10 de 11\"><figure class=\"swiper-slide-inner\"><img decoding=\"async\" class=\"swiper-slide-image\" src=\"https:\/\/esteocomunicafp.com\/esteocomunica23-24\/wp-content\/uploads\/2024\/02\/Captura-de-pantalla-2024-02-22-a-las-12.31.06.png\" alt=\"Captura de pantalla 2024-02-22 a las 12.31.06\" \/><\/figure><\/div><div class=\"swiper-slide\" role=\"group\" aria-roledescription=\"slide\" aria-label=\"11 de 11\"><figure class=\"swiper-slide-inner\"><img decoding=\"async\" class=\"swiper-slide-image\" src=\"https:\/\/esteocomunicafp.com\/esteocomunica23-24\/wp-content\/uploads\/2024\/02\/Captura-de-pantalla-2024-02-22-a-las-12.32.24.png\" alt=\"Captura de pantalla 2024-02-22 a las 12.32.24\" \/><\/figure><\/div>\t\t\t<\/div>\n\t\t\t\t\t\t\t\t\t\t\t\t<div class=\"elementor-swiper-button elementor-swiper-button-prev\" role=\"button\" tabindex=\"0\">\n\t\t\t\t\t\t<svg aria-hidden=\"true\" class=\"e-font-icon-svg e-eicon-chevron-left\" viewBox=\"0 0 1000 1000\" xmlns=\"http:\/\/www.w3.org\/2000\/svg\"><path d=\"M646 125C629 125 613 133 604 142L308 442C296 454 292 471 292 487 292 504 296 521 308 533L604 854C617 867 629 875 646 875 663 875 679 871 692 858 704 846 713 829 713 812 713 796 708 779 692 767L438 487 692 225C700 217 708 204 708 187 708 171 704 154 692 142 675 129 663 125 646 125Z\"><\/path><\/svg>\t\t\t\t\t<\/div>\n\t\t\t\t\t<div class=\"elementor-swiper-button elementor-swiper-button-next\" role=\"button\" tabindex=\"0\">\n\t\t\t\t\t\t<svg aria-hidden=\"true\" class=\"e-font-icon-svg e-eicon-chevron-right\" viewBox=\"0 0 1000 1000\" xmlns=\"http:\/\/www.w3.org\/2000\/svg\"><path d=\"M696 533C708 521 713 504 713 487 713 471 708 454 696 446L400 146C388 133 375 125 354 125 338 125 325 129 313 142 300 154 292 171 292 187 292 204 296 221 308 233L563 492 304 771C292 783 288 800 288 817 288 833 296 850 308 863 321 871 338 875 354 875 371 875 388 867 400 854L696 533Z\"><\/path><\/svg>\t\t\t\t\t<\/div>\n\t\t\t\t\n\t\t\t\t\t\t\t\t\t<div class=\"swiper-pagination\"><\/div>\n\t\t\t\t\t\t\t\t\t<\/div>\n\t\t\t\t\t\t<\/div>\n\t\t\t\t<\/div>\n\t\t\t\t<div class=\"elementor-element elementor-element-5cea95b elementor-align-center elementor-widget elementor-widget-button\" data-id=\"5cea95b\" data-element_type=\"widget\" data-widget_type=\"button.default\">\n\t\t\t\t<div class=\"elementor-widget-container\">\n\t\t\t\t\t\t\t\t\t<div class=\"elementor-button-wrapper\">\n\t\t\t\t\t<a class=\"elementor-button elementor-button-link elementor-size-sm\" href=\"https:\/\/forms.gle\/uEu5wTFUV3xWLH638\">\n\t\t\t\t\t\t<span class=\"elementor-button-content-wrapper\">\n\t\t\t\t\t\t\t\t\t<span class=\"elementor-button-text\">Colabora con Fundaci\u00f3n Harena<\/span>\n\t\t\t\t\t<\/span>\n\t\t\t\t\t<\/a>\n\t\t\t\t<\/div>\n\t\t\t\t\t\t\t\t<\/div>\n\t\t\t\t<\/div>\n\t\t\t\t\t<\/div>\n\t\t\t\t<\/div>\n\t\t\t\t<\/div>\n\t\t","protected":false},"excerpt":{"rendered":"<p>Gala Ben\u00e9fica &#8216;Brillando por Nuestros Mayores&#8217; La Gala Ben\u00e9fica \u00abBrillando por Nuestros Mayores\u00bb\u00a0tuvo lugar el d\u00eda 17 de febrero de 2024 en el Auditorio Edgar Neville de la Diputaci\u00f3n de M\u00e1laga, fue realizada por los alumnos que est\u00e1n detr\u00e1s de la Agencia Simulada de Comunicaci\u00f3n Esteo Comunica,\u00a0en beneficio de la Fundaci\u00f3n Harena y su bonito [&hellip;]<\/p>\n","protected":false},"author":3,"featured_media":0,"parent":68,"menu_order":0,"comment_status":"closed","ping_status":"closed","template":"","meta":{"site-sidebar-layout":"no-sidebar","site-content-layout":"","ast-site-content-layout":"full-width-container","site-content-style":"default","site-sidebar-style":"default","ast-global-header-display":"","ast-banner-title-visibility":"","ast-main-header-display":"","ast-hfb-above-header-display":"","ast-hfb-below-header-display":"","ast-hfb-mobile-header-display":"","site-post-title":"disabled","ast-breadcrumbs-content":"","ast-featured-img":"disabled","footer-sml-layout":"","theme-transparent-header-meta":"","adv-header-id-meta":"","stick-header-meta":"","header-above-stick-meta":"","header-main-stick-meta":"","header-below-stick-meta":"","astra-migrate-meta-layouts":"default","ast-page-background-enabled":"default","ast-page-background-meta":{"desktop":{"background-color":"var(--ast-global-color-4)","background-image":"","background-repeat":"repeat","background-position":"center center","background-size":"auto","background-attachment":"scroll","background-type":"","background-media":"","overlay-type":"","overlay-color":"","overlay-opacity":"","overlay-gradient":""},"tablet":{"background-color":"","background-image":"","background-repeat":"repeat","background-position":"center center","background-size":"auto","background-attachment":"scroll","background-type":"","background-media":"","overlay-type":"","overlay-color":"","overlay-opacity":"","overlay-gradient":""},"mobile":{"background-color":"","background-image":"","background-repeat":"repeat","background-position":"center center","background-size":"auto","background-attachment":"scroll","background-type":"","background-media":"","overlay-type":"","overlay-color":"","overlay-opacity":"","overlay-gradient":""}},"ast-content-background-meta":{"desktop":{"background-color":"var(--ast-global-color-5)","background-image":"","background-repeat":"repeat","background-position":"center center","background-size":"auto","background-attachment":"scroll","background-type":"","background-media":"","overlay-type":"","overlay-color":"","overlay-opacity":"","overlay-gradient":""},"tablet":{"background-color":"var(--ast-global-color-5)","background-image":"","background-repeat":"repeat","background-position":"center center","background-size":"auto","background-attachment":"scroll","background-type":"","background-media":"","overlay-type":"","overlay-color":"","overlay-opacity":"","overlay-gradient":""},"mobile":{"background-color":"var(--ast-global-color-5)","background-image":"","background-repeat":"repeat","background-position":"center center","background-size":"auto","background-attachment":"scroll","background-type":"","background-media":"","overlay-type":"","overlay-color":"","overlay-opacity":"","overlay-gradient":""}},"footnotes":""},"class_list":["post-1350","page","type-page","status-publish","hentry"],"_links":{"self":[{"href":"https:\/\/esteocomunicafp.com\/esteocomunica23-24\/wp-json\/wp\/v2\/pages\/1350","targetHints":{"allow":["GET"]}}],"collection":[{"href":"https:\/\/esteocomunicafp.com\/esteocomunica23-24\/wp-json\/wp\/v2\/pages"}],"about":[{"href":"https:\/\/esteocomunicafp.com\/esteocomunica23-24\/wp-json\/wp\/v2\/types\/page"}],"author":[{"embeddable":true,"href":"https:\/\/esteocomunicafp.com\/esteocomunica23-24\/wp-json\/wp\/v2\/users\/3"}],"replies":[{"embeddable":true,"href":"https:\/\/esteocomunicafp.com\/esteocomunica23-24\/wp-json\/wp\/v2\/comments?post=1350"}],"version-history":[{"count":26,"href":"https:\/\/esteocomunicafp.com\/esteocomunica23-24\/wp-json\/wp\/v2\/pages\/1350\/revisions"}],"predecessor-version":[{"id":1689,"href":"https:\/\/esteocomunicafp.com\/esteocomunica23-24\/wp-json\/wp\/v2\/pages\/1350\/revisions\/1689"}],"up":[{"embeddable":true,"href":"https:\/\/esteocomunicafp.com\/esteocomunica23-24\/wp-json\/wp\/v2\/pages\/68"}],"wp:attachment":[{"href":"https:\/\/esteocomunicafp.com\/esteocomunica23-24\/wp-json\/wp\/v2\/media?parent=1350"}],"curies":[{"name":"wp","href":"https:\/\/api.w.org\/{rel}","templated":true}]}}