{"id":96,"date":"2022-11-28T10:47:27","date_gmt":"2022-11-28T09:47:27","guid":{"rendered":"https:\/\/esteocomunicafp.com\/alu3\/?page_id=96"},"modified":"2023-01-28T11:38:31","modified_gmt":"2023-01-28T10:38:31","slug":"sobre-nosotros","status":"publish","type":"page","link":"https:\/\/esteocomunicafp.com\/esteocomunica\/sobre-nosotros\/","title":{"rendered":"Sobre nosotros"},"content":{"rendered":"\n<p>Somos estudiantes de 2\u00ba CFGS en  Marketing y Publicidad en el <a href=\"https:\/\/www2.iesromeroesteo.es\">I.E.S Miguel Romero Esteo<\/a>  de M\u00e1laga.<\/p>\n\n\n\n<figure class=\"wp-block-image size-full\"><img fetchpriority=\"high\" decoding=\"async\" width=\"1141\" height=\"418\" src=\"https:\/\/esteocomunicafp.com\/esteocomunica\/wp-content\/uploads\/2022\/12\/143A11BA-C43F-4FC9-B8A6-E03B373AA65D_1_201_a.jpeg\" alt=\"\" class=\"wp-image-185\" srcset=\"https:\/\/esteocomunicafp.com\/esteocomunica\/wp-content\/uploads\/2022\/12\/143A11BA-C43F-4FC9-B8A6-E03B373AA65D_1_201_a.jpeg 1141w, https:\/\/esteocomunicafp.com\/esteocomunica\/wp-content\/uploads\/2022\/12\/143A11BA-C43F-4FC9-B8A6-E03B373AA65D_1_201_a-768x281.jpeg 768w, https:\/\/esteocomunicafp.com\/esteocomunica\/wp-content\/uploads\/2022\/12\/143A11BA-C43F-4FC9-B8A6-E03B373AA65D_1_201_a-350x128.jpeg 350w\" sizes=\"(max-width: 767px) 89vw, (max-width: 1000px) 54vw, (max-width: 1071px) 543px, 580px\" \/><\/figure>\n\n\n\n<p>\u00a1Unos enamorados del mundo del marketing! es por ello por lo que hemos creado esta web. Aqu\u00ed podr\u00e1s conocer todos los proyectos que llevaremos a cabo durante el curso 2022 &#8211; 2023.<\/p>\n\n\n\n<p>Estamos colaborando con la<a href=\"https:\/\/fundacionronald.org\/casa-malaga\/\"> <strong>Fundaci\u00f3n Infantil Casa Ronald McDonald de M\u00e1laga,<\/strong><\/a><strong> <\/strong>no os pod\u00e9is imaginar lo orgullosos que estamos de poder colaborar con ellos.<\/p>\n\n\n\n<p>Hacemos peque\u00f1as <strong>colaboraciones ben\u00e9ficas para recaudar fondos para su Fundaci\u00f3n Infantil.<\/strong><\/p>\n\n\n\n<p>Este proceso nos est\u00e1 ayudando a realizar tareas de marketing  y publicidad  a la vez de poder aportarles nuestro granito de arena.<\/p>\n\n\n\n<p>Qu\u00e9date con nosotros para no perderte ning\u00fan detalle de nuestra aventura como <strong>futuros profesionales del marketing.<\/strong><\/p>\n\n\n\n<p>Un saludo de todo el equipo de estudiantes de 2\u00ba CFGS de Marketing y Publicidad del I.E.S Miguel Romero Esteo.<\/p>\n\n\n\n<p><\/p>\n","protected":false},"excerpt":{"rendered":"<p>Somos estudiantes de 2\u00ba CFGS en Marketing y Publicidad en el I.E.S Miguel Romero Esteo de M\u00e1laga. \u00a1Unos enamorados del mundo del marketing! es por ello por lo que hemos creado esta web. Aqu\u00ed podr\u00e1s conocer todos los proyectos que llevaremos a cabo durante el curso 2022 &#8211; 2023. Estamos colaborando con la Fundaci\u00f3n Infantil &hellip; <\/p>\n<p class=\"link-more\"><a href=\"https:\/\/esteocomunicafp.com\/esteocomunica\/sobre-nosotros\/\" class=\"more-link\">Continuar leyendo<span class=\"screen-reader-text\"> \u00abSobre nosotros\u00bb<\/span><\/a><\/p>\n","protected":false},"author":1,"featured_media":0,"parent":0,"menu_order":0,"comment_status":"closed","ping_status":"closed","template":"","meta":{"_eb_attr":"","footnotes":""},"class_list":["post-96","page","type-page","status-publish","hentry"],"yoast_head":"<!-- This site is optimized with the Yoast SEO plugin v26.5 - https:\/\/yoast.com\/wordpress\/plugins\/seo\/ -->\n<title>Sobre nosotros - Esteo Comunica 2022 - 2023<\/title>\n<meta name=\"robots\" content=\"noindex, follow, max-snippet:-1, max-image-preview:large, max-video-preview:-1\" \/>\n<meta property=\"og:locale\" content=\"es_ES\" \/>\n<meta property=\"og:type\" content=\"article\" \/>\n<meta property=\"og:title\" content=\"Sobre nosotros - Esteo Comunica 2022 - 2023\" \/>\n<meta property=\"og:description\" content=\"Somos estudiantes de 2\u00ba CFGS en Marketing y Publicidad en el I.E.S Miguel Romero Esteo de M\u00e1laga. \u00a1Unos enamorados del mundo del marketing! es por ello por lo que hemos creado esta web. Aqu\u00ed podr\u00e1s conocer todos los proyectos que llevaremos a cabo durante el curso 2022 &#8211; 2023. Estamos colaborando con la Fundaci\u00f3n Infantil &hellip; Continuar leyendo &quot;Sobre nosotros&quot;\" \/>\n<meta property=\"og:url\" content=\"https:\/\/esteocomunicafp.com\/esteocomunica\/sobre-nosotros\/\" \/>\n<meta property=\"og:site_name\" content=\"Esteo Comunica 2022 - 2023\" \/>\n<meta property=\"article:publisher\" content=\"https:\/\/www.facebook.com\/EsteoComunica\/\" \/>\n<meta property=\"article:modified_time\" content=\"2023-01-28T10:38:31+00:00\" \/>\n<meta property=\"og:image\" content=\"https:\/\/esteocomunicafp.com\/esteocomunica\/wp-content\/uploads\/2022\/12\/143A11BA-C43F-4FC9-B8A6-E03B373AA65D_1_201_a.jpeg\" \/>\n<meta name=\"twitter:card\" content=\"summary_large_image\" \/>\n<meta name=\"twitter:site\" content=\"@esteocomunica\" \/>\n<meta name=\"twitter:label1\" content=\"Tiempo de lectura\" \/>\n\t<meta name=\"twitter:data1\" content=\"1 minuto\" \/>\n<script type=\"application\/ld+json\" class=\"yoast-schema-graph\">{\"@context\":\"https:\/\/schema.org\",\"@graph\":[{\"@type\":\"WebPage\",\"@id\":\"https:\/\/esteocomunicafp.com\/esteocomunica\/sobre-nosotros\/\",\"url\":\"https:\/\/esteocomunicafp.com\/esteocomunica\/sobre-nosotros\/\",\"name\":\"Sobre nosotros - Esteo Comunica 2022 - 2023\",\"isPartOf\":{\"@id\":\"https:\/\/esteocomunicafp.com\/esteocomunica\/#website\"},\"primaryImageOfPage\":{\"@id\":\"https:\/\/esteocomunicafp.com\/esteocomunica\/sobre-nosotros\/#primaryimage\"},\"image\":{\"@id\":\"https:\/\/esteocomunicafp.com\/esteocomunica\/sobre-nosotros\/#primaryimage\"},\"thumbnailUrl\":\"https:\/\/esteocomunicafp.com\/esteocomunica\/wp-content\/uploads\/2022\/12\/143A11BA-C43F-4FC9-B8A6-E03B373AA65D_1_201_a.jpeg\",\"datePublished\":\"2022-11-28T09:47:27+00:00\",\"dateModified\":\"2023-01-28T10:38:31+00:00\",\"breadcrumb\":{\"@id\":\"https:\/\/esteocomunicafp.com\/esteocomunica\/sobre-nosotros\/#breadcrumb\"},\"inLanguage\":\"es\",\"potentialAction\":[{\"@type\":\"ReadAction\",\"target\":[\"https:\/\/esteocomunicafp.com\/esteocomunica\/sobre-nosotros\/\"]}]},{\"@type\":\"ImageObject\",\"inLanguage\":\"es\",\"@id\":\"https:\/\/esteocomunicafp.com\/esteocomunica\/sobre-nosotros\/#primaryimage\",\"url\":\"https:\/\/esteocomunicafp.com\/esteocomunica\/wp-content\/uploads\/2022\/12\/143A11BA-C43F-4FC9-B8A6-E03B373AA65D_1_201_a.jpeg\",\"contentUrl\":\"https:\/\/esteocomunicafp.com\/esteocomunica\/wp-content\/uploads\/2022\/12\/143A11BA-C43F-4FC9-B8A6-E03B373AA65D_1_201_a.jpeg\",\"width\":1141,\"height\":418},{\"@type\":\"BreadcrumbList\",\"@id\":\"https:\/\/esteocomunicafp.com\/esteocomunica\/sobre-nosotros\/#breadcrumb\",\"itemListElement\":[{\"@type\":\"ListItem\",\"position\":1,\"name\":\"Portada\",\"item\":\"https:\/\/esteocomunicafp.com\/esteocomunica\/\"},{\"@type\":\"ListItem\",\"position\":2,\"name\":\"Sobre nosotros\"}]},{\"@type\":\"WebSite\",\"@id\":\"https:\/\/esteocomunicafp.com\/esteocomunica\/#website\",\"url\":\"https:\/\/esteocomunicafp.com\/esteocomunica\/\",\"name\":\"Esteo Comunica 2022 - 2023\",\"description\":\"Agencia simulada de comunicaci\u00f3n Esteo Comunica\",\"potentialAction\":[{\"@type\":\"SearchAction\",\"target\":{\"@type\":\"EntryPoint\",\"urlTemplate\":\"https:\/\/esteocomunicafp.com\/esteocomunica\/?s={search_term_string}\"},\"query-input\":{\"@type\":\"PropertyValueSpecification\",\"valueRequired\":true,\"valueName\":\"search_term_string\"}}],\"inLanguage\":\"es\"}]}<\/script>\n<!-- \/ Yoast SEO plugin. -->","yoast_head_json":{"title":"Sobre nosotros - Esteo Comunica 2022 - 2023","robots":{"index":"noindex","follow":"follow","max-snippet":"max-snippet:-1","max-image-preview":"max-image-preview:large","max-video-preview":"max-video-preview:-1"},"og_locale":"es_ES","og_type":"article","og_title":"Sobre nosotros - Esteo Comunica 2022 - 2023","og_description":"Somos estudiantes de 2\u00ba CFGS en Marketing y Publicidad en el I.E.S Miguel Romero Esteo de M\u00e1laga. \u00a1Unos enamorados del mundo del marketing! es por ello por lo que hemos creado esta web. Aqu\u00ed podr\u00e1s conocer todos los proyectos que llevaremos a cabo durante el curso 2022 &#8211; 2023. Estamos colaborando con la Fundaci\u00f3n Infantil &hellip; Continuar leyendo \"Sobre nosotros\"","og_url":"https:\/\/esteocomunicafp.com\/esteocomunica\/sobre-nosotros\/","og_site_name":"Esteo Comunica 2022 - 2023","article_publisher":"https:\/\/www.facebook.com\/EsteoComunica\/","article_modified_time":"2023-01-28T10:38:31+00:00","og_image":[{"url":"https:\/\/esteocomunicafp.com\/esteocomunica\/wp-content\/uploads\/2022\/12\/143A11BA-C43F-4FC9-B8A6-E03B373AA65D_1_201_a.jpeg","type":"","width":"","height":""}],"twitter_card":"summary_large_image","twitter_site":"@esteocomunica","twitter_misc":{"Tiempo de lectura":"1 minuto"},"schema":{"@context":"https:\/\/schema.org","@graph":[{"@type":"WebPage","@id":"https:\/\/esteocomunicafp.com\/esteocomunica\/sobre-nosotros\/","url":"https:\/\/esteocomunicafp.com\/esteocomunica\/sobre-nosotros\/","name":"Sobre nosotros - Esteo Comunica 2022 - 2023","isPartOf":{"@id":"https:\/\/esteocomunicafp.com\/esteocomunica\/#website"},"primaryImageOfPage":{"@id":"https:\/\/esteocomunicafp.com\/esteocomunica\/sobre-nosotros\/#primaryimage"},"image":{"@id":"https:\/\/esteocomunicafp.com\/esteocomunica\/sobre-nosotros\/#primaryimage"},"thumbnailUrl":"https:\/\/esteocomunicafp.com\/esteocomunica\/wp-content\/uploads\/2022\/12\/143A11BA-C43F-4FC9-B8A6-E03B373AA65D_1_201_a.jpeg","datePublished":"2022-11-28T09:47:27+00:00","dateModified":"2023-01-28T10:38:31+00:00","breadcrumb":{"@id":"https:\/\/esteocomunicafp.com\/esteocomunica\/sobre-nosotros\/#breadcrumb"},"inLanguage":"es","potentialAction":[{"@type":"ReadAction","target":["https:\/\/esteocomunicafp.com\/esteocomunica\/sobre-nosotros\/"]}]},{"@type":"ImageObject","inLanguage":"es","@id":"https:\/\/esteocomunicafp.com\/esteocomunica\/sobre-nosotros\/#primaryimage","url":"https:\/\/esteocomunicafp.com\/esteocomunica\/wp-content\/uploads\/2022\/12\/143A11BA-C43F-4FC9-B8A6-E03B373AA65D_1_201_a.jpeg","contentUrl":"https:\/\/esteocomunicafp.com\/esteocomunica\/wp-content\/uploads\/2022\/12\/143A11BA-C43F-4FC9-B8A6-E03B373AA65D_1_201_a.jpeg","width":1141,"height":418},{"@type":"BreadcrumbList","@id":"https:\/\/esteocomunicafp.com\/esteocomunica\/sobre-nosotros\/#breadcrumb","itemListElement":[{"@type":"ListItem","position":1,"name":"Portada","item":"https:\/\/esteocomunicafp.com\/esteocomunica\/"},{"@type":"ListItem","position":2,"name":"Sobre nosotros"}]},{"@type":"WebSite","@id":"https:\/\/esteocomunicafp.com\/esteocomunica\/#website","url":"https:\/\/esteocomunicafp.com\/esteocomunica\/","name":"Esteo Comunica 2022 - 2023","description":"Agencia simulada de comunicaci\u00f3n Esteo Comunica","potentialAction":[{"@type":"SearchAction","target":{"@type":"EntryPoint","urlTemplate":"https:\/\/esteocomunicafp.com\/esteocomunica\/?s={search_term_string}"},"query-input":{"@type":"PropertyValueSpecification","valueRequired":true,"valueName":"search_term_string"}}],"inLanguage":"es"}]}},"_links":{"self":[{"href":"https:\/\/esteocomunicafp.com\/esteocomunica\/wp-json\/wp\/v2\/pages\/96","targetHints":{"allow":["GET"]}}],"collection":[{"href":"https:\/\/esteocomunicafp.com\/esteocomunica\/wp-json\/wp\/v2\/pages"}],"about":[{"href":"https:\/\/esteocomunicafp.com\/esteocomunica\/wp-json\/wp\/v2\/types\/page"}],"author":[{"embeddable":true,"href":"https:\/\/esteocomunicafp.com\/esteocomunica\/wp-json\/wp\/v2\/users\/1"}],"replies":[{"embeddable":true,"href":"https:\/\/esteocomunicafp.com\/esteocomunica\/wp-json\/wp\/v2\/comments?post=96"}],"version-history":[{"count":9,"href":"https:\/\/esteocomunicafp.com\/esteocomunica\/wp-json\/wp\/v2\/pages\/96\/revisions"}],"predecessor-version":[{"id":315,"href":"https:\/\/esteocomunicafp.com\/esteocomunica\/wp-json\/wp\/v2\/pages\/96\/revisions\/315"}],"wp:attachment":[{"href":"https:\/\/esteocomunicafp.com\/esteocomunica\/wp-json\/wp\/v2\/media?parent=96"}],"curies":[{"name":"wp","href":"https:\/\/api.w.org\/{rel}","templated":true}]}}