{"id":59,"date":"2022-11-24T14:12:03","date_gmt":"2022-11-24T13:12:03","guid":{"rendered":"https:\/\/esteocomunicafp.com\/alu3\/?page_id=59"},"modified":"2023-01-30T10:44:00","modified_gmt":"2023-01-30T09:44:00","slug":"productos-de-la-cesta","status":"publish","type":"page","link":"https:\/\/esteocomunicafp.com\/esteocomunica\/productos-de-la-cesta\/","title":{"rendered":"Productos de la cesta"},"content":{"rendered":"\n<p>A continuaci\u00f3n adjuntamos un listado con todos los productos donados por la empresa <\/p>\n\n\n\n<p><a href=\"https:\/\/www.incoansl.com\/?gclid=Cj0KCQiAj4ecBhD3ARIsAM4Q_jGHbmGdNWGuDQUVEWHf80BAqnf9hladFvwL0F3eCerzK6tdn7mLrV0aAh1wEALw_wcB\">D. Sancho Melero<\/a> la cesta est\u00e1 valorada en 300\u20ac <\/p>\n\n\n\n<p>Puedes seguirnos en nuestra cuenta de Instagram <a href=\"https:\/\/www.instagram.com\/esteocomunica\/\">@esteocomunica<\/a> para no perderte ning\u00fan detalle sobre la rifa.<\/p>\n\n\n\n<figure class=\"wp-block-table\"><table><tbody><tr><td><strong>PRODUCTOS:<\/strong><\/td><\/tr><tr><td>POLVORON ALMENDRA AOVE 400G LA CASTA\u00d1A<\/td><\/tr><tr><td>ROSCO MIEL ALMENDRA 260G LA CASTA\u00d1A<\/td><\/tr><tr><td>ALFAJORES DULCES &amp; SALADOS 285G MANTEQUERA DSM<\/td><\/tr><tr><td>MINI MANTECADO MANTEQUILLA 160 G MANTEQUERA DSM<\/td><\/tr><tr><td>MINI MANTECADO MANTEQUILLA 240G MANTEQUERA DSM<\/td><\/tr><tr><td>MANTECADO MANTEQUILLA 420G MANTEQUERA DSM<\/td><\/tr><tr><td>SURTIDO NAVIDAD ESTUCHE 3KG DSM<\/td><\/tr><tr><td>HOJALDRADA 400G DSM<\/td><\/tr><tr><td>BOMBON SURTIDO 4KG DSM<\/td><\/tr><tr><td>BOMB\u00d3N CROCANTI AVELLANA 300G DSM<\/td><\/tr><tr><td>ROCAS ALMENDRA SURTIDAS 300G DSM<\/td><\/tr><tr><td>GAJOS NARANJA BA\u00d1ADOS CACAO 200G DSM<\/td><\/tr><tr><td>CEREZA AL MARRASQUINO 300G DSM<\/td><\/tr><tr><td>FRUTAS BA\u00d1ADAS CACAO 300G DSM<\/td><\/tr><tr><td>ALMENDRAS RELL ALMENDRA 200G DSM<\/td><\/tr><tr><td>PASTEL YEMA 200G DSM<\/td><\/tr><tr><td>PASTEL GLORIA 200G DSM<\/td><\/tr><tr><td>MAZAP\u00c1N SOTO 200G DSM<\/td><\/tr><tr><td>FIGURITAS MAZAP\u00c1N ALMENDRA 200G DSM<\/td><\/tr><tr><td>EMPANADILLAS 300G DSM<\/td><\/tr><tr><td>PASTA ALMENDRA 300G DSM<\/td><\/tr><tr><td>PASTA GUINDA 300G DSM<\/td><\/tr><tr><td>MARQUESAS 300G DSM<\/td><\/tr><tr><td>YEMAS 300G DSM<\/td><\/tr><tr><td>FRUTAS DE MAZAPAN 300G DSM<\/td><\/tr><tr><td>MINI PAN DE CADIZ 300G DSM<\/td><\/tr><tr><td>LINGOTES 300G DSM<\/td><\/tr><tr><td>TURR\u00d3N BLANDO 300G DSM<\/td><\/tr><tr><td>TURR\u00d3N DURO 300G DSM<\/td><\/tr><tr><td>TURRON YEMA 300G DSM<\/td><\/tr><tr><td>TURR\u00d3N GUIRLACHE 300G DSM<\/td><\/tr><tr><td>TURR\u00d3N CACAO ALMENDRA 300G DSM<\/td><\/tr><tr><td>TURR\u00d3N CACAO CRUJIENTE 300G DSM<\/td><\/tr><tr><td>JAFFA CAKE FRAMBUESA 135G MELS<\/td><\/tr><tr><td>JAFFA CAKE NARANJA 135G MELS<\/td><\/tr><tr><td>BARQUILLO RELL CREMA TURR\u00d3N 200G MELS<\/td><\/tr><tr><td>BARQUILLO RELL CREMA CHOCO AVELLANA 200G MELS<\/td><\/tr><tr><td>BARQUILLO 140G MELS&nbsp;&nbsp;<\/td><\/tr><tr><td>BARQUILLO BA\u00d1O CHOCO 280G MELS<\/td><\/tr><tr><td>BARQUILLO BA\u00d1O CHOCO BLANCO 280G MELS<\/td><\/tr><tr><td>CHOCOPALOS 125G MELS<\/td><\/tr><tr><td>GALLETA JENGIBRE 300G MELS&nbsp;<\/td><\/tr><tr><td>GALLETA 30% MANTEQUILLA 125G THE COOKIES MELS<\/td><\/tr><tr><td>ROSKI\u00b4S 400G MELS&nbsp;<\/td><\/tr><tr><td>SURTIDO GRAN SELECCI\u00d3N 500G MELS<\/td><\/tr><tr><td>LATA GALLETA MANTEQUILLA 7% 454G MELS<\/td><\/tr><tr><td>MINI TARTALETA 12 UNIDS 84G MELS<\/td><\/tr><tr><td>MINI VOLAUVENT 12 UNIDS 72G MELS<\/td><\/tr><tr><td>VOLAUVENT 6 UNIDS 150G MELS<\/td><\/tr><\/tbody><\/table><\/figure>\n","protected":false},"excerpt":{"rendered":"<p>A continuaci\u00f3n adjuntamos un listado con todos los productos donados por la empresa D. Sancho Melero la cesta est\u00e1 valorada en 300\u20ac Puedes seguirnos en nuestra cuenta de Instagram @esteocomunica para no perderte ning\u00fan detalle sobre la rifa. PRODUCTOS: POLVORON ALMENDRA AOVE 400G LA CASTA\u00d1A ROSCO MIEL ALMENDRA 260G LA CASTA\u00d1A ALFAJORES DULCES &amp; SALADOS &hellip; <\/p>\n<p class=\"link-more\"><a href=\"https:\/\/esteocomunicafp.com\/esteocomunica\/productos-de-la-cesta\/\" class=\"more-link\">Continuar leyendo<span class=\"screen-reader-text\"> \u00abProductos de la cesta\u00bb<\/span><\/a><\/p>\n","protected":false},"author":1,"featured_media":0,"parent":0,"menu_order":0,"comment_status":"closed","ping_status":"closed","template":"","meta":{"_eb_attr":"","footnotes":""},"class_list":["post-59","page","type-page","status-publish","hentry"],"yoast_head":"<!-- This site is optimized with the Yoast SEO plugin v26.5 - https:\/\/yoast.com\/wordpress\/plugins\/seo\/ -->\n<title>Productos de la cesta - Esteo Comunica 2022 - 2023<\/title>\n<meta name=\"robots\" content=\"noindex, follow, max-snippet:-1, max-image-preview:large, max-video-preview:-1\" \/>\n<meta property=\"og:locale\" content=\"es_ES\" \/>\n<meta property=\"og:type\" content=\"article\" \/>\n<meta property=\"og:title\" content=\"Productos de la cesta - Esteo Comunica 2022 - 2023\" \/>\n<meta property=\"og:description\" content=\"A continuaci\u00f3n adjuntamos un listado con todos los productos donados por la empresa D. Sancho Melero la cesta est\u00e1 valorada en 300\u20ac Puedes seguirnos en nuestra cuenta de Instagram @esteocomunica para no perderte ning\u00fan detalle sobre la rifa. PRODUCTOS: POLVORON ALMENDRA AOVE 400G LA CASTA\u00d1A ROSCO MIEL ALMENDRA 260G LA CASTA\u00d1A ALFAJORES DULCES &amp; SALADOS &hellip; Continuar leyendo &quot;Productos de la cesta&quot;\" \/>\n<meta property=\"og:url\" content=\"https:\/\/esteocomunicafp.com\/esteocomunica\/productos-de-la-cesta\/\" \/>\n<meta property=\"og:site_name\" content=\"Esteo Comunica 2022 - 2023\" \/>\n<meta property=\"article:publisher\" content=\"https:\/\/www.facebook.com\/EsteoComunica\/\" \/>\n<meta property=\"article:modified_time\" content=\"2023-01-30T09:44:00+00:00\" \/>\n<meta name=\"twitter:card\" content=\"summary_large_image\" \/>\n<meta name=\"twitter:site\" content=\"@esteocomunica\" \/>\n<meta name=\"twitter:label1\" content=\"Tiempo de lectura\" \/>\n\t<meta name=\"twitter:data1\" content=\"2 minutos\" \/>\n<script type=\"application\/ld+json\" class=\"yoast-schema-graph\">{\"@context\":\"https:\/\/schema.org\",\"@graph\":[{\"@type\":\"WebPage\",\"@id\":\"https:\/\/esteocomunicafp.com\/esteocomunica\/productos-de-la-cesta\/\",\"url\":\"https:\/\/esteocomunicafp.com\/esteocomunica\/productos-de-la-cesta\/\",\"name\":\"Productos de la cesta - Esteo Comunica 2022 - 2023\",\"isPartOf\":{\"@id\":\"https:\/\/esteocomunicafp.com\/esteocomunica\/#website\"},\"datePublished\":\"2022-11-24T13:12:03+00:00\",\"dateModified\":\"2023-01-30T09:44:00+00:00\",\"breadcrumb\":{\"@id\":\"https:\/\/esteocomunicafp.com\/esteocomunica\/productos-de-la-cesta\/#breadcrumb\"},\"inLanguage\":\"es\",\"potentialAction\":[{\"@type\":\"ReadAction\",\"target\":[\"https:\/\/esteocomunicafp.com\/esteocomunica\/productos-de-la-cesta\/\"]}]},{\"@type\":\"BreadcrumbList\",\"@id\":\"https:\/\/esteocomunicafp.com\/esteocomunica\/productos-de-la-cesta\/#breadcrumb\",\"itemListElement\":[{\"@type\":\"ListItem\",\"position\":1,\"name\":\"Portada\",\"item\":\"https:\/\/esteocomunicafp.com\/esteocomunica\/\"},{\"@type\":\"ListItem\",\"position\":2,\"name\":\"Productos de la cesta\"}]},{\"@type\":\"WebSite\",\"@id\":\"https:\/\/esteocomunicafp.com\/esteocomunica\/#website\",\"url\":\"https:\/\/esteocomunicafp.com\/esteocomunica\/\",\"name\":\"Esteo Comunica 2022 - 2023\",\"description\":\"Agencia simulada de comunicaci\u00f3n Esteo Comunica\",\"potentialAction\":[{\"@type\":\"SearchAction\",\"target\":{\"@type\":\"EntryPoint\",\"urlTemplate\":\"https:\/\/esteocomunicafp.com\/esteocomunica\/?s={search_term_string}\"},\"query-input\":{\"@type\":\"PropertyValueSpecification\",\"valueRequired\":true,\"valueName\":\"search_term_string\"}}],\"inLanguage\":\"es\"}]}<\/script>\n<!-- \/ Yoast SEO plugin. -->","yoast_head_json":{"title":"Productos de la cesta - Esteo Comunica 2022 - 2023","robots":{"index":"noindex","follow":"follow","max-snippet":"max-snippet:-1","max-image-preview":"max-image-preview:large","max-video-preview":"max-video-preview:-1"},"og_locale":"es_ES","og_type":"article","og_title":"Productos de la cesta - Esteo Comunica 2022 - 2023","og_description":"A continuaci\u00f3n adjuntamos un listado con todos los productos donados por la empresa D. Sancho Melero la cesta est\u00e1 valorada en 300\u20ac Puedes seguirnos en nuestra cuenta de Instagram @esteocomunica para no perderte ning\u00fan detalle sobre la rifa. PRODUCTOS: POLVORON ALMENDRA AOVE 400G LA CASTA\u00d1A ROSCO MIEL ALMENDRA 260G LA CASTA\u00d1A ALFAJORES DULCES &amp; SALADOS &hellip; Continuar leyendo \"Productos de la cesta\"","og_url":"https:\/\/esteocomunicafp.com\/esteocomunica\/productos-de-la-cesta\/","og_site_name":"Esteo Comunica 2022 - 2023","article_publisher":"https:\/\/www.facebook.com\/EsteoComunica\/","article_modified_time":"2023-01-30T09:44:00+00:00","twitter_card":"summary_large_image","twitter_site":"@esteocomunica","twitter_misc":{"Tiempo de lectura":"2 minutos"},"schema":{"@context":"https:\/\/schema.org","@graph":[{"@type":"WebPage","@id":"https:\/\/esteocomunicafp.com\/esteocomunica\/productos-de-la-cesta\/","url":"https:\/\/esteocomunicafp.com\/esteocomunica\/productos-de-la-cesta\/","name":"Productos de la cesta - Esteo Comunica 2022 - 2023","isPartOf":{"@id":"https:\/\/esteocomunicafp.com\/esteocomunica\/#website"},"datePublished":"2022-11-24T13:12:03+00:00","dateModified":"2023-01-30T09:44:00+00:00","breadcrumb":{"@id":"https:\/\/esteocomunicafp.com\/esteocomunica\/productos-de-la-cesta\/#breadcrumb"},"inLanguage":"es","potentialAction":[{"@type":"ReadAction","target":["https:\/\/esteocomunicafp.com\/esteocomunica\/productos-de-la-cesta\/"]}]},{"@type":"BreadcrumbList","@id":"https:\/\/esteocomunicafp.com\/esteocomunica\/productos-de-la-cesta\/#breadcrumb","itemListElement":[{"@type":"ListItem","position":1,"name":"Portada","item":"https:\/\/esteocomunicafp.com\/esteocomunica\/"},{"@type":"ListItem","position":2,"name":"Productos de la cesta"}]},{"@type":"WebSite","@id":"https:\/\/esteocomunicafp.com\/esteocomunica\/#website","url":"https:\/\/esteocomunicafp.com\/esteocomunica\/","name":"Esteo Comunica 2022 - 2023","description":"Agencia simulada de comunicaci\u00f3n Esteo Comunica","potentialAction":[{"@type":"SearchAction","target":{"@type":"EntryPoint","urlTemplate":"https:\/\/esteocomunicafp.com\/esteocomunica\/?s={search_term_string}"},"query-input":{"@type":"PropertyValueSpecification","valueRequired":true,"valueName":"search_term_string"}}],"inLanguage":"es"}]}},"_links":{"self":[{"href":"https:\/\/esteocomunicafp.com\/esteocomunica\/wp-json\/wp\/v2\/pages\/59","targetHints":{"allow":["GET"]}}],"collection":[{"href":"https:\/\/esteocomunicafp.com\/esteocomunica\/wp-json\/wp\/v2\/pages"}],"about":[{"href":"https:\/\/esteocomunicafp.com\/esteocomunica\/wp-json\/wp\/v2\/types\/page"}],"author":[{"embeddable":true,"href":"https:\/\/esteocomunicafp.com\/esteocomunica\/wp-json\/wp\/v2\/users\/1"}],"replies":[{"embeddable":true,"href":"https:\/\/esteocomunicafp.com\/esteocomunica\/wp-json\/wp\/v2\/comments?post=59"}],"version-history":[{"count":5,"href":"https:\/\/esteocomunicafp.com\/esteocomunica\/wp-json\/wp\/v2\/pages\/59\/revisions"}],"predecessor-version":[{"id":152,"href":"https:\/\/esteocomunicafp.com\/esteocomunica\/wp-json\/wp\/v2\/pages\/59\/revisions\/152"}],"wp:attachment":[{"href":"https:\/\/esteocomunicafp.com\/esteocomunica\/wp-json\/wp\/v2\/media?parent=59"}],"curies":[{"name":"wp","href":"https:\/\/api.w.org\/{rel}","templated":true}]}}