{"id":57,"date":"2022-11-24T14:10:51","date_gmt":"2022-11-24T13:10:51","guid":{"rendered":"https:\/\/esteocomunicafp.com\/alu3\/?page_id=57"},"modified":"2023-01-30T10:41:47","modified_gmt":"2023-01-30T09:41:47","slug":"ganador-del-sorteo","status":"publish","type":"page","link":"https:\/\/esteocomunicafp.com\/esteocomunica\/ganador-del-sorteo\/","title":{"rendered":"Ganador del sorteo"},"content":{"rendered":"\n<p>Ya tenemos el n\u00famero ganador del sorteo de la cesta solidaria con productos de <a href=\"https:\/\/www.incoansl.com\/?gclid=Cj0KCQiA-oqdBhDfARIsAO0TrGHoKstfNR_t8OioD7CuZKhBk-5OvyWQiZlJa_vTEewwmayKBsqyPwoaAuNaEALw_wcB\">Sancho Melero <\/a><\/p>\n\n\n\n<p class=\"has-text-align-center\"><strong>EL N\u00daMERO GANADO ES EL 66<\/strong><\/p>\n\n\n\n<p>Queremos agradecer a la empresa a la empresa Sancho Melero por su colaboraci\u00f3n y donarnos sus productos para llevara a cabo esta recaudaci\u00f3n con la rifa solidaria que ir\u00e1 integra a la <a href=\"https:\/\/fundacionronald.org\/casa-malaga\/\">Fundaci\u00f3n infantil casa Ronald McDonald de M\u00e1laga<\/a>, sin ellos esto no habr\u00eda sido posible.<\/p>\n\n\n\n<p>Tambi\u00e9n agradecer a todos los participantes del sorteo gracias a vuestra participaciones podremos aportar nuestro granito de arena a la Fundaci\u00f3n.<\/p>\n\n\n\n<p>Por \u00faltimo y no menos importante al <a href=\"https:\/\/www2.iesromeroesteo.es\">I.E.S Miguel Romero Esteo<\/a> y a todo su equipo directivo y profesorado por dejarnos realizar en el centro esta acci\u00f3n tan bonita y de la que tanto hemos podido aprender.<\/p>\n\n\n\n<figure class=\"wp-block-image size-full\"><img fetchpriority=\"high\" decoding=\"async\" width=\"1748\" height=\"1240\" src=\"https:\/\/esteocomunicafp.com\/esteocomunica\/wp-content\/uploads\/2022\/12\/0921E73A-E70A-498F-9397-8174FA008FBB-1.png\" alt=\"\" class=\"wp-image-216\" srcset=\"https:\/\/esteocomunicafp.com\/esteocomunica\/wp-content\/uploads\/2022\/12\/0921E73A-E70A-498F-9397-8174FA008FBB-1.png 1748w, https:\/\/esteocomunicafp.com\/esteocomunica\/wp-content\/uploads\/2022\/12\/0921E73A-E70A-498F-9397-8174FA008FBB-1-768x545.png 768w, https:\/\/esteocomunicafp.com\/esteocomunica\/wp-content\/uploads\/2022\/12\/0921E73A-E70A-498F-9397-8174FA008FBB-1-1536x1090.png 1536w, https:\/\/esteocomunicafp.com\/esteocomunica\/wp-content\/uploads\/2022\/12\/0921E73A-E70A-498F-9397-8174FA008FBB-1-1320x936.png 1320w, https:\/\/esteocomunicafp.com\/esteocomunica\/wp-content\/uploads\/2022\/12\/0921E73A-E70A-498F-9397-8174FA008FBB-1-350x248.png 350w\" sizes=\"(max-width: 767px) 89vw, (max-width: 1000px) 54vw, (max-width: 1071px) 543px, 580px\" \/><\/figure>\n\n\n\n<p class=\"has-text-align-center\">\u00a1Pero esto no termina aqu\u00ed!<\/p>\n\n\n\n<p>Seguimos con m\u00e1s ideas rondando en nuestra cabezas as\u00ed que para no perderte nada puedes seguirnos en nuestra cuenta de Instagram <a href=\"https:\/\/www.instagram.com\/esteocomunica\/\">@esteocomunica<\/a> <\/p>\n\n\n\n<p class=\"has-text-align-center\">De parte de todo el equipo de 2\u00ba de Marketing y Publicidad os deseamos&#8230;<\/p>\n\n\n\n<p class=\"has-text-align-center\">\u00a1FELIZ NAVIDAD!<\/p>\n","protected":false},"excerpt":{"rendered":"<p>Ya tenemos el n\u00famero ganador del sorteo de la cesta solidaria con productos de Sancho Melero EL N\u00daMERO GANADO ES EL 66 Queremos agradecer a la empresa a la empresa Sancho Melero por su colaboraci\u00f3n y donarnos sus productos para llevara a cabo esta recaudaci\u00f3n con la rifa solidaria que ir\u00e1 integra a la Fundaci\u00f3n &hellip; <\/p>\n<p class=\"link-more\"><a href=\"https:\/\/esteocomunicafp.com\/esteocomunica\/ganador-del-sorteo\/\" class=\"more-link\">Continuar leyendo<span class=\"screen-reader-text\"> \u00abGanador del sorteo\u00bb<\/span><\/a><\/p>\n","protected":false},"author":1,"featured_media":0,"parent":0,"menu_order":0,"comment_status":"closed","ping_status":"closed","template":"","meta":{"_eb_attr":"","footnotes":""},"class_list":["post-57","page","type-page","status-publish","hentry"],"yoast_head":"<!-- This site is optimized with the Yoast SEO plugin v26.5 - https:\/\/yoast.com\/wordpress\/plugins\/seo\/ -->\n<title>Ganador del sorteo - Esteo Comunica 2022 - 2023<\/title>\n<meta name=\"robots\" content=\"noindex, follow, max-snippet:-1, max-image-preview:large, max-video-preview:-1\" \/>\n<meta property=\"og:locale\" content=\"es_ES\" \/>\n<meta property=\"og:type\" content=\"article\" \/>\n<meta property=\"og:title\" content=\"Ganador del sorteo - Esteo Comunica 2022 - 2023\" \/>\n<meta property=\"og:description\" content=\"Ya tenemos el n\u00famero ganador del sorteo de la cesta solidaria con productos de Sancho Melero EL N\u00daMERO GANADO ES EL 66 Queremos agradecer a la empresa a la empresa Sancho Melero por su colaboraci\u00f3n y donarnos sus productos para llevara a cabo esta recaudaci\u00f3n con la rifa solidaria que ir\u00e1 integra a la Fundaci\u00f3n &hellip; Continuar leyendo &quot;Ganador del sorteo&quot;\" \/>\n<meta property=\"og:url\" content=\"https:\/\/esteocomunicafp.com\/esteocomunica\/ganador-del-sorteo\/\" \/>\n<meta property=\"og:site_name\" content=\"Esteo Comunica 2022 - 2023\" \/>\n<meta property=\"article:publisher\" content=\"https:\/\/www.facebook.com\/EsteoComunica\/\" \/>\n<meta property=\"article:modified_time\" content=\"2023-01-30T09:41:47+00:00\" \/>\n<meta property=\"og:image\" content=\"https:\/\/esteocomunicafp.com\/esteocomunica\/wp-content\/uploads\/2022\/12\/0921E73A-E70A-498F-9397-8174FA008FBB-1.png\" \/>\n<meta name=\"twitter:card\" content=\"summary_large_image\" \/>\n<meta name=\"twitter:site\" content=\"@esteocomunica\" \/>\n<meta name=\"twitter:label1\" content=\"Tiempo de lectura\" \/>\n\t<meta name=\"twitter:data1\" content=\"1 minuto\" \/>\n<script type=\"application\/ld+json\" class=\"yoast-schema-graph\">{\"@context\":\"https:\/\/schema.org\",\"@graph\":[{\"@type\":\"WebPage\",\"@id\":\"https:\/\/esteocomunicafp.com\/esteocomunica\/ganador-del-sorteo\/\",\"url\":\"https:\/\/esteocomunicafp.com\/esteocomunica\/ganador-del-sorteo\/\",\"name\":\"Ganador del sorteo - Esteo Comunica 2022 - 2023\",\"isPartOf\":{\"@id\":\"https:\/\/esteocomunicafp.com\/esteocomunica\/#website\"},\"primaryImageOfPage\":{\"@id\":\"https:\/\/esteocomunicafp.com\/esteocomunica\/ganador-del-sorteo\/#primaryimage\"},\"image\":{\"@id\":\"https:\/\/esteocomunicafp.com\/esteocomunica\/ganador-del-sorteo\/#primaryimage\"},\"thumbnailUrl\":\"https:\/\/esteocomunicafp.com\/esteocomunica\/wp-content\/uploads\/2022\/12\/0921E73A-E70A-498F-9397-8174FA008FBB-1.png\",\"datePublished\":\"2022-11-24T13:10:51+00:00\",\"dateModified\":\"2023-01-30T09:41:47+00:00\",\"breadcrumb\":{\"@id\":\"https:\/\/esteocomunicafp.com\/esteocomunica\/ganador-del-sorteo\/#breadcrumb\"},\"inLanguage\":\"es\",\"potentialAction\":[{\"@type\":\"ReadAction\",\"target\":[\"https:\/\/esteocomunicafp.com\/esteocomunica\/ganador-del-sorteo\/\"]}]},{\"@type\":\"ImageObject\",\"inLanguage\":\"es\",\"@id\":\"https:\/\/esteocomunicafp.com\/esteocomunica\/ganador-del-sorteo\/#primaryimage\",\"url\":\"https:\/\/esteocomunicafp.com\/esteocomunica\/wp-content\/uploads\/2022\/12\/0921E73A-E70A-498F-9397-8174FA008FBB-1.png\",\"contentUrl\":\"https:\/\/esteocomunicafp.com\/esteocomunica\/wp-content\/uploads\/2022\/12\/0921E73A-E70A-498F-9397-8174FA008FBB-1.png\",\"width\":1748,\"height\":1240},{\"@type\":\"BreadcrumbList\",\"@id\":\"https:\/\/esteocomunicafp.com\/esteocomunica\/ganador-del-sorteo\/#breadcrumb\",\"itemListElement\":[{\"@type\":\"ListItem\",\"position\":1,\"name\":\"Portada\",\"item\":\"https:\/\/esteocomunicafp.com\/esteocomunica\/\"},{\"@type\":\"ListItem\",\"position\":2,\"name\":\"Ganador del sorteo\"}]},{\"@type\":\"WebSite\",\"@id\":\"https:\/\/esteocomunicafp.com\/esteocomunica\/#website\",\"url\":\"https:\/\/esteocomunicafp.com\/esteocomunica\/\",\"name\":\"Esteo Comunica 2022 - 2023\",\"description\":\"Agencia simulada de comunicaci\u00f3n Esteo Comunica\",\"potentialAction\":[{\"@type\":\"SearchAction\",\"target\":{\"@type\":\"EntryPoint\",\"urlTemplate\":\"https:\/\/esteocomunicafp.com\/esteocomunica\/?s={search_term_string}\"},\"query-input\":{\"@type\":\"PropertyValueSpecification\",\"valueRequired\":true,\"valueName\":\"search_term_string\"}}],\"inLanguage\":\"es\"}]}<\/script>\n<!-- \/ Yoast SEO plugin. -->","yoast_head_json":{"title":"Ganador del sorteo - Esteo Comunica 2022 - 2023","robots":{"index":"noindex","follow":"follow","max-snippet":"max-snippet:-1","max-image-preview":"max-image-preview:large","max-video-preview":"max-video-preview:-1"},"og_locale":"es_ES","og_type":"article","og_title":"Ganador del sorteo - Esteo Comunica 2022 - 2023","og_description":"Ya tenemos el n\u00famero ganador del sorteo de la cesta solidaria con productos de Sancho Melero EL N\u00daMERO GANADO ES EL 66 Queremos agradecer a la empresa a la empresa Sancho Melero por su colaboraci\u00f3n y donarnos sus productos para llevara a cabo esta recaudaci\u00f3n con la rifa solidaria que ir\u00e1 integra a la Fundaci\u00f3n &hellip; Continuar leyendo \"Ganador del sorteo\"","og_url":"https:\/\/esteocomunicafp.com\/esteocomunica\/ganador-del-sorteo\/","og_site_name":"Esteo Comunica 2022 - 2023","article_publisher":"https:\/\/www.facebook.com\/EsteoComunica\/","article_modified_time":"2023-01-30T09:41:47+00:00","og_image":[{"url":"https:\/\/esteocomunicafp.com\/esteocomunica\/wp-content\/uploads\/2022\/12\/0921E73A-E70A-498F-9397-8174FA008FBB-1.png","type":"","width":"","height":""}],"twitter_card":"summary_large_image","twitter_site":"@esteocomunica","twitter_misc":{"Tiempo de lectura":"1 minuto"},"schema":{"@context":"https:\/\/schema.org","@graph":[{"@type":"WebPage","@id":"https:\/\/esteocomunicafp.com\/esteocomunica\/ganador-del-sorteo\/","url":"https:\/\/esteocomunicafp.com\/esteocomunica\/ganador-del-sorteo\/","name":"Ganador del sorteo - Esteo Comunica 2022 - 2023","isPartOf":{"@id":"https:\/\/esteocomunicafp.com\/esteocomunica\/#website"},"primaryImageOfPage":{"@id":"https:\/\/esteocomunicafp.com\/esteocomunica\/ganador-del-sorteo\/#primaryimage"},"image":{"@id":"https:\/\/esteocomunicafp.com\/esteocomunica\/ganador-del-sorteo\/#primaryimage"},"thumbnailUrl":"https:\/\/esteocomunicafp.com\/esteocomunica\/wp-content\/uploads\/2022\/12\/0921E73A-E70A-498F-9397-8174FA008FBB-1.png","datePublished":"2022-11-24T13:10:51+00:00","dateModified":"2023-01-30T09:41:47+00:00","breadcrumb":{"@id":"https:\/\/esteocomunicafp.com\/esteocomunica\/ganador-del-sorteo\/#breadcrumb"},"inLanguage":"es","potentialAction":[{"@type":"ReadAction","target":["https:\/\/esteocomunicafp.com\/esteocomunica\/ganador-del-sorteo\/"]}]},{"@type":"ImageObject","inLanguage":"es","@id":"https:\/\/esteocomunicafp.com\/esteocomunica\/ganador-del-sorteo\/#primaryimage","url":"https:\/\/esteocomunicafp.com\/esteocomunica\/wp-content\/uploads\/2022\/12\/0921E73A-E70A-498F-9397-8174FA008FBB-1.png","contentUrl":"https:\/\/esteocomunicafp.com\/esteocomunica\/wp-content\/uploads\/2022\/12\/0921E73A-E70A-498F-9397-8174FA008FBB-1.png","width":1748,"height":1240},{"@type":"BreadcrumbList","@id":"https:\/\/esteocomunicafp.com\/esteocomunica\/ganador-del-sorteo\/#breadcrumb","itemListElement":[{"@type":"ListItem","position":1,"name":"Portada","item":"https:\/\/esteocomunicafp.com\/esteocomunica\/"},{"@type":"ListItem","position":2,"name":"Ganador del sorteo"}]},{"@type":"WebSite","@id":"https:\/\/esteocomunicafp.com\/esteocomunica\/#website","url":"https:\/\/esteocomunicafp.com\/esteocomunica\/","name":"Esteo Comunica 2022 - 2023","description":"Agencia simulada de comunicaci\u00f3n Esteo Comunica","potentialAction":[{"@type":"SearchAction","target":{"@type":"EntryPoint","urlTemplate":"https:\/\/esteocomunicafp.com\/esteocomunica\/?s={search_term_string}"},"query-input":{"@type":"PropertyValueSpecification","valueRequired":true,"valueName":"search_term_string"}}],"inLanguage":"es"}]}},"_links":{"self":[{"href":"https:\/\/esteocomunicafp.com\/esteocomunica\/wp-json\/wp\/v2\/pages\/57","targetHints":{"allow":["GET"]}}],"collection":[{"href":"https:\/\/esteocomunicafp.com\/esteocomunica\/wp-json\/wp\/v2\/pages"}],"about":[{"href":"https:\/\/esteocomunicafp.com\/esteocomunica\/wp-json\/wp\/v2\/types\/page"}],"author":[{"embeddable":true,"href":"https:\/\/esteocomunicafp.com\/esteocomunica\/wp-json\/wp\/v2\/users\/1"}],"replies":[{"embeddable":true,"href":"https:\/\/esteocomunicafp.com\/esteocomunica\/wp-json\/wp\/v2\/comments?post=57"}],"version-history":[{"count":8,"href":"https:\/\/esteocomunicafp.com\/esteocomunica\/wp-json\/wp\/v2\/pages\/57\/revisions"}],"predecessor-version":[{"id":217,"href":"https:\/\/esteocomunicafp.com\/esteocomunica\/wp-json\/wp\/v2\/pages\/57\/revisions\/217"}],"wp:attachment":[{"href":"https:\/\/esteocomunicafp.com\/esteocomunica\/wp-json\/wp\/v2\/media?parent=57"}],"curies":[{"name":"wp","href":"https:\/\/api.w.org\/{rel}","templated":true}]}}