{"id":316,"date":"2023-01-28T11:38:41","date_gmt":"2023-01-28T10:38:41","guid":{"rendered":"https:\/\/esteocomunicafp.com\/alu3\/?page_id=316"},"modified":"2023-02-20T10:38:04","modified_gmt":"2023-02-20T09:38:04","slug":"ronald-mcdonald","status":"publish","type":"page","link":"https:\/\/esteocomunicafp.com\/esteocomunica\/ronald-mcdonald\/","title":{"rendered":"Nota de Prensa"},"content":{"rendered":"\n<h2 class=\"has-text-align-center wp-block-heading\"><strong>\u201cAlumnos de Formaci\u00f3n Profesional colaboran por una causa solidaria\u201d<\/strong><\/h2>\n\n\n\n<p class=\"has-text-align-left\"><br>La agencia simulada de publicidad <strong>\u201cEsteo Comunica\u201d<\/strong>, creada por los alumnos de segundo del <strong>Ciclo Formativo de Grado Superior de Marketing y Publicidad<\/strong> del Instituto de Educaci\u00f3n Secundaria Miguel Romero Esteo, se encuentra colaborando con la F<strong>undaci\u00f3n Infantil<\/strong> <strong>Ronald McDonald.<\/strong><\/p>\n\n\n\n<p class=\"has-text-align-left\"><br>Esta actividad se inserta en el <strong>Proyecto de innovaci\u00f3n educativa<\/strong> FP innovaci\u00f3n. La<br>metodolog\u00eda utilizada es intermodular con <strong>aprendizaje por retos<\/strong>, por el que toda la clase<br>trabaja por equipos en dar respuesta a las necesidades de una organizaci\u00f3n. En este curso<br>a la Casa Ronald de M\u00e1laga. Los buenos resultados de las actividades realizadas cubren los<br>objetivos de<strong> dar visibilidad y recaudar fondos<\/strong> para la Casa Ronald McDonald de M\u00e1laga.<br>\u00c9sta, se encuentra a escasos metros del hospital Materno Infantil. Su <strong>finalidad<\/strong> es dar un<br><strong>\u201chogar fuera del hogar\u201d<\/strong> a las familias sin recursos y con hijos en tratamiento m\u00e9dico en<br>dicho Hospital de M\u00e1laga.<\/p>\n\n\n\n<div class=\"wp-block-columns is-layout-flex wp-container-core-columns-is-layout-9d6595d7 wp-block-columns-is-layout-flex\">\n<div class=\"wp-block-column is-layout-flow wp-block-column-is-layout-flow\" style=\"flex-basis:66.66%\">\n<p>Actualmente,<strong> trabajan de manera altruista<\/strong> en un nuevo evento, un <strong>certamen solidario<\/strong> de<br>marchas procesionales, con la colaboraci\u00f3n de <strong>dos grandes bandas <\/strong>malague\u00f1as, las cuales<br>se han involucrado totalmente en esta iniciativa, la banda de m\u00fasica <strong>\u201cMunicipal del Rinc\u00f3n<br>de la Victoria\u201d<\/strong> y la banda de m\u00fasica de <strong>\u201cNuestra Se\u00f1ora de Gracia\u201d de Moclinejo.<\/strong><\/p>\n\n\n\n<p>Actualmente,<strong> trabajan de manera altruista<\/strong> en un nuevo evento, un <strong>certamen solidario<\/strong> de<br>marchas procesionales, con la colaboraci\u00f3n de <strong>dos grandes bandas <\/strong>malague\u00f1as, las cuales<br>se han involucrado totalmente en esta iniciativa, la banda de m\u00fasica <strong>\u201cMunicipal del Rinc\u00f3n<br>de la Victoria\u201d<\/strong> y la banda de m\u00fasica de <strong>\u201cNuestra Se\u00f1ora de Gracia\u201d de Moclinejo.<\/strong><\/p>\n<\/div>\n\n\n\n<div class=\"wp-block-column is-layout-flow wp-block-column-is-layout-flow\" style=\"flex-basis:33.33%\">\n<figure class=\"wp-block-image size-full\"><img fetchpriority=\"high\" decoding=\"async\" width=\"1414\" height=\"2000\" src=\"https:\/\/esteocomunicafp.com\/esteocomunica\/wp-content\/uploads\/2023\/02\/final-6.png\" alt=\"Cartel Certamen Solidario\" class=\"wp-image-1010\" srcset=\"https:\/\/esteocomunicafp.com\/esteocomunica\/wp-content\/uploads\/2023\/02\/final-6.png 1414w, https:\/\/esteocomunicafp.com\/esteocomunica\/wp-content\/uploads\/2023\/02\/final-6-768x1086.png 768w, https:\/\/esteocomunicafp.com\/esteocomunica\/wp-content\/uploads\/2023\/02\/final-6-1086x1536.png 1086w\" sizes=\"(max-width: 767px) 89vw, (max-width: 1000px) 54vw, (max-width: 1071px) 543px, 580px\" \/><figcaption class=\"wp-element-caption\">Cartel Certamen Solidario<\/figcaption><\/figure>\n<\/div>\n<\/div>\n\n\n\n<h2 class=\"wp-block-heading\">\u00bfY si quiero asistir y no puedo?<\/h2>\n\n\n\n<p class=\"has-text-align-left\">Para los que no puedan asistir hay una fila 0 solidaria.<strong> <a href=\"https:\/\/participa.fundacionronald.org\/certamensolidario\">Compralas aqu\u00ed<\/a><\/strong>.<\/p>\n\n\n\n<p class=\"has-text-align-left\"><br>Desde el Instituto de Educaci\u00f3n Secundaria Miguel Romero Esteo invitan a la ciudadan\u00eda<br>de M\u00e1laga a participar en dicho certamen, con el <strong>objetivo de fomentar el ocio solidario<\/strong> y  dar visibilidad a las <strong>iniciativas emprendedoras.<\/strong> <\/p>\n\n\n\n<p>Si quieren saber m\u00e1s de nosotros pueden hacer clic en el siguiente enlace: <\/p>\n\n\n\n<p><a href=\"https:\/\/esteocomunicafp.com\/esteocomunica\/sobre-nosotros\/\">P\u00e1gina web Esteo Comunica<\/a><\/p>\n\n\n\n<p><\/p>\n","protected":false},"excerpt":{"rendered":"<p>\u201cAlumnos de Formaci\u00f3n Profesional colaboran por una causa solidaria\u201d La agencia simulada de publicidad \u201cEsteo Comunica\u201d, creada por los alumnos de segundo del Ciclo Formativo de Grado Superior de Marketing y Publicidad del Instituto de Educaci\u00f3n Secundaria Miguel Romero Esteo, se encuentra colaborando con la Fundaci\u00f3n Infantil Ronald McDonald. Esta actividad se inserta en el &hellip; <\/p>\n<p class=\"link-more\"><a href=\"https:\/\/esteocomunicafp.com\/esteocomunica\/ronald-mcdonald\/\" class=\"more-link\">Continuar leyendo<span class=\"screen-reader-text\"> \u00abNota de Prensa\u00bb<\/span><\/a><\/p>\n","protected":false},"author":22,"featured_media":0,"parent":0,"menu_order":0,"comment_status":"closed","ping_status":"closed","template":"","meta":{"_eb_attr":"","footnotes":""},"class_list":["post-316","page","type-page","status-publish","hentry"],"yoast_head":"<!-- This site is optimized with the Yoast SEO plugin v26.5 - https:\/\/yoast.com\/wordpress\/plugins\/seo\/ -->\n<title>Nota de Prensa - Esteo Comunica 2022 - 2023<\/title>\n<meta name=\"description\" content=\"Actualmente trabajan en un nuevo evento, un certamen solidario de marchas procesionales, para ayudar a la Casa Ronald McDonald\" \/>\n<meta name=\"robots\" content=\"noindex, follow, max-snippet:-1, max-image-preview:large, max-video-preview:-1\" \/>\n<meta property=\"og:locale\" content=\"es_ES\" \/>\n<meta property=\"og:type\" content=\"article\" \/>\n<meta property=\"og:title\" content=\"Nota de Prensa - Esteo Comunica 2022 - 2023\" \/>\n<meta property=\"og:description\" content=\"Actualmente trabajan en un nuevo evento, un certamen solidario de marchas procesionales, para ayudar a la Casa Ronald McDonald\" \/>\n<meta property=\"og:url\" content=\"https:\/\/esteocomunicafp.com\/esteocomunica\/ronald-mcdonald\/\" \/>\n<meta property=\"og:site_name\" content=\"Esteo Comunica 2022 - 2023\" \/>\n<meta property=\"article:publisher\" content=\"https:\/\/www.facebook.com\/EsteoComunica\/\" \/>\n<meta property=\"article:modified_time\" content=\"2023-02-20T09:38:04+00:00\" \/>\n<meta property=\"og:image\" content=\"https:\/\/esteocomunicafp.com\/esteocomunica\/wp-content\/uploads\/2023\/02\/final-6.png\" \/>\n<meta name=\"twitter:card\" content=\"summary_large_image\" \/>\n<meta name=\"twitter:site\" content=\"@esteocomunica\" \/>\n<meta name=\"twitter:label1\" content=\"Tiempo de lectura\" \/>\n\t<meta name=\"twitter:data1\" content=\"2 minutos\" \/>\n<script type=\"application\/ld+json\" class=\"yoast-schema-graph\">{\"@context\":\"https:\/\/schema.org\",\"@graph\":[{\"@type\":\"WebPage\",\"@id\":\"https:\/\/esteocomunicafp.com\/esteocomunica\/ronald-mcdonald\/\",\"url\":\"https:\/\/esteocomunicafp.com\/esteocomunica\/ronald-mcdonald\/\",\"name\":\"Nota de Prensa - Esteo Comunica 2022 - 2023\",\"isPartOf\":{\"@id\":\"https:\/\/esteocomunicafp.com\/esteocomunica\/#website\"},\"primaryImageOfPage\":{\"@id\":\"https:\/\/esteocomunicafp.com\/esteocomunica\/ronald-mcdonald\/#primaryimage\"},\"image\":{\"@id\":\"https:\/\/esteocomunicafp.com\/esteocomunica\/ronald-mcdonald\/#primaryimage\"},\"thumbnailUrl\":\"https:\/\/esteocomunicafp.com\/esteocomunica\/wp-content\/uploads\/2023\/02\/final-6.png\",\"datePublished\":\"2023-01-28T10:38:41+00:00\",\"dateModified\":\"2023-02-20T09:38:04+00:00\",\"description\":\"Actualmente trabajan en un nuevo evento, un certamen solidario de marchas procesionales, para ayudar a la Casa Ronald McDonald\",\"breadcrumb\":{\"@id\":\"https:\/\/esteocomunicafp.com\/esteocomunica\/ronald-mcdonald\/#breadcrumb\"},\"inLanguage\":\"es\",\"potentialAction\":[{\"@type\":\"ReadAction\",\"target\":[\"https:\/\/esteocomunicafp.com\/esteocomunica\/ronald-mcdonald\/\"]}]},{\"@type\":\"ImageObject\",\"inLanguage\":\"es\",\"@id\":\"https:\/\/esteocomunicafp.com\/esteocomunica\/ronald-mcdonald\/#primaryimage\",\"url\":\"https:\/\/esteocomunicafp.com\/esteocomunica\/wp-content\/uploads\/2023\/02\/final-6.png\",\"contentUrl\":\"https:\/\/esteocomunicafp.com\/esteocomunica\/wp-content\/uploads\/2023\/02\/final-6.png\",\"width\":1414,\"height\":2000,\"caption\":\"En este cartel podemos ver la fecha de cuando se va a realizar este Certamen y las bandas que est\u00e1n implicadas aportando su m\u00fasica\"},{\"@type\":\"BreadcrumbList\",\"@id\":\"https:\/\/esteocomunicafp.com\/esteocomunica\/ronald-mcdonald\/#breadcrumb\",\"itemListElement\":[{\"@type\":\"ListItem\",\"position\":1,\"name\":\"Portada\",\"item\":\"https:\/\/esteocomunicafp.com\/esteocomunica\/\"},{\"@type\":\"ListItem\",\"position\":2,\"name\":\"Nota de Prensa\"}]},{\"@type\":\"WebSite\",\"@id\":\"https:\/\/esteocomunicafp.com\/esteocomunica\/#website\",\"url\":\"https:\/\/esteocomunicafp.com\/esteocomunica\/\",\"name\":\"Esteo Comunica 2022 - 2023\",\"description\":\"Agencia simulada de comunicaci\u00f3n Esteo Comunica\",\"potentialAction\":[{\"@type\":\"SearchAction\",\"target\":{\"@type\":\"EntryPoint\",\"urlTemplate\":\"https:\/\/esteocomunicafp.com\/esteocomunica\/?s={search_term_string}\"},\"query-input\":{\"@type\":\"PropertyValueSpecification\",\"valueRequired\":true,\"valueName\":\"search_term_string\"}}],\"inLanguage\":\"es\"}]}<\/script>\n<!-- \/ Yoast SEO plugin. -->","yoast_head_json":{"title":"Nota de Prensa - Esteo Comunica 2022 - 2023","description":"Actualmente trabajan en un nuevo evento, un certamen solidario de marchas procesionales, para ayudar a la Casa Ronald McDonald","robots":{"index":"noindex","follow":"follow","max-snippet":"max-snippet:-1","max-image-preview":"max-image-preview:large","max-video-preview":"max-video-preview:-1"},"og_locale":"es_ES","og_type":"article","og_title":"Nota de Prensa - Esteo Comunica 2022 - 2023","og_description":"Actualmente trabajan en un nuevo evento, un certamen solidario de marchas procesionales, para ayudar a la Casa Ronald McDonald","og_url":"https:\/\/esteocomunicafp.com\/esteocomunica\/ronald-mcdonald\/","og_site_name":"Esteo Comunica 2022 - 2023","article_publisher":"https:\/\/www.facebook.com\/EsteoComunica\/","article_modified_time":"2023-02-20T09:38:04+00:00","og_image":[{"url":"https:\/\/esteocomunicafp.com\/esteocomunica\/wp-content\/uploads\/2023\/02\/final-6.png","type":"","width":"","height":""}],"twitter_card":"summary_large_image","twitter_site":"@esteocomunica","twitter_misc":{"Tiempo de lectura":"2 minutos"},"schema":{"@context":"https:\/\/schema.org","@graph":[{"@type":"WebPage","@id":"https:\/\/esteocomunicafp.com\/esteocomunica\/ronald-mcdonald\/","url":"https:\/\/esteocomunicafp.com\/esteocomunica\/ronald-mcdonald\/","name":"Nota de Prensa - Esteo Comunica 2022 - 2023","isPartOf":{"@id":"https:\/\/esteocomunicafp.com\/esteocomunica\/#website"},"primaryImageOfPage":{"@id":"https:\/\/esteocomunicafp.com\/esteocomunica\/ronald-mcdonald\/#primaryimage"},"image":{"@id":"https:\/\/esteocomunicafp.com\/esteocomunica\/ronald-mcdonald\/#primaryimage"},"thumbnailUrl":"https:\/\/esteocomunicafp.com\/esteocomunica\/wp-content\/uploads\/2023\/02\/final-6.png","datePublished":"2023-01-28T10:38:41+00:00","dateModified":"2023-02-20T09:38:04+00:00","description":"Actualmente trabajan en un nuevo evento, un certamen solidario de marchas procesionales, para ayudar a la Casa Ronald McDonald","breadcrumb":{"@id":"https:\/\/esteocomunicafp.com\/esteocomunica\/ronald-mcdonald\/#breadcrumb"},"inLanguage":"es","potentialAction":[{"@type":"ReadAction","target":["https:\/\/esteocomunicafp.com\/esteocomunica\/ronald-mcdonald\/"]}]},{"@type":"ImageObject","inLanguage":"es","@id":"https:\/\/esteocomunicafp.com\/esteocomunica\/ronald-mcdonald\/#primaryimage","url":"https:\/\/esteocomunicafp.com\/esteocomunica\/wp-content\/uploads\/2023\/02\/final-6.png","contentUrl":"https:\/\/esteocomunicafp.com\/esteocomunica\/wp-content\/uploads\/2023\/02\/final-6.png","width":1414,"height":2000,"caption":"En este cartel podemos ver la fecha de cuando se va a realizar este Certamen y las bandas que est\u00e1n implicadas aportando su m\u00fasica"},{"@type":"BreadcrumbList","@id":"https:\/\/esteocomunicafp.com\/esteocomunica\/ronald-mcdonald\/#breadcrumb","itemListElement":[{"@type":"ListItem","position":1,"name":"Portada","item":"https:\/\/esteocomunicafp.com\/esteocomunica\/"},{"@type":"ListItem","position":2,"name":"Nota de Prensa"}]},{"@type":"WebSite","@id":"https:\/\/esteocomunicafp.com\/esteocomunica\/#website","url":"https:\/\/esteocomunicafp.com\/esteocomunica\/","name":"Esteo Comunica 2022 - 2023","description":"Agencia simulada de comunicaci\u00f3n Esteo Comunica","potentialAction":[{"@type":"SearchAction","target":{"@type":"EntryPoint","urlTemplate":"https:\/\/esteocomunicafp.com\/esteocomunica\/?s={search_term_string}"},"query-input":{"@type":"PropertyValueSpecification","valueRequired":true,"valueName":"search_term_string"}}],"inLanguage":"es"}]}},"_links":{"self":[{"href":"https:\/\/esteocomunicafp.com\/esteocomunica\/wp-json\/wp\/v2\/pages\/316","targetHints":{"allow":["GET"]}}],"collection":[{"href":"https:\/\/esteocomunicafp.com\/esteocomunica\/wp-json\/wp\/v2\/pages"}],"about":[{"href":"https:\/\/esteocomunicafp.com\/esteocomunica\/wp-json\/wp\/v2\/types\/page"}],"author":[{"embeddable":true,"href":"https:\/\/esteocomunicafp.com\/esteocomunica\/wp-json\/wp\/v2\/users\/22"}],"replies":[{"embeddable":true,"href":"https:\/\/esteocomunicafp.com\/esteocomunica\/wp-json\/wp\/v2\/comments?post=316"}],"version-history":[{"count":11,"href":"https:\/\/esteocomunicafp.com\/esteocomunica\/wp-json\/wp\/v2\/pages\/316\/revisions"}],"predecessor-version":[{"id":1239,"href":"https:\/\/esteocomunicafp.com\/esteocomunica\/wp-json\/wp\/v2\/pages\/316\/revisions\/1239"}],"wp:attachment":[{"href":"https:\/\/esteocomunicafp.com\/esteocomunica\/wp-json\/wp\/v2\/media?parent=316"}],"curies":[{"name":"wp","href":"https:\/\/api.w.org\/{rel}","templated":true}]}}