{"id":247,"date":"2023-01-23T14:20:24","date_gmt":"2023-01-23T13:20:24","guid":{"rendered":"https:\/\/esteocomunicafp.com\/alu3\/?page_id=247"},"modified":"2023-02-13T10:43:03","modified_gmt":"2023-02-13T09:43:03","slug":"certamen-solidario","status":"publish","type":"page","link":"https:\/\/esteocomunicafp.com\/esteocomunica\/certamen-solidario\/","title":{"rendered":"Certamen  solidario"},"content":{"rendered":"\n<h2 class=\"wp-block-heading\"><strong>\u00a1Prep\u00e1rate para una tarde de Semana Santa y solidaridad en el Conservatorio Superior de M\u00e1laga!<\/strong><\/h2>\n\n\n\n<p>Como dice el dicho\u2026 A\u00f1o nuevo, vida nueva, pero en nuestro caso, lo nuevo que traemos es un proyecto, concretamente\u2026 \u00a1Un<strong> certamen SOLIDARIO<\/strong> de<strong> Semana Santa<\/strong>!<\/p>\n\n\n\n<div class=\"wp-block-media-text alignwide has-media-on-the-right is-stacked-on-mobile\" style=\"grid-template-columns:auto 35%\"><div class=\"wp-block-media-text__content\">\n<p>Este emocionante evento contar\u00e1 con la participaci\u00f3n de la <em><strong>Banda Municipal del Rinc\u00f3n de la Victoria<\/strong><\/em> y la <strong><em>Banda Nuestra Se\u00f1ora de Gracia de Moclinejo<\/em><\/strong>, que nos deleitar\u00e1n con su m\u00fasica ambientada en marchas de procesiones de Semana Santa.<\/p>\n\n\n\n<p>El Certamen solidario de Marchas de Semana Santa se celebrar\u00e1 en la sala Manuel de Falla del <strong>Conservatorio Superior de M\u00e1laga<\/strong> el d\u00eda <strong>11 de febrero <\/strong>de 2023 a las <strong>20:00 horas.<\/strong><\/p>\n<\/div><figure class=\"wp-block-media-text__media\"><img fetchpriority=\"high\" decoding=\"async\" width=\"1414\" height=\"2000\" src=\"https:\/\/esteocomunicafp.com\/esteocomunica\/wp-content\/uploads\/2023\/01\/Cartel-certamen-solidario-1-1.png\" alt=\"Certamen Solidario de Semana Santa\" class=\"wp-image-374 size-full\" srcset=\"https:\/\/esteocomunicafp.com\/esteocomunica\/wp-content\/uploads\/2023\/01\/Cartel-certamen-solidario-1-1.png 1414w, https:\/\/esteocomunicafp.com\/esteocomunica\/wp-content\/uploads\/2023\/01\/Cartel-certamen-solidario-1-1-768x1086.png 768w, https:\/\/esteocomunicafp.com\/esteocomunica\/wp-content\/uploads\/2023\/01\/Cartel-certamen-solidario-1-1-1086x1536.png 1086w\" sizes=\"(max-width: 767px) 89vw, (max-width: 1000px) 54vw, (max-width: 1071px) 543px, 580px\" \/><\/figure><\/div>\n\n\n\n<p>Pero esto no es todo, contaremos con una <strong>sorpresa final<\/strong> que te dejar\u00e1 con la boca abierta. No podemos revelar de qu\u00e9 se trata, pero te aseguramos que ser\u00e1 algo que <strong>no te querr\u00e1s perder<\/strong>.<\/p>\n\n\n\n<div class=\"wp-block-media-text alignwide is-stacked-on-mobile\" style=\"grid-template-columns:30% auto\"><figure class=\"wp-block-media-text__media\"><img decoding=\"async\" width=\"225\" height=\"225\" src=\"https:\/\/esteocomunicafp.com\/esteocomunica\/wp-content\/uploads\/2023\/01\/CASA-RONALS-1-2.png\" alt=\"Casa Ronald McDonald de M\u00e1laga\" class=\"wp-image-381 size-full\" srcset=\"https:\/\/esteocomunicafp.com\/esteocomunica\/wp-content\/uploads\/2023\/01\/CASA-RONALS-1-2.png 225w, https:\/\/esteocomunicafp.com\/esteocomunica\/wp-content\/uploads\/2023\/01\/CASA-RONALS-1-2-100x100.png 100w\" sizes=\"(max-width: 225px) 100vw, 225px\" \/><\/figure><div class=\"wp-block-media-text__content\">\n<p>El precio de la <strong>entrada solidaria <\/strong>es de <strong>5\u20ac<\/strong> y todo lo recaudado en este evento ir\u00e1 destinado a la <strong>Casa<\/strong> <strong>Ronald McDonald de M\u00e1laga<\/strong>, por lo que con la adquisici\u00f3n de una entrada solidaria, estar\u00e1s contribuyendo a la mejora de las vidas de ni\u00f1os y familias afectadas por enfermedades y a brindarles un hogar c\u00e1lido y seguro mientras luchan contra ellas.<\/p>\n<\/div><\/div>\n\n\n\n<p>En caso de querer colaborar con la Fundaci\u00f3n pero no poder asistir al evento, podr\u00e1s adquirir tu <strong>entrada<\/strong> <strong>\u201cfila 0\u201d<\/strong>, una opci\u00f3n en la que, a pesar de no poder estar con nosotros en esta magn\u00edfica tarde, podr\u00e1s contribuir a la causa con tan solo unos clics.<\/p>\n\n\n\n<p>No pierdas la oportunidad de ser parte de esta importante causa y de disfrutar de una noche de m\u00fasica excepcional en el Conservatorio Superior de M\u00e1laga.&nbsp;<\/p>\n\n\n\n<p>\u00a1Adquiere tu entrada aqu\u00ed! <a href=\"https:\/\/participa.fundacionronald.org\/certamensolidario\">https:\/\/participa.fundacionronald.org\/certamensolidario<\/a><\/p>\n\n\n\n<p>\u00a1Adem\u00e1s puedes seguirnos en nuestras redes sociales para estar al tanto de todas las novedades!<\/p>\n\n\n\n<p><\/p>\n","protected":false},"excerpt":{"rendered":"<p>\u00a1Prep\u00e1rate para una tarde de Semana Santa y solidaridad en el Conservatorio Superior de M\u00e1laga! Como dice el dicho\u2026 A\u00f1o nuevo, vida nueva, pero en nuestro caso, lo nuevo que traemos es un proyecto, concretamente\u2026 \u00a1Un certamen SOLIDARIO de Semana Santa! Este emocionante evento contar\u00e1 con la participaci\u00f3n de la Banda Municipal del Rinc\u00f3n de &hellip; <\/p>\n<p class=\"link-more\"><a href=\"https:\/\/esteocomunicafp.com\/esteocomunica\/certamen-solidario\/\" class=\"more-link\">Continuar leyendo<span class=\"screen-reader-text\"> \u00abCertamen  solidario\u00bb<\/span><\/a><\/p>\n","protected":false},"author":1,"featured_media":0,"parent":0,"menu_order":0,"comment_status":"closed","ping_status":"closed","template":"","meta":{"_eb_attr":"","footnotes":""},"class_list":["post-247","page","type-page","status-publish","hentry"],"yoast_head":"<!-- This site is optimized with the Yoast SEO plugin v26.5 - https:\/\/yoast.com\/wordpress\/plugins\/seo\/ -->\n<title>Certamen solidario Semana Santa - Esteo Comunica 2022 - 2023<\/title>\n<meta name=\"description\" content=\"Acude a un certamen musical solidario en el que disfrutar\u00e1s de marchas de Semana Santa y colaborar con la Casa Ronald McDonald de M\u00e1laga.\" \/>\n<meta name=\"robots\" content=\"noindex, follow, max-snippet:-1, max-image-preview:large, max-video-preview:-1\" \/>\n<meta property=\"og:locale\" content=\"es_ES\" \/>\n<meta property=\"og:type\" content=\"article\" \/>\n<meta property=\"og:title\" content=\"Certamen solidario Semana Santa - Esteo Comunica 2022 - 2023\" \/>\n<meta property=\"og:description\" content=\"Acude a un certamen musical solidario en el que disfrutar\u00e1s de marchas de Semana Santa y colaborar con la Casa Ronald McDonald de M\u00e1laga.\" \/>\n<meta property=\"og:url\" content=\"https:\/\/esteocomunicafp.com\/esteocomunica\/certamen-solidario\/\" \/>\n<meta property=\"og:site_name\" content=\"Esteo Comunica 2022 - 2023\" \/>\n<meta property=\"article:publisher\" content=\"https:\/\/www.facebook.com\/EsteoComunica\/\" \/>\n<meta property=\"article:modified_time\" content=\"2023-02-13T09:43:03+00:00\" \/>\n<meta property=\"og:image\" content=\"https:\/\/esteocomunicafp.com\/esteocomunica\/wp-content\/uploads\/2023\/01\/Cartel-certamen-solidario-1-1.png\" \/>\n<meta name=\"twitter:card\" content=\"summary_large_image\" \/>\n<meta name=\"twitter:site\" content=\"@esteocomunica\" \/>\n<meta name=\"twitter:label1\" content=\"Tiempo de lectura\" \/>\n\t<meta name=\"twitter:data1\" content=\"2 minutos\" \/>\n<script type=\"application\/ld+json\" class=\"yoast-schema-graph\">{\"@context\":\"https:\/\/schema.org\",\"@graph\":[{\"@type\":\"WebPage\",\"@id\":\"https:\/\/esteocomunicafp.com\/esteocomunica\/certamen-solidario\/\",\"url\":\"https:\/\/esteocomunicafp.com\/esteocomunica\/certamen-solidario\/\",\"name\":\"Certamen solidario Semana Santa - Esteo Comunica 2022 - 2023\",\"isPartOf\":{\"@id\":\"https:\/\/esteocomunicafp.com\/esteocomunica\/#website\"},\"primaryImageOfPage\":{\"@id\":\"https:\/\/esteocomunicafp.com\/esteocomunica\/certamen-solidario\/#primaryimage\"},\"image\":{\"@id\":\"https:\/\/esteocomunicafp.com\/esteocomunica\/certamen-solidario\/#primaryimage\"},\"thumbnailUrl\":\"https:\/\/esteocomunicafp.com\/esteocomunica\/wp-content\/uploads\/2023\/01\/Cartel-certamen-solidario-1-1.png\",\"datePublished\":\"2023-01-23T13:20:24+00:00\",\"dateModified\":\"2023-02-13T09:43:03+00:00\",\"description\":\"Acude a un certamen musical solidario en el que disfrutar\u00e1s de marchas de Semana Santa y colaborar con la Casa Ronald McDonald de M\u00e1laga.\",\"breadcrumb\":{\"@id\":\"https:\/\/esteocomunicafp.com\/esteocomunica\/certamen-solidario\/#breadcrumb\"},\"inLanguage\":\"es\",\"potentialAction\":[{\"@type\":\"ReadAction\",\"target\":[\"https:\/\/esteocomunicafp.com\/esteocomunica\/certamen-solidario\/\"]}]},{\"@type\":\"ImageObject\",\"inLanguage\":\"es\",\"@id\":\"https:\/\/esteocomunicafp.com\/esteocomunica\/certamen-solidario\/#primaryimage\",\"url\":\"https:\/\/esteocomunicafp.com\/esteocomunica\/wp-content\/uploads\/2023\/01\/Cartel-certamen-solidario-1-1.png\",\"contentUrl\":\"https:\/\/esteocomunicafp.com\/esteocomunica\/wp-content\/uploads\/2023\/01\/Cartel-certamen-solidario-1-1.png\",\"width\":1414,\"height\":2000},{\"@type\":\"BreadcrumbList\",\"@id\":\"https:\/\/esteocomunicafp.com\/esteocomunica\/certamen-solidario\/#breadcrumb\",\"itemListElement\":[{\"@type\":\"ListItem\",\"position\":1,\"name\":\"Portada\",\"item\":\"https:\/\/esteocomunicafp.com\/esteocomunica\/\"},{\"@type\":\"ListItem\",\"position\":2,\"name\":\"Certamen solidario\"}]},{\"@type\":\"WebSite\",\"@id\":\"https:\/\/esteocomunicafp.com\/esteocomunica\/#website\",\"url\":\"https:\/\/esteocomunicafp.com\/esteocomunica\/\",\"name\":\"Esteo Comunica 2022 - 2023\",\"description\":\"Agencia simulada de comunicaci\u00f3n Esteo Comunica\",\"potentialAction\":[{\"@type\":\"SearchAction\",\"target\":{\"@type\":\"EntryPoint\",\"urlTemplate\":\"https:\/\/esteocomunicafp.com\/esteocomunica\/?s={search_term_string}\"},\"query-input\":{\"@type\":\"PropertyValueSpecification\",\"valueRequired\":true,\"valueName\":\"search_term_string\"}}],\"inLanguage\":\"es\"}]}<\/script>\n<!-- \/ Yoast SEO plugin. -->","yoast_head_json":{"title":"Certamen solidario Semana Santa - Esteo Comunica 2022 - 2023","description":"Acude a un certamen musical solidario en el que disfrutar\u00e1s de marchas de Semana Santa y colaborar con la Casa Ronald McDonald de M\u00e1laga.","robots":{"index":"noindex","follow":"follow","max-snippet":"max-snippet:-1","max-image-preview":"max-image-preview:large","max-video-preview":"max-video-preview:-1"},"og_locale":"es_ES","og_type":"article","og_title":"Certamen solidario Semana Santa - Esteo Comunica 2022 - 2023","og_description":"Acude a un certamen musical solidario en el que disfrutar\u00e1s de marchas de Semana Santa y colaborar con la Casa Ronald McDonald de M\u00e1laga.","og_url":"https:\/\/esteocomunicafp.com\/esteocomunica\/certamen-solidario\/","og_site_name":"Esteo Comunica 2022 - 2023","article_publisher":"https:\/\/www.facebook.com\/EsteoComunica\/","article_modified_time":"2023-02-13T09:43:03+00:00","og_image":[{"url":"https:\/\/esteocomunicafp.com\/esteocomunica\/wp-content\/uploads\/2023\/01\/Cartel-certamen-solidario-1-1.png","type":"","width":"","height":""}],"twitter_card":"summary_large_image","twitter_site":"@esteocomunica","twitter_misc":{"Tiempo de lectura":"2 minutos"},"schema":{"@context":"https:\/\/schema.org","@graph":[{"@type":"WebPage","@id":"https:\/\/esteocomunicafp.com\/esteocomunica\/certamen-solidario\/","url":"https:\/\/esteocomunicafp.com\/esteocomunica\/certamen-solidario\/","name":"Certamen solidario Semana Santa - Esteo Comunica 2022 - 2023","isPartOf":{"@id":"https:\/\/esteocomunicafp.com\/esteocomunica\/#website"},"primaryImageOfPage":{"@id":"https:\/\/esteocomunicafp.com\/esteocomunica\/certamen-solidario\/#primaryimage"},"image":{"@id":"https:\/\/esteocomunicafp.com\/esteocomunica\/certamen-solidario\/#primaryimage"},"thumbnailUrl":"https:\/\/esteocomunicafp.com\/esteocomunica\/wp-content\/uploads\/2023\/01\/Cartel-certamen-solidario-1-1.png","datePublished":"2023-01-23T13:20:24+00:00","dateModified":"2023-02-13T09:43:03+00:00","description":"Acude a un certamen musical solidario en el que disfrutar\u00e1s de marchas de Semana Santa y colaborar con la Casa Ronald McDonald de M\u00e1laga.","breadcrumb":{"@id":"https:\/\/esteocomunicafp.com\/esteocomunica\/certamen-solidario\/#breadcrumb"},"inLanguage":"es","potentialAction":[{"@type":"ReadAction","target":["https:\/\/esteocomunicafp.com\/esteocomunica\/certamen-solidario\/"]}]},{"@type":"ImageObject","inLanguage":"es","@id":"https:\/\/esteocomunicafp.com\/esteocomunica\/certamen-solidario\/#primaryimage","url":"https:\/\/esteocomunicafp.com\/esteocomunica\/wp-content\/uploads\/2023\/01\/Cartel-certamen-solidario-1-1.png","contentUrl":"https:\/\/esteocomunicafp.com\/esteocomunica\/wp-content\/uploads\/2023\/01\/Cartel-certamen-solidario-1-1.png","width":1414,"height":2000},{"@type":"BreadcrumbList","@id":"https:\/\/esteocomunicafp.com\/esteocomunica\/certamen-solidario\/#breadcrumb","itemListElement":[{"@type":"ListItem","position":1,"name":"Portada","item":"https:\/\/esteocomunicafp.com\/esteocomunica\/"},{"@type":"ListItem","position":2,"name":"Certamen solidario"}]},{"@type":"WebSite","@id":"https:\/\/esteocomunicafp.com\/esteocomunica\/#website","url":"https:\/\/esteocomunicafp.com\/esteocomunica\/","name":"Esteo Comunica 2022 - 2023","description":"Agencia simulada de comunicaci\u00f3n Esteo Comunica","potentialAction":[{"@type":"SearchAction","target":{"@type":"EntryPoint","urlTemplate":"https:\/\/esteocomunicafp.com\/esteocomunica\/?s={search_term_string}"},"query-input":{"@type":"PropertyValueSpecification","valueRequired":true,"valueName":"search_term_string"}}],"inLanguage":"es"}]}},"_links":{"self":[{"href":"https:\/\/esteocomunicafp.com\/esteocomunica\/wp-json\/wp\/v2\/pages\/247","targetHints":{"allow":["GET"]}}],"collection":[{"href":"https:\/\/esteocomunicafp.com\/esteocomunica\/wp-json\/wp\/v2\/pages"}],"about":[{"href":"https:\/\/esteocomunicafp.com\/esteocomunica\/wp-json\/wp\/v2\/types\/page"}],"author":[{"embeddable":true,"href":"https:\/\/esteocomunicafp.com\/esteocomunica\/wp-json\/wp\/v2\/users\/1"}],"replies":[{"embeddable":true,"href":"https:\/\/esteocomunicafp.com\/esteocomunica\/wp-json\/wp\/v2\/comments?post=247"}],"version-history":[{"count":26,"href":"https:\/\/esteocomunicafp.com\/esteocomunica\/wp-json\/wp\/v2\/pages\/247\/revisions"}],"predecessor-version":[{"id":555,"href":"https:\/\/esteocomunicafp.com\/esteocomunica\/wp-json\/wp\/v2\/pages\/247\/revisions\/555"}],"wp:attachment":[{"href":"https:\/\/esteocomunicafp.com\/esteocomunica\/wp-json\/wp\/v2\/media?parent=247"}],"curies":[{"name":"wp","href":"https:\/\/api.w.org\/{rel}","templated":true}]}}