{"id":236,"date":"2023-01-23T11:42:19","date_gmt":"2023-01-23T10:42:19","guid":{"rendered":"https:\/\/esteocomunicafp.com\/alu3\/?page_id=236"},"modified":"2023-02-10T23:59:02","modified_gmt":"2023-02-10T22:59:02","slug":"yincana-solidaria","status":"publish","type":"page","link":"https:\/\/esteocomunicafp.com\/esteocomunica\/yincana-solidaria\/","title":{"rendered":"Yincana Solidaria"},"content":{"rendered":"\t\t<div data-elementor-type=\"wp-page\" data-elementor-id=\"236\" class=\"elementor elementor-236\">\n\t\t\t\t\t\t<section class=\"elementor-section elementor-top-section elementor-element elementor-element-2d01e078 elementor-section-boxed elementor-section-height-default elementor-section-height-default\" data-id=\"2d01e078\" data-element_type=\"section\">\n\t\t\t\t\t\t<div class=\"elementor-container elementor-column-gap-default\">\n\t\t\t\t\t<div class=\"elementor-column elementor-col-100 elementor-top-column elementor-element elementor-element-2af7ea2a\" data-id=\"2af7ea2a\" data-element_type=\"column\">\n\t\t\t<div class=\"elementor-widget-wrap elementor-element-populated\">\n\t\t\t\t\t\t<div class=\"elementor-element elementor-element-5b80a234 elementor-widget elementor-widget-text-editor\" data-id=\"5b80a234\" data-element_type=\"widget\" data-widget_type=\"text-editor.default\">\n\t\t\t\t<div class=\"elementor-widget-container\">\n\t\t\t\t\t\t\t\t\t\n<p>La <strong>Yincana<\/strong> estuvo compuesta por nuestros compa\u00f1eros Nuria, Jes\u00fas, \u00c1gueda, Miriam, Fran, Juanjo, Jos\u00e9 Figueroa, Naim y Cristina.<\/p>\n\n<p>El pasado diciembre organizamos desde el d\u00eda 12 al 16\u00a0 una <strong>yincana solidaria<\/strong> dentro del instituto de 11:15 a 11:45 para recaudar fondos para la <strong>Casa Ronald McDonald de M\u00e1laga.<\/strong><\/p>\n\n<p>En la Yincana cont\u00e1bamos con juegos como el bal\u00f3n prisionero, volley, ping pong, baloncesto y UNO.<\/p>\n\n<p>De igual modo\u00a0 el precio\u00a0 para poder jugar constaba de<strong> 1\u20ac<\/strong> todos los juegos, excepto el UNO que costaba simplemente <strong>0,50\u20ac.<\/strong><\/p>\n\n<p>Adem\u00e1s de contar con una gran variedad de juegos, tambi\u00e9n cont\u00e1bamos con <strong>premios<\/strong>. Repartimos premios a los ganadores, los cuales pod\u00edan ser un <strong>vale de descuento<\/strong> para el <strong>mercadillo<\/strong> <strong>solidario<\/strong> o un vale para un men\u00fa del McDonalds gratis.\u00a0\u00a0<\/p>\n\n<p>Los premios eran los siguientes:<\/p>\n\n<figure class=\"wp-block-table\">\n<table>\n<tbody>\n<tr>\n<td><img decoding=\"async\" src=\"https:\/\/lh4.googleusercontent.com\/_DKYARp41WAacPJ2R6v36FKU_TlNkYV5a4Ii_Zcp6qWuFvXk6BoJQHk0n0jQo7gHhqCFj2g9J8x9ofpFF6rQNVPOnudLoVJm8kchBbrGT9lZ-B0ZdtxaAZU1a7Cuh8z7TZ4B5O39irdL-huH0nx5V60\" width=\"286\" height=\"147\" \/><\/td>\n<td><img decoding=\"async\" src=\"https:\/\/lh4.googleusercontent.com\/yoC7A-ewkP5bG19JLNi224kpgVzFgsyGpomQ2-0wvkK_7LL79GbEueYHU72gmkUj3DrD3DlYipdoZukFBXvtkqW7QzDDk3IczSuvRTwybKmmQvziiNCrvQOHC5ViLOv8r-NVt2ZGl1SfwGJh7qpsBPY\" width=\"286\" height=\"147\" \/><\/td>\n<\/tr>\n<\/tbody>\n<\/table>\n<\/figure>\n\n<p>Algunos <strong>profesores<\/strong> tambi\u00e9n se unieron a la causa bajando la clase durante su hora para <strong>participar en estos juegos<\/strong> y colaborar con la bonita iniciativa.<\/p>\n\n<p>Los premios que se dieron eran: una victoria, un ticket de descuento para el mercadillo y si consegu\u00edan tres victorias se llevaban un ticket de un men\u00fa mediano gratis en McDonald&#8217;s.\u00a0<\/p>\n\n<p><strong>Las funciones<\/strong> de cada uno de los organizadores de la Yincana eran las siguientes:<\/p>\n\n<figure class=\"wp-block-image size-full\"><img fetchpriority=\"high\" decoding=\"async\" width=\"773\" height=\"461\" class=\"wp-image-449\" src=\"https:\/\/esteocomunicafp.com\/esteocomunica\/wp-content\/uploads\/2023\/02\/image-1.png\" alt=\"\" srcset=\"https:\/\/esteocomunicafp.com\/esteocomunica\/wp-content\/uploads\/2023\/02\/image-1.png 773w, https:\/\/esteocomunicafp.com\/esteocomunica\/wp-content\/uploads\/2023\/02\/image-1-768x458.png 768w\" sizes=\"(max-width: 767px) 89vw, (max-width: 1000px) 54vw, (max-width: 1071px) 543px, 580px\" \/><\/figure>\n\t\t\t\t\t\t\t\t<\/div>\n\t\t\t\t<\/div>\n\t\t\t\t\t<\/div>\n\t\t<\/div>\n\t\t\t\t\t<\/div>\n\t\t<\/section>\n\t\t\t\t<\/div>\n\t\t","protected":false},"excerpt":{"rendered":"<p>La Yincana estuvo compuesta por nuestros compa\u00f1eros Nuria, Jes\u00fas, \u00c1gueda, Miriam, Fran, Juanjo, Jos\u00e9 Figueroa, Naim y Cristina. El pasado diciembre organizamos desde el d\u00eda 12 al 16\u00a0 una yincana solidaria dentro del instituto de 11:15 a 11:45 para recaudar fondos para la Casa Ronald McDonald de M\u00e1laga. En la Yincana cont\u00e1bamos con juegos como &hellip; <\/p>\n<p class=\"link-more\"><a href=\"https:\/\/esteocomunicafp.com\/esteocomunica\/yincana-solidaria\/\" class=\"more-link\">Continuar leyendo<span class=\"screen-reader-text\"> \u00abYincana Solidaria\u00bb<\/span><\/a><\/p>\n","protected":false},"author":1,"featured_media":0,"parent":0,"menu_order":0,"comment_status":"closed","ping_status":"closed","template":"","meta":{"_eb_attr":"","footnotes":""},"class_list":["post-236","page","type-page","status-publish","hentry"],"yoast_head":"<!-- This site is optimized with the Yoast SEO plugin v26.5 - https:\/\/yoast.com\/wordpress\/plugins\/seo\/ -->\n<title>Yincana Solidaria - Esteo Comunica 2022 - 2023<\/title>\n<meta name=\"robots\" content=\"noindex, follow, max-snippet:-1, max-image-preview:large, max-video-preview:-1\" \/>\n<meta property=\"og:locale\" content=\"es_ES\" \/>\n<meta property=\"og:type\" content=\"article\" \/>\n<meta property=\"og:title\" content=\"Yincana Solidaria - Esteo Comunica 2022 - 2023\" \/>\n<meta property=\"og:description\" content=\"La Yincana estuvo compuesta por nuestros compa\u00f1eros Nuria, Jes\u00fas, \u00c1gueda, Miriam, Fran, Juanjo, Jos\u00e9 Figueroa, Naim y Cristina. El pasado diciembre organizamos desde el d\u00eda 12 al 16\u00a0 una yincana solidaria dentro del instituto de 11:15 a 11:45 para recaudar fondos para la Casa Ronald McDonald de M\u00e1laga. En la Yincana cont\u00e1bamos con juegos como &hellip; Continuar leyendo &quot;Yincana Solidaria&quot;\" \/>\n<meta property=\"og:url\" content=\"https:\/\/esteocomunicafp.com\/esteocomunica\/yincana-solidaria\/\" \/>\n<meta property=\"og:site_name\" content=\"Esteo Comunica 2022 - 2023\" \/>\n<meta property=\"article:publisher\" content=\"https:\/\/www.facebook.com\/EsteoComunica\/\" \/>\n<meta property=\"article:modified_time\" content=\"2023-02-10T22:59:02+00:00\" \/>\n<meta property=\"og:image\" content=\"https:\/\/lh4.googleusercontent.com\/_DKYARp41WAacPJ2R6v36FKU_TlNkYV5a4Ii_Zcp6qWuFvXk6BoJQHk0n0jQo7gHhqCFj2g9J8x9ofpFF6rQNVPOnudLoVJm8kchBbrGT9lZ-B0ZdtxaAZU1a7Cuh8z7TZ4B5O39irdL-huH0nx5V60\" \/>\n<meta name=\"twitter:card\" content=\"summary_large_image\" \/>\n<meta name=\"twitter:site\" content=\"@esteocomunica\" \/>\n<meta name=\"twitter:label1\" content=\"Tiempo de lectura\" \/>\n\t<meta name=\"twitter:data1\" content=\"2 minutos\" \/>\n<script type=\"application\/ld+json\" class=\"yoast-schema-graph\">{\"@context\":\"https:\/\/schema.org\",\"@graph\":[{\"@type\":\"WebPage\",\"@id\":\"https:\/\/esteocomunicafp.com\/esteocomunica\/yincana-solidaria\/\",\"url\":\"https:\/\/esteocomunicafp.com\/esteocomunica\/yincana-solidaria\/\",\"name\":\"Yincana Solidaria - Esteo Comunica 2022 - 2023\",\"isPartOf\":{\"@id\":\"https:\/\/esteocomunicafp.com\/esteocomunica\/#website\"},\"primaryImageOfPage\":{\"@id\":\"https:\/\/esteocomunicafp.com\/esteocomunica\/yincana-solidaria\/#primaryimage\"},\"image\":{\"@id\":\"https:\/\/esteocomunicafp.com\/esteocomunica\/yincana-solidaria\/#primaryimage\"},\"thumbnailUrl\":\"https:\/\/lh4.googleusercontent.com\/_DKYARp41WAacPJ2R6v36FKU_TlNkYV5a4Ii_Zcp6qWuFvXk6BoJQHk0n0jQo7gHhqCFj2g9J8x9ofpFF6rQNVPOnudLoVJm8kchBbrGT9lZ-B0ZdtxaAZU1a7Cuh8z7TZ4B5O39irdL-huH0nx5V60\",\"datePublished\":\"2023-01-23T10:42:19+00:00\",\"dateModified\":\"2023-02-10T22:59:02+00:00\",\"breadcrumb\":{\"@id\":\"https:\/\/esteocomunicafp.com\/esteocomunica\/yincana-solidaria\/#breadcrumb\"},\"inLanguage\":\"es\",\"potentialAction\":[{\"@type\":\"ReadAction\",\"target\":[\"https:\/\/esteocomunicafp.com\/esteocomunica\/yincana-solidaria\/\"]}]},{\"@type\":\"ImageObject\",\"inLanguage\":\"es\",\"@id\":\"https:\/\/esteocomunicafp.com\/esteocomunica\/yincana-solidaria\/#primaryimage\",\"url\":\"https:\/\/lh4.googleusercontent.com\/_DKYARp41WAacPJ2R6v36FKU_TlNkYV5a4Ii_Zcp6qWuFvXk6BoJQHk0n0jQo7gHhqCFj2g9J8x9ofpFF6rQNVPOnudLoVJm8kchBbrGT9lZ-B0ZdtxaAZU1a7Cuh8z7TZ4B5O39irdL-huH0nx5V60\",\"contentUrl\":\"https:\/\/lh4.googleusercontent.com\/_DKYARp41WAacPJ2R6v36FKU_TlNkYV5a4Ii_Zcp6qWuFvXk6BoJQHk0n0jQo7gHhqCFj2g9J8x9ofpFF6rQNVPOnudLoVJm8kchBbrGT9lZ-B0ZdtxaAZU1a7Cuh8z7TZ4B5O39irdL-huH0nx5V60\"},{\"@type\":\"BreadcrumbList\",\"@id\":\"https:\/\/esteocomunicafp.com\/esteocomunica\/yincana-solidaria\/#breadcrumb\",\"itemListElement\":[{\"@type\":\"ListItem\",\"position\":1,\"name\":\"Portada\",\"item\":\"https:\/\/esteocomunicafp.com\/esteocomunica\/\"},{\"@type\":\"ListItem\",\"position\":2,\"name\":\"Yincana Solidaria\"}]},{\"@type\":\"WebSite\",\"@id\":\"https:\/\/esteocomunicafp.com\/esteocomunica\/#website\",\"url\":\"https:\/\/esteocomunicafp.com\/esteocomunica\/\",\"name\":\"Esteo Comunica 2022 - 2023\",\"description\":\"Agencia simulada de comunicaci\u00f3n Esteo Comunica\",\"potentialAction\":[{\"@type\":\"SearchAction\",\"target\":{\"@type\":\"EntryPoint\",\"urlTemplate\":\"https:\/\/esteocomunicafp.com\/esteocomunica\/?s={search_term_string}\"},\"query-input\":{\"@type\":\"PropertyValueSpecification\",\"valueRequired\":true,\"valueName\":\"search_term_string\"}}],\"inLanguage\":\"es\"}]}<\/script>\n<!-- \/ Yoast SEO plugin. -->","yoast_head_json":{"title":"Yincana Solidaria - Esteo Comunica 2022 - 2023","robots":{"index":"noindex","follow":"follow","max-snippet":"max-snippet:-1","max-image-preview":"max-image-preview:large","max-video-preview":"max-video-preview:-1"},"og_locale":"es_ES","og_type":"article","og_title":"Yincana Solidaria - Esteo Comunica 2022 - 2023","og_description":"La Yincana estuvo compuesta por nuestros compa\u00f1eros Nuria, Jes\u00fas, \u00c1gueda, Miriam, Fran, Juanjo, Jos\u00e9 Figueroa, Naim y Cristina. El pasado diciembre organizamos desde el d\u00eda 12 al 16\u00a0 una yincana solidaria dentro del instituto de 11:15 a 11:45 para recaudar fondos para la Casa Ronald McDonald de M\u00e1laga. En la Yincana cont\u00e1bamos con juegos como &hellip; Continuar leyendo \"Yincana Solidaria\"","og_url":"https:\/\/esteocomunicafp.com\/esteocomunica\/yincana-solidaria\/","og_site_name":"Esteo Comunica 2022 - 2023","article_publisher":"https:\/\/www.facebook.com\/EsteoComunica\/","article_modified_time":"2023-02-10T22:59:02+00:00","og_image":[{"url":"https:\/\/lh4.googleusercontent.com\/_DKYARp41WAacPJ2R6v36FKU_TlNkYV5a4Ii_Zcp6qWuFvXk6BoJQHk0n0jQo7gHhqCFj2g9J8x9ofpFF6rQNVPOnudLoVJm8kchBbrGT9lZ-B0ZdtxaAZU1a7Cuh8z7TZ4B5O39irdL-huH0nx5V60","type":"","width":"","height":""}],"twitter_card":"summary_large_image","twitter_site":"@esteocomunica","twitter_misc":{"Tiempo de lectura":"2 minutos"},"schema":{"@context":"https:\/\/schema.org","@graph":[{"@type":"WebPage","@id":"https:\/\/esteocomunicafp.com\/esteocomunica\/yincana-solidaria\/","url":"https:\/\/esteocomunicafp.com\/esteocomunica\/yincana-solidaria\/","name":"Yincana Solidaria - Esteo Comunica 2022 - 2023","isPartOf":{"@id":"https:\/\/esteocomunicafp.com\/esteocomunica\/#website"},"primaryImageOfPage":{"@id":"https:\/\/esteocomunicafp.com\/esteocomunica\/yincana-solidaria\/#primaryimage"},"image":{"@id":"https:\/\/esteocomunicafp.com\/esteocomunica\/yincana-solidaria\/#primaryimage"},"thumbnailUrl":"https:\/\/lh4.googleusercontent.com\/_DKYARp41WAacPJ2R6v36FKU_TlNkYV5a4Ii_Zcp6qWuFvXk6BoJQHk0n0jQo7gHhqCFj2g9J8x9ofpFF6rQNVPOnudLoVJm8kchBbrGT9lZ-B0ZdtxaAZU1a7Cuh8z7TZ4B5O39irdL-huH0nx5V60","datePublished":"2023-01-23T10:42:19+00:00","dateModified":"2023-02-10T22:59:02+00:00","breadcrumb":{"@id":"https:\/\/esteocomunicafp.com\/esteocomunica\/yincana-solidaria\/#breadcrumb"},"inLanguage":"es","potentialAction":[{"@type":"ReadAction","target":["https:\/\/esteocomunicafp.com\/esteocomunica\/yincana-solidaria\/"]}]},{"@type":"ImageObject","inLanguage":"es","@id":"https:\/\/esteocomunicafp.com\/esteocomunica\/yincana-solidaria\/#primaryimage","url":"https:\/\/lh4.googleusercontent.com\/_DKYARp41WAacPJ2R6v36FKU_TlNkYV5a4Ii_Zcp6qWuFvXk6BoJQHk0n0jQo7gHhqCFj2g9J8x9ofpFF6rQNVPOnudLoVJm8kchBbrGT9lZ-B0ZdtxaAZU1a7Cuh8z7TZ4B5O39irdL-huH0nx5V60","contentUrl":"https:\/\/lh4.googleusercontent.com\/_DKYARp41WAacPJ2R6v36FKU_TlNkYV5a4Ii_Zcp6qWuFvXk6BoJQHk0n0jQo7gHhqCFj2g9J8x9ofpFF6rQNVPOnudLoVJm8kchBbrGT9lZ-B0ZdtxaAZU1a7Cuh8z7TZ4B5O39irdL-huH0nx5V60"},{"@type":"BreadcrumbList","@id":"https:\/\/esteocomunicafp.com\/esteocomunica\/yincana-solidaria\/#breadcrumb","itemListElement":[{"@type":"ListItem","position":1,"name":"Portada","item":"https:\/\/esteocomunicafp.com\/esteocomunica\/"},{"@type":"ListItem","position":2,"name":"Yincana Solidaria"}]},{"@type":"WebSite","@id":"https:\/\/esteocomunicafp.com\/esteocomunica\/#website","url":"https:\/\/esteocomunicafp.com\/esteocomunica\/","name":"Esteo Comunica 2022 - 2023","description":"Agencia simulada de comunicaci\u00f3n Esteo Comunica","potentialAction":[{"@type":"SearchAction","target":{"@type":"EntryPoint","urlTemplate":"https:\/\/esteocomunicafp.com\/esteocomunica\/?s={search_term_string}"},"query-input":{"@type":"PropertyValueSpecification","valueRequired":true,"valueName":"search_term_string"}}],"inLanguage":"es"}]}},"_links":{"self":[{"href":"https:\/\/esteocomunicafp.com\/esteocomunica\/wp-json\/wp\/v2\/pages\/236","targetHints":{"allow":["GET"]}}],"collection":[{"href":"https:\/\/esteocomunicafp.com\/esteocomunica\/wp-json\/wp\/v2\/pages"}],"about":[{"href":"https:\/\/esteocomunicafp.com\/esteocomunica\/wp-json\/wp\/v2\/types\/page"}],"author":[{"embeddable":true,"href":"https:\/\/esteocomunicafp.com\/esteocomunica\/wp-json\/wp\/v2\/users\/1"}],"replies":[{"embeddable":true,"href":"https:\/\/esteocomunicafp.com\/esteocomunica\/wp-json\/wp\/v2\/comments?post=236"}],"version-history":[{"count":9,"href":"https:\/\/esteocomunicafp.com\/esteocomunica\/wp-json\/wp\/v2\/pages\/236\/revisions"}],"predecessor-version":[{"id":800,"href":"https:\/\/esteocomunicafp.com\/esteocomunica\/wp-json\/wp\/v2\/pages\/236\/revisions\/800"}],"wp:attachment":[{"href":"https:\/\/esteocomunicafp.com\/esteocomunica\/wp-json\/wp\/v2\/media?parent=236"}],"curies":[{"name":"wp","href":"https:\/\/api.w.org\/{rel}","templated":true}]}}