{"id":233,"date":"2023-01-23T11:40:27","date_gmt":"2023-01-23T10:40:27","guid":{"rendered":"https:\/\/esteocomunicafp.com\/alu3\/?page_id=233"},"modified":"2023-02-21T11:58:01","modified_gmt":"2023-02-21T10:58:01","slug":"mercadillo-solidario","status":"publish","type":"page","link":"https:\/\/esteocomunicafp.com\/esteocomunica\/mercadillo-solidario\/","title":{"rendered":"Mercadillo solidario"},"content":{"rendered":"\n<p>En esta ocasi\u00f3n realizamos un mercadillo de econom\u00eda circular, es decir, pusimos a disposici\u00f3n del p\u00fablico unas cajas en las que pod\u00edan depositar los objetos que quisiesen donar al mercadillo solidario (ya sean juguetes, ropa, libros&#8230;). Posteriormente realizamos la <strong>venta <\/strong>de esos productos en las instalaciones del instituto.<\/p>\n\n\n\n<p>Para ambientar el instituto y hacer una actividad m\u00e1s amena, tambi\u00e9n dispusimos de m\u00fasica y de diferentes puestos de<strong> palomitas, algod\u00f3n de az\u00facar, crepes y gofres.<\/strong><\/p>\n\n\n\n<p><strong>El dinero<\/strong> recaudado fue \u00edntegramente para la <a href=\"https:\/\/fundacionronald.org\/casa-malaga\/\"><strong>Casa Ronald McDonald<\/strong> de <strong>M\u00e1laga<\/strong><\/a>, cuya Fundaci\u00f3n otorga una oportunidad y mejora la <strong>calidad de vida<\/strong> de las familias que actualmente est\u00e1n siendo acogidas en la casa y que necesitan toda la ayuda posible. <\/p>\n\n\n\n<p>Con el mercadillo solidario y todas estas actividades vivimos un ambiente de solidaridad y diversi\u00f3n en el IES Miguel Romero Esteo. Y no solo eso, sino que adem\u00e1s de poder tener nuestra primera experiencia de venta al p\u00fablico, <strong>logramos recaudar<\/strong> un total aproximado de <strong>800\u20ac<\/strong> entre mercadillo y venta de alimentos.<\/p>\n\n\n\n<p>Adem\u00e1s del mercadillo solidario y las diferentes actividades que realizamos, otros compa\u00f1eros de nuestro ciclo organizaron una <a href=\"https:\/\/esteocomunicafp.com\/esteocomunica\/sorteo-cesta-solidaria\/\">rifa ben\u00e9fica<\/a> y una <a href=\"https:\/\/esteocomunicafp.com\/esteocomunica\/yincana-solidaria\/\">yincana solidaria<\/a>. La recaudaci\u00f3n de estos peque\u00f1os eventos tambi\u00e9n se destin\u00f3 a la Casa Ronald McDonald de M\u00e1laga.<\/p>\n\n\n\n<p>Algunas de las <strong>fotos<\/strong> del proceso son las siguientes:<\/p>\n\n\n\n<figure class=\"wp-block-image\"><img decoding=\"async\" src=\"https:\/\/lh5.googleusercontent.com\/MdgZQr4Z1VHZWUcONlfpo_11ZDZoXiBnuutLJJfxzWJ4yQQRUVlDbfondisMBkyctFTrWwdE_2FHXyxsA9vA9rw2xA-BMen5oIfDRuh3KRfzfNT0dIA7fejYWMmnXQL4_0evZ_afonPN1pyFONoLuhw\" alt=\"\"\/><\/figure>\n","protected":false},"excerpt":{"rendered":"<p>En esta ocasi\u00f3n realizamos un mercadillo de econom\u00eda circular, es decir, pusimos a disposici\u00f3n del p\u00fablico unas cajas en las que pod\u00edan depositar los objetos que quisiesen donar al mercadillo solidario (ya sean juguetes, ropa, libros&#8230;). Posteriormente realizamos la venta de esos productos en las instalaciones del instituto. Para ambientar el instituto y hacer una &hellip; <\/p>\n<p class=\"link-more\"><a href=\"https:\/\/esteocomunicafp.com\/esteocomunica\/mercadillo-solidario\/\" class=\"more-link\">Continuar leyendo<span class=\"screen-reader-text\"> \u00abMercadillo solidario\u00bb<\/span><\/a><\/p>\n","protected":false},"author":1,"featured_media":659,"parent":0,"menu_order":0,"comment_status":"closed","ping_status":"closed","template":"","meta":{"_eb_attr":"","footnotes":""},"class_list":["post-233","page","type-page","status-publish","has-post-thumbnail","hentry"],"yoast_head":"<!-- This site is optimized with the Yoast SEO plugin v26.5 - https:\/\/yoast.com\/wordpress\/plugins\/seo\/ -->\n<title>Mercadillo solidario - Esteo Comunica 2022 - 2023<\/title>\n<meta name=\"robots\" content=\"noindex, follow, max-snippet:-1, max-image-preview:large, max-video-preview:-1\" \/>\n<meta property=\"og:locale\" content=\"es_ES\" \/>\n<meta property=\"og:type\" content=\"article\" \/>\n<meta property=\"og:title\" content=\"Mercadillo solidario - Esteo Comunica 2022 - 2023\" \/>\n<meta property=\"og:description\" content=\"En esta ocasi\u00f3n realizamos un mercadillo de econom\u00eda circular, es decir, pusimos a disposici\u00f3n del p\u00fablico unas cajas en las que pod\u00edan depositar los objetos que quisiesen donar al mercadillo solidario (ya sean juguetes, ropa, libros&#8230;). Posteriormente realizamos la venta de esos productos en las instalaciones del instituto. Para ambientar el instituto y hacer una &hellip; Continuar leyendo &quot;Mercadillo solidario&quot;\" \/>\n<meta property=\"og:url\" content=\"https:\/\/esteocomunicafp.com\/esteocomunica\/mercadillo-solidario\/\" \/>\n<meta property=\"og:site_name\" content=\"Esteo Comunica 2022 - 2023\" \/>\n<meta property=\"article:publisher\" content=\"https:\/\/www.facebook.com\/EsteoComunica\/\" \/>\n<meta property=\"article:modified_time\" content=\"2023-02-21T10:58:01+00:00\" \/>\n<meta property=\"og:image\" content=\"https:\/\/esteocomunicafp.com\/esteocomunica\/wp-content\/uploads\/2023\/02\/Captura-de-pantalla-2023-02-09-092538.jpg\" \/>\n\t<meta property=\"og:image:width\" content=\"1144\" \/>\n\t<meta property=\"og:image:height\" content=\"646\" \/>\n\t<meta property=\"og:image:type\" content=\"image\/jpeg\" \/>\n<meta name=\"twitter:card\" content=\"summary_large_image\" \/>\n<meta name=\"twitter:site\" content=\"@esteocomunica\" \/>\n<meta name=\"twitter:label1\" content=\"Tiempo de lectura\" \/>\n\t<meta name=\"twitter:data1\" content=\"1 minuto\" \/>\n<script type=\"application\/ld+json\" class=\"yoast-schema-graph\">{\"@context\":\"https:\/\/schema.org\",\"@graph\":[{\"@type\":\"WebPage\",\"@id\":\"https:\/\/esteocomunicafp.com\/esteocomunica\/mercadillo-solidario\/\",\"url\":\"https:\/\/esteocomunicafp.com\/esteocomunica\/mercadillo-solidario\/\",\"name\":\"Mercadillo solidario - Esteo Comunica 2022 - 2023\",\"isPartOf\":{\"@id\":\"https:\/\/esteocomunicafp.com\/esteocomunica\/#website\"},\"primaryImageOfPage\":{\"@id\":\"https:\/\/esteocomunicafp.com\/esteocomunica\/mercadillo-solidario\/#primaryimage\"},\"image\":{\"@id\":\"https:\/\/esteocomunicafp.com\/esteocomunica\/mercadillo-solidario\/#primaryimage\"},\"thumbnailUrl\":\"https:\/\/esteocomunicafp.com\/esteocomunica\/wp-content\/uploads\/2023\/02\/Captura-de-pantalla-2023-02-09-092538.jpg\",\"datePublished\":\"2023-01-23T10:40:27+00:00\",\"dateModified\":\"2023-02-21T10:58:01+00:00\",\"breadcrumb\":{\"@id\":\"https:\/\/esteocomunicafp.com\/esteocomunica\/mercadillo-solidario\/#breadcrumb\"},\"inLanguage\":\"es\",\"potentialAction\":[{\"@type\":\"ReadAction\",\"target\":[\"https:\/\/esteocomunicafp.com\/esteocomunica\/mercadillo-solidario\/\"]}]},{\"@type\":\"ImageObject\",\"inLanguage\":\"es\",\"@id\":\"https:\/\/esteocomunicafp.com\/esteocomunica\/mercadillo-solidario\/#primaryimage\",\"url\":\"https:\/\/esteocomunicafp.com\/esteocomunica\/wp-content\/uploads\/2023\/02\/Captura-de-pantalla-2023-02-09-092538.jpg\",\"contentUrl\":\"https:\/\/esteocomunicafp.com\/esteocomunica\/wp-content\/uploads\/2023\/02\/Captura-de-pantalla-2023-02-09-092538.jpg\",\"width\":1144,\"height\":646,\"caption\":\"Imagen de los alumnos en el mercadillo solidario\"},{\"@type\":\"BreadcrumbList\",\"@id\":\"https:\/\/esteocomunicafp.com\/esteocomunica\/mercadillo-solidario\/#breadcrumb\",\"itemListElement\":[{\"@type\":\"ListItem\",\"position\":1,\"name\":\"Portada\",\"item\":\"https:\/\/esteocomunicafp.com\/esteocomunica\/\"},{\"@type\":\"ListItem\",\"position\":2,\"name\":\"Mercadillo solidario\"}]},{\"@type\":\"WebSite\",\"@id\":\"https:\/\/esteocomunicafp.com\/esteocomunica\/#website\",\"url\":\"https:\/\/esteocomunicafp.com\/esteocomunica\/\",\"name\":\"Esteo Comunica 2022 - 2023\",\"description\":\"Agencia simulada de comunicaci\u00f3n Esteo Comunica\",\"potentialAction\":[{\"@type\":\"SearchAction\",\"target\":{\"@type\":\"EntryPoint\",\"urlTemplate\":\"https:\/\/esteocomunicafp.com\/esteocomunica\/?s={search_term_string}\"},\"query-input\":{\"@type\":\"PropertyValueSpecification\",\"valueRequired\":true,\"valueName\":\"search_term_string\"}}],\"inLanguage\":\"es\"}]}<\/script>\n<!-- \/ Yoast SEO plugin. -->","yoast_head_json":{"title":"Mercadillo solidario - Esteo Comunica 2022 - 2023","robots":{"index":"noindex","follow":"follow","max-snippet":"max-snippet:-1","max-image-preview":"max-image-preview:large","max-video-preview":"max-video-preview:-1"},"og_locale":"es_ES","og_type":"article","og_title":"Mercadillo solidario - Esteo Comunica 2022 - 2023","og_description":"En esta ocasi\u00f3n realizamos un mercadillo de econom\u00eda circular, es decir, pusimos a disposici\u00f3n del p\u00fablico unas cajas en las que pod\u00edan depositar los objetos que quisiesen donar al mercadillo solidario (ya sean juguetes, ropa, libros&#8230;). Posteriormente realizamos la venta de esos productos en las instalaciones del instituto. Para ambientar el instituto y hacer una &hellip; Continuar leyendo \"Mercadillo solidario\"","og_url":"https:\/\/esteocomunicafp.com\/esteocomunica\/mercadillo-solidario\/","og_site_name":"Esteo Comunica 2022 - 2023","article_publisher":"https:\/\/www.facebook.com\/EsteoComunica\/","article_modified_time":"2023-02-21T10:58:01+00:00","og_image":[{"width":1144,"height":646,"url":"https:\/\/esteocomunicafp.com\/esteocomunica\/wp-content\/uploads\/2023\/02\/Captura-de-pantalla-2023-02-09-092538.jpg","type":"image\/jpeg"}],"twitter_card":"summary_large_image","twitter_site":"@esteocomunica","twitter_misc":{"Tiempo de lectura":"1 minuto"},"schema":{"@context":"https:\/\/schema.org","@graph":[{"@type":"WebPage","@id":"https:\/\/esteocomunicafp.com\/esteocomunica\/mercadillo-solidario\/","url":"https:\/\/esteocomunicafp.com\/esteocomunica\/mercadillo-solidario\/","name":"Mercadillo solidario - Esteo Comunica 2022 - 2023","isPartOf":{"@id":"https:\/\/esteocomunicafp.com\/esteocomunica\/#website"},"primaryImageOfPage":{"@id":"https:\/\/esteocomunicafp.com\/esteocomunica\/mercadillo-solidario\/#primaryimage"},"image":{"@id":"https:\/\/esteocomunicafp.com\/esteocomunica\/mercadillo-solidario\/#primaryimage"},"thumbnailUrl":"https:\/\/esteocomunicafp.com\/esteocomunica\/wp-content\/uploads\/2023\/02\/Captura-de-pantalla-2023-02-09-092538.jpg","datePublished":"2023-01-23T10:40:27+00:00","dateModified":"2023-02-21T10:58:01+00:00","breadcrumb":{"@id":"https:\/\/esteocomunicafp.com\/esteocomunica\/mercadillo-solidario\/#breadcrumb"},"inLanguage":"es","potentialAction":[{"@type":"ReadAction","target":["https:\/\/esteocomunicafp.com\/esteocomunica\/mercadillo-solidario\/"]}]},{"@type":"ImageObject","inLanguage":"es","@id":"https:\/\/esteocomunicafp.com\/esteocomunica\/mercadillo-solidario\/#primaryimage","url":"https:\/\/esteocomunicafp.com\/esteocomunica\/wp-content\/uploads\/2023\/02\/Captura-de-pantalla-2023-02-09-092538.jpg","contentUrl":"https:\/\/esteocomunicafp.com\/esteocomunica\/wp-content\/uploads\/2023\/02\/Captura-de-pantalla-2023-02-09-092538.jpg","width":1144,"height":646,"caption":"Imagen de los alumnos en el mercadillo solidario"},{"@type":"BreadcrumbList","@id":"https:\/\/esteocomunicafp.com\/esteocomunica\/mercadillo-solidario\/#breadcrumb","itemListElement":[{"@type":"ListItem","position":1,"name":"Portada","item":"https:\/\/esteocomunicafp.com\/esteocomunica\/"},{"@type":"ListItem","position":2,"name":"Mercadillo solidario"}]},{"@type":"WebSite","@id":"https:\/\/esteocomunicafp.com\/esteocomunica\/#website","url":"https:\/\/esteocomunicafp.com\/esteocomunica\/","name":"Esteo Comunica 2022 - 2023","description":"Agencia simulada de comunicaci\u00f3n Esteo Comunica","potentialAction":[{"@type":"SearchAction","target":{"@type":"EntryPoint","urlTemplate":"https:\/\/esteocomunicafp.com\/esteocomunica\/?s={search_term_string}"},"query-input":{"@type":"PropertyValueSpecification","valueRequired":true,"valueName":"search_term_string"}}],"inLanguage":"es"}]}},"_links":{"self":[{"href":"https:\/\/esteocomunicafp.com\/esteocomunica\/wp-json\/wp\/v2\/pages\/233","targetHints":{"allow":["GET"]}}],"collection":[{"href":"https:\/\/esteocomunicafp.com\/esteocomunica\/wp-json\/wp\/v2\/pages"}],"about":[{"href":"https:\/\/esteocomunicafp.com\/esteocomunica\/wp-json\/wp\/v2\/types\/page"}],"author":[{"embeddable":true,"href":"https:\/\/esteocomunicafp.com\/esteocomunica\/wp-json\/wp\/v2\/users\/1"}],"replies":[{"embeddable":true,"href":"https:\/\/esteocomunicafp.com\/esteocomunica\/wp-json\/wp\/v2\/comments?post=233"}],"version-history":[{"count":11,"href":"https:\/\/esteocomunicafp.com\/esteocomunica\/wp-json\/wp\/v2\/pages\/233\/revisions"}],"predecessor-version":[{"id":1318,"href":"https:\/\/esteocomunicafp.com\/esteocomunica\/wp-json\/wp\/v2\/pages\/233\/revisions\/1318"}],"wp:featuredmedia":[{"embeddable":true,"href":"https:\/\/esteocomunicafp.com\/esteocomunica\/wp-json\/wp\/v2\/media\/659"}],"wp:attachment":[{"href":"https:\/\/esteocomunicafp.com\/esteocomunica\/wp-json\/wp\/v2\/media?parent=233"}],"curies":[{"name":"wp","href":"https:\/\/api.w.org\/{rel}","templated":true}]}}