{"id":230,"date":"2023-01-23T11:37:57","date_gmt":"2023-01-23T10:37:57","guid":{"rendered":"https:\/\/esteocomunicafp.com\/alu3\/?page_id=230"},"modified":"2023-01-23T14:26:06","modified_gmt":"2023-01-23T13:26:06","slug":"contacto","status":"publish","type":"page","link":"https:\/\/esteocomunicafp.com\/esteocomunica\/contacto\/","title":{"rendered":"Contacto"},"content":{"rendered":"\n<p>Aqu\u00ed te dejamos nuestro correo electr\u00f3nico,  para que puedas contactar con nosotros y podamos ayudarte en la mayor brevedad posible.<\/p>\n\n\n\n<p class=\"has-text-align-center\">esteocomunica@gmail.com<\/p>\n\n\n\n<p>Tambi\u00e9n puedes seguirnos y contactar con nosotros a trav\u00e9s de Instagram, pincha en el siguiente bot\u00f3n e interact\u00faa con nosotros.<\/p>\n\n\n\n<div class=\"wp-block-buttons is-content-justification-center is-layout-flex wp-container-core-buttons-is-layout-16018d1d wp-block-buttons-is-layout-flex\">\n<div class=\"wp-block-button\"><a class=\"wp-block-button__link wp-element-button\">Instagram Esteo Comunica <\/a><\/div>\n<\/div>\n\n\n\n<p><\/p>\n\n\n\n<p>Nos encontramos en el I.E.S Miguel Romero Esteo, pincha en el siguiente bot\u00f3n para poder encontrarnos.<\/p>\n\n\n\n<div class=\"wp-block-buttons is-content-justification-center is-layout-flex wp-container-core-buttons-is-layout-16018d1d wp-block-buttons-is-layout-flex\">\n<div class=\"wp-block-button\"><a class=\"wp-block-button__link wp-element-button\" href=\"https:\/\/www.google.es\/maps\/place\/IES+Miguel+Romero+Esteo\/@36.7079409,-4.443703,17z\/data=!3m2!4b1!5s0xd72f779ad03abe5:0x1ff2edf0cdf20847!4m5!3m4!1s0xd72f73a18de5881:0xa2ac3e77c2673248!8m2!3d36.7079409!4d-4.4415143?hl=es\">Ubicaci\u00f3n I.E.S Miguel Romero Esteo<\/a><\/div>\n<\/div>\n","protected":false},"excerpt":{"rendered":"<p>Aqu\u00ed te dejamos nuestro correo electr\u00f3nico, para que puedas contactar con nosotros y podamos ayudarte en la mayor brevedad posible. esteocomunica@gmail.com Tambi\u00e9n puedes seguirnos y contactar con nosotros a trav\u00e9s de Instagram, pincha en el siguiente bot\u00f3n e interact\u00faa con nosotros. Nos encontramos en el I.E.S Miguel Romero Esteo, pincha en el siguiente bot\u00f3n para &hellip; <\/p>\n<p class=\"link-more\"><a href=\"https:\/\/esteocomunicafp.com\/esteocomunica\/contacto\/\" class=\"more-link\">Continuar leyendo<span class=\"screen-reader-text\"> \u00abContacto\u00bb<\/span><\/a><\/p>\n","protected":false},"author":1,"featured_media":0,"parent":0,"menu_order":0,"comment_status":"closed","ping_status":"closed","template":"","meta":{"_eb_attr":"","footnotes":""},"class_list":["post-230","page","type-page","status-publish","hentry"],"yoast_head":"<!-- This site is optimized with the Yoast SEO plugin v26.5 - https:\/\/yoast.com\/wordpress\/plugins\/seo\/ -->\n<title>Contacto - Esteo Comunica 2022 - 2023<\/title>\n<meta name=\"robots\" content=\"noindex, follow, max-snippet:-1, max-image-preview:large, max-video-preview:-1\" \/>\n<meta property=\"og:locale\" content=\"es_ES\" \/>\n<meta property=\"og:type\" content=\"article\" \/>\n<meta property=\"og:title\" content=\"Contacto - Esteo Comunica 2022 - 2023\" \/>\n<meta property=\"og:description\" content=\"Aqu\u00ed te dejamos nuestro correo electr\u00f3nico, para que puedas contactar con nosotros y podamos ayudarte en la mayor brevedad posible. esteocomunica@gmail.com Tambi\u00e9n puedes seguirnos y contactar con nosotros a trav\u00e9s de Instagram, pincha en el siguiente bot\u00f3n e interact\u00faa con nosotros. Nos encontramos en el I.E.S Miguel Romero Esteo, pincha en el siguiente bot\u00f3n para &hellip; Continuar leyendo &quot;Contacto&quot;\" \/>\n<meta property=\"og:url\" content=\"https:\/\/esteocomunicafp.com\/esteocomunica\/contacto\/\" \/>\n<meta property=\"og:site_name\" content=\"Esteo Comunica 2022 - 2023\" \/>\n<meta property=\"article:publisher\" content=\"https:\/\/www.facebook.com\/EsteoComunica\/\" \/>\n<meta property=\"article:modified_time\" content=\"2023-01-23T13:26:06+00:00\" \/>\n<meta name=\"twitter:card\" content=\"summary_large_image\" \/>\n<meta name=\"twitter:site\" content=\"@esteocomunica\" \/>\n<meta name=\"twitter:label1\" content=\"Tiempo de lectura\" \/>\n\t<meta name=\"twitter:data1\" content=\"1 minuto\" \/>\n<script type=\"application\/ld+json\" class=\"yoast-schema-graph\">{\"@context\":\"https:\/\/schema.org\",\"@graph\":[{\"@type\":\"WebPage\",\"@id\":\"https:\/\/esteocomunicafp.com\/esteocomunica\/contacto\/\",\"url\":\"https:\/\/esteocomunicafp.com\/esteocomunica\/contacto\/\",\"name\":\"Contacto - Esteo Comunica 2022 - 2023\",\"isPartOf\":{\"@id\":\"https:\/\/esteocomunicafp.com\/esteocomunica\/#website\"},\"datePublished\":\"2023-01-23T10:37:57+00:00\",\"dateModified\":\"2023-01-23T13:26:06+00:00\",\"breadcrumb\":{\"@id\":\"https:\/\/esteocomunicafp.com\/esteocomunica\/contacto\/#breadcrumb\"},\"inLanguage\":\"es\",\"potentialAction\":[{\"@type\":\"ReadAction\",\"target\":[\"https:\/\/esteocomunicafp.com\/esteocomunica\/contacto\/\"]}]},{\"@type\":\"BreadcrumbList\",\"@id\":\"https:\/\/esteocomunicafp.com\/esteocomunica\/contacto\/#breadcrumb\",\"itemListElement\":[{\"@type\":\"ListItem\",\"position\":1,\"name\":\"Portada\",\"item\":\"https:\/\/esteocomunicafp.com\/esteocomunica\/\"},{\"@type\":\"ListItem\",\"position\":2,\"name\":\"Contacto\"}]},{\"@type\":\"WebSite\",\"@id\":\"https:\/\/esteocomunicafp.com\/esteocomunica\/#website\",\"url\":\"https:\/\/esteocomunicafp.com\/esteocomunica\/\",\"name\":\"Esteo Comunica 2022 - 2023\",\"description\":\"Agencia simulada de comunicaci\u00f3n Esteo Comunica\",\"potentialAction\":[{\"@type\":\"SearchAction\",\"target\":{\"@type\":\"EntryPoint\",\"urlTemplate\":\"https:\/\/esteocomunicafp.com\/esteocomunica\/?s={search_term_string}\"},\"query-input\":{\"@type\":\"PropertyValueSpecification\",\"valueRequired\":true,\"valueName\":\"search_term_string\"}}],\"inLanguage\":\"es\"}]}<\/script>\n<!-- \/ Yoast SEO plugin. -->","yoast_head_json":{"title":"Contacto - Esteo Comunica 2022 - 2023","robots":{"index":"noindex","follow":"follow","max-snippet":"max-snippet:-1","max-image-preview":"max-image-preview:large","max-video-preview":"max-video-preview:-1"},"og_locale":"es_ES","og_type":"article","og_title":"Contacto - Esteo Comunica 2022 - 2023","og_description":"Aqu\u00ed te dejamos nuestro correo electr\u00f3nico, para que puedas contactar con nosotros y podamos ayudarte en la mayor brevedad posible. esteocomunica@gmail.com Tambi\u00e9n puedes seguirnos y contactar con nosotros a trav\u00e9s de Instagram, pincha en el siguiente bot\u00f3n e interact\u00faa con nosotros. Nos encontramos en el I.E.S Miguel Romero Esteo, pincha en el siguiente bot\u00f3n para &hellip; Continuar leyendo \"Contacto\"","og_url":"https:\/\/esteocomunicafp.com\/esteocomunica\/contacto\/","og_site_name":"Esteo Comunica 2022 - 2023","article_publisher":"https:\/\/www.facebook.com\/EsteoComunica\/","article_modified_time":"2023-01-23T13:26:06+00:00","twitter_card":"summary_large_image","twitter_site":"@esteocomunica","twitter_misc":{"Tiempo de lectura":"1 minuto"},"schema":{"@context":"https:\/\/schema.org","@graph":[{"@type":"WebPage","@id":"https:\/\/esteocomunicafp.com\/esteocomunica\/contacto\/","url":"https:\/\/esteocomunicafp.com\/esteocomunica\/contacto\/","name":"Contacto - Esteo Comunica 2022 - 2023","isPartOf":{"@id":"https:\/\/esteocomunicafp.com\/esteocomunica\/#website"},"datePublished":"2023-01-23T10:37:57+00:00","dateModified":"2023-01-23T13:26:06+00:00","breadcrumb":{"@id":"https:\/\/esteocomunicafp.com\/esteocomunica\/contacto\/#breadcrumb"},"inLanguage":"es","potentialAction":[{"@type":"ReadAction","target":["https:\/\/esteocomunicafp.com\/esteocomunica\/contacto\/"]}]},{"@type":"BreadcrumbList","@id":"https:\/\/esteocomunicafp.com\/esteocomunica\/contacto\/#breadcrumb","itemListElement":[{"@type":"ListItem","position":1,"name":"Portada","item":"https:\/\/esteocomunicafp.com\/esteocomunica\/"},{"@type":"ListItem","position":2,"name":"Contacto"}]},{"@type":"WebSite","@id":"https:\/\/esteocomunicafp.com\/esteocomunica\/#website","url":"https:\/\/esteocomunicafp.com\/esteocomunica\/","name":"Esteo Comunica 2022 - 2023","description":"Agencia simulada de comunicaci\u00f3n Esteo Comunica","potentialAction":[{"@type":"SearchAction","target":{"@type":"EntryPoint","urlTemplate":"https:\/\/esteocomunicafp.com\/esteocomunica\/?s={search_term_string}"},"query-input":{"@type":"PropertyValueSpecification","valueRequired":true,"valueName":"search_term_string"}}],"inLanguage":"es"}]}},"_links":{"self":[{"href":"https:\/\/esteocomunicafp.com\/esteocomunica\/wp-json\/wp\/v2\/pages\/230","targetHints":{"allow":["GET"]}}],"collection":[{"href":"https:\/\/esteocomunicafp.com\/esteocomunica\/wp-json\/wp\/v2\/pages"}],"about":[{"href":"https:\/\/esteocomunicafp.com\/esteocomunica\/wp-json\/wp\/v2\/types\/page"}],"author":[{"embeddable":true,"href":"https:\/\/esteocomunicafp.com\/esteocomunica\/wp-json\/wp\/v2\/users\/1"}],"replies":[{"embeddable":true,"href":"https:\/\/esteocomunicafp.com\/esteocomunica\/wp-json\/wp\/v2\/comments?post=230"}],"version-history":[{"count":4,"href":"https:\/\/esteocomunicafp.com\/esteocomunica\/wp-json\/wp\/v2\/pages\/230\/revisions"}],"predecessor-version":[{"id":252,"href":"https:\/\/esteocomunicafp.com\/esteocomunica\/wp-json\/wp\/v2\/pages\/230\/revisions\/252"}],"wp:attachment":[{"href":"https:\/\/esteocomunicafp.com\/esteocomunica\/wp-json\/wp\/v2\/media?parent=230"}],"curies":[{"name":"wp","href":"https:\/\/api.w.org\/{rel}","templated":true}]}}